{"id":100,"date":"2025-03-28T12:53:12","date_gmt":"2025-03-28T12:53:12","guid":{"rendered":"https:\/\/berlinerklavierfesttage.com\/?page_id=100"},"modified":"2025-04-21T22:06:47","modified_gmt":"2025-04-21T22:06:47","slug":"legacy-giving","status":"publish","type":"page","link":"https:\/\/berlinerklavierfesttage.com\/de\/legacy-giving","title":{"rendered":"Verm\u00e4chtnisgabe"},"content":{"rendered":"<p class=\"has-black-color has-text-color has-link-color wp-elements-e0c857fcf1a63aa5f4e0c4af59a48cb4\" style=\"font-size:38px\"><strong><em>Ihr Verm\u00e4chtnis f\u00fcr die Zukunft der klassischen Musik<\/em><\/strong><\/p>\n\n\n\n<p>Die Berliner Klavierfesttage begeistern und inspirieren K\u00fcnstler:innen und Musikliebhaber:innen weltweit. Mit einem Verm\u00e4chtnis tragen Sie dazu bei, diese kostbaren Sch\u00e4tze der klassischen Musik und Kultur langfristig zu bewahren \u2013 sie bilden das Fundament der Berliner Klavierfesttage. <\/p>\n\n\n\n<div style=\"height:11px\" aria-hidden=\"true\" class=\"wp-block-spacer\"><\/div>\n\n\n\n<div class=\"wp-block-uagb-separator uagb-block-ef8d4601\"><div class=\"wp-block-uagb-separator__inner\" style=\"--my-background-image:\"><\/div><\/div>\n\n\n\n<div style=\"height:54px\" aria-hidden=\"true\" class=\"wp-block-spacer\"><\/div>\n\n\n\n<p class=\"has-black-color has-text-color has-link-color wp-elements-84238f690734da8392682b9bea180d76\"><strong>Wie<\/strong> Ihr Verm\u00e4chtnis den Berliner Klavierfesttagen hilft:<\/p>\n\n\n\n<div style=\"height:13px\" aria-hidden=\"true\" class=\"wp-block-spacer\"><\/div>\n\n\n\n<p><em>F\u00f6rderung junger Talente<\/em>&nbsp;- durch die Unterst\u00fctzung und F\u00f6rderung von jungen K\u00fcnstlern im Rahmen des Festivals.<\/p>\n\n\n\n<p><em>Bewahrung der klassischen Bildung und Kultur&nbsp;<\/em>- eine der h\u00f6chsten Errungenschaften der menschlichen Zivilisation unterst\u00fctzen.<\/p>\n\n\n\n<p><em>Gew\u00e4hrleistung der h\u00f6chsten k\u00fcnstlerischen Qualit\u00e4t und Exzellenz<\/em>&nbsp;- mit erstklassigen Konzerten und innovativen Programmen.<\/p>\n\n\n\n<p><em>Die Zukunft der klassischen Musik gestalten<\/em>&nbsp;- durch Bildung und nachhaltige Kulturprojekte.<\/p>\n\n\n\n<div style=\"height:10px\" aria-hidden=\"true\" class=\"wp-block-spacer\"><\/div>\n\n\n\n<p>Ein Verm\u00e4chtnis kann dem Festival dort helfen, wo die Unterst\u00fctzung am dringendsten gebraucht wird, oder gezielt Projekten zugutekommen, die Ihnen besonders am Herzen liegen \u2013 etwa der k\u00fcnstlerischen Programmgestaltung, der F\u00f6rderung junger K\u00fcnstler:innen oder der kulturellen Bildung und Teilhabe.<\/p>\n\n\n\n<p>Wir wissen, dass ein Verm\u00e4chtnis oder eine testamentarische Zuwendung eine weitreichende und bedeutende Entscheidung ist. Gerne begleiten wir Sie dabei mit Sorgfalt, Aufmerksamkeit und in vertrauensvollen Gespr\u00e4chen.<\/p>\n\n\n\n<div style=\"height:12px\" aria-hidden=\"true\" class=\"wp-block-spacer\"><\/div>\n\n\n\n<div class=\"wp-block-uagb-separator uagb-block-322bd6fd\"><div class=\"wp-block-uagb-separator__inner\" style=\"--my-background-image:\"><\/div><\/div>\n\n\n\n<div style=\"height:44px\" aria-hidden=\"true\" class=\"wp-block-spacer\"><\/div>\n\n\n\n<p class=\"has-black-color has-text-color has-link-color has-normal-font-size wp-elements-bccee7a0f18e91c8956e451cd0fbbce5\"><strong>KONTAKT<\/strong><\/p>\n\n\n\n<p>Wenn Sie \u00fcber ein Verm\u00e4chtnis oder eine testamentarische Zuwendung sprechen m\u00f6chten, freuen wir uns \u00fcber eine E-Mail an management@berlinerklavierfesttage.com.<\/p>","protected":false},"excerpt":{"rendered":"<p>Your legacy for the future of classical music The Berliner Klavierfesttage have been inspiring and delighting artists and music lovers<\/p>\n<p><span class=\"more-link\"><a href=\"https:\/\/berlinerklavierfesttage.com\/de\/legacy-giving\" class=\"readmore\">Continue reading<span class=\"screen-reader-text\">Verm\u00e4chtnisgabe<\/span><\/a><\/span><\/p>","protected":false},"author":1,"featured_media":0,"parent":0,"menu_order":0,"comment_status":"closed","ping_status":"closed","template":"","meta":{"give_campaign_id":0,"_uag_custom_page_level_css":"","footnotes":""},"class_list":["post-100","page","type-page","status-publish","hentry"],"campaignId":"","uagb_featured_image_src":{"full":false,"thumbnail":false,"medium":false,"medium_large":false,"large":false,"1536x1536":false,"2048x2048":false,"trp-custom-language-flag":false,"depicter-thumbnail":false,"post-thumbnail":false,"scapeshot-single-post-page":false,"scapeshot-slider":false,"scapeshot-featured":false,"scapeshot-team":false,"scapeshot-logo-slider":false,"scapeshot-portfolio":false,"scapeshot-service":false},"uagb_author_info":{"display_name":"yreshef@gmail.com","author_link":"https:\/\/berlinerklavierfesttage.com\/de\/author\/yreshefgmail-com"},"uagb_comment_info":0,"uagb_excerpt":"Your legacy for the future of classical music The Berliner Klavierfesttage have been inspiring and delighting artists and music loversContinue readingLegacy Giving","_links":{"self":[{"href":"https:\/\/berlinerklavierfesttage.com\/de\/wp-json\/wp\/v2\/pages\/100","targetHints":{"allow":["GET"]}}],"collection":[{"href":"https:\/\/berlinerklavierfesttage.com\/de\/wp-json\/wp\/v2\/pages"}],"about":[{"href":"https:\/\/berlinerklavierfesttage.com\/de\/wp-json\/wp\/v2\/types\/page"}],"author":[{"embeddable":true,"href":"https:\/\/berlinerklavierfesttage.com\/de\/wp-json\/wp\/v2\/users\/1"}],"replies":[{"embeddable":true,"href":"https:\/\/berlinerklavierfesttage.com\/de\/wp-json\/wp\/v2\/comments?post=100"}],"version-history":[{"count":7,"href":"https:\/\/berlinerklavierfesttage.com\/de\/wp-json\/wp\/v2\/pages\/100\/revisions"}],"predecessor-version":[{"id":990,"href":"https:\/\/berlinerklavierfesttage.com\/de\/wp-json\/wp\/v2\/pages\/100\/revisions\/990"}],"wp:attachment":[{"href":"https:\/\/berlinerklavierfesttage.com\/de\/wp-json\/wp\/v2\/media?parent=100"}],"curies":[{"name":"wp","href":"https:\/\/api.w.org\/{rel}","templated":true}]}}