{"id":1088,"date":"2025-09-06T18:20:51","date_gmt":"2025-09-06T18:20:51","guid":{"rendered":"https:\/\/berlinerklavierfesttage.com\/?page_id=1088"},"modified":"2025-09-06T19:01:01","modified_gmt":"2025-09-06T19:01:01","slug":"festival-circle-2","status":"publish","type":"page","link":"https:\/\/berlinerklavierfesttage.com\/de\/festival-circle-2","title":{"rendered":"Festival Circle Backup"},"content":{"rendered":"<blockquote class=\"wp-block-quote is-style-default is-layout-flow wp-block-quote-is-layout-flow\">\n<p style=\"font-style:normal;font-weight:100\">Der Festspielkreis richtet sich besonders an Liebhaber der klassischen Musik, Kunst und Kultur, die ein Festival unterst\u00fctzen wollen, das sich genau auf die F\u00f6rderung dieser Bereiche konzentriert. Der Erhalt der K\u00fcnste, das Zelebrieren eben dieser und die F\u00f6rderung zuk\u00fcnftiger K\u00fcnstler ist die Mission der Berliner Klavierfesttage und wir freuen uns, diesen Weg gemeinsam mit Ihnen gehen zu k\u00f6nnen.<\/p>\n<cite>Yossi Reshef - K\u00fcnsterlischer Leiter<\/cite><\/blockquote>\n\n\n\n<div class=\"wp-block-uagb-separator uagb-block-378dc0ac\"><div class=\"wp-block-uagb-separator__inner\" style=\"--my-background-image:\"><\/div><\/div>\n\n\n\n<div class=\"wp-block-uagb-container uagb-block-wartivwr alignfull uagb-is-root-container\"><div class=\"uagb-container-inner-blocks-wrap\">\n<div class=\"wp-block-uagb-advanced-heading uagb-block-z3fd3jsw\"><h2 class=\"uagb-heading-text\">Freundeskreis: Werden Sie Unterst\u00fctzer, Freund, F\u00f6rderer oder M\u00e4zen!<\/h2><p class=\"uagb-desc-text\">Wenn Sie dem Festspielkreis der Berliner Klavierfesttage beitreten m\u00f6chten, bieten wir Ihnen verschiedene M\u00f6glichkeiten, uns zu unterst\u00fctzen. F\u00f6rderer, Freunde, Stifter, M\u00e4zene der Berliner Klavierfesttage genie\u00dfen viele Privilegien, die exklusiv ihnen vorbehalten sind. <\/p><\/div>\n\n\n<div class=\"wp-block-uagb-faq uagb-faq__outer-wrap uagb-block-stm2kawz uagb-faq-icon-row-reverse uagb-faq-layout-accordion uagb-faq-expand-first-true uagb-faq-inactive-other-false uagb-faq__wrap uagb-buttons-layout-wrap uagb-faq-equal-height\" data-faqtoggle=\"true\" role=\"tablist\"><div class=\"wp-block-uagb-faq-child uagb-faq-child__outer-wrap uagb-faq-item uagb-block-lrx5ksml\" role=\"tab\" tabindex=\"0\"><div class=\"uagb-faq-questions-button uagb-faq-questions\">\t\t\t<span class=\"uagb-icon uagb-faq-icon-wrap\">\n\t\t\t\t\t\t\t<\/span>\n\t\t\t\t\t\t<span class=\"uagb-icon-active uagb-faq-icon-wrap\">\n\t\t\t\t\t\t\t<\/span>\n\t\t\t<p class=\"uagb-question\">Unterst\u00fctzer <\/p><\/div><div class=\"uagb-faq-content\"><p>starts from an annual payment of 150,00 \u20acu003cbru003eu003cbru003ePrivileges: Receive early access to the festival materials online, right to pre-book the CDs and tickets for the Berliner Klavierfesttage and an exclusive VIP ticket to the gala concert in the Philharmonie.<\/p><\/div><\/div><div class=\"wp-block-uagb-faq-child uagb-faq-child__outer-wrap uagb-faq-item uagb-block-bjshvhla\" role=\"tab\" tabindex=\"0\"><div class=\"uagb-faq-questions-button uagb-faq-questions\">\t\t\t<span class=\"uagb-icon uagb-faq-icon-wrap\">\n\t\t\t\t\t\t\t<\/span>\n\t\t\t\t\t\t<span class=\"uagb-icon-active uagb-faq-icon-wrap\">\n\t\t\t\t\t\t\t<\/span>\n\t\t\t<p class=\"uagb-question\">Freund <\/p><\/div><div class=\"uagb-faq-content\"><p>starts from an annual payment of 1.000,00 \u20acu003cbru003eu003cbru003ePrivileges: VIP Tickets, a mention of your Name as a u0022Friendu0022 on the website and brochures of the festival, a signed CD of the festival&#8217;s Gala Concert, exclusive access to all festival events.u003cbru003e<\/p><\/div><\/div><div class=\"wp-block-uagb-faq-child uagb-faq-child__outer-wrap uagb-faq-item uagb-block-gaxlq5ik\" role=\"tab\" tabindex=\"0\"><div class=\"uagb-faq-questions-button uagb-faq-questions\">\t\t\t<span class=\"uagb-icon uagb-faq-icon-wrap\">\n\t\t\t\t\t\t\t<\/span>\n\t\t\t\t\t\t<span class=\"uagb-icon-active uagb-faq-icon-wrap\">\n\t\t\t\t\t\t\t<\/span>\n\t\t\t<p class=\"uagb-question\">F\u00f6rderer<\/p><\/div><div class=\"uagb-faq-content\"><p>starts from an annual payment of 2.500,00 \u20acu003cbru003eu003cbru003ePrivileges: VIP tickets for the concerts of the Berliner Klavierfesttage, a mention of your Name as a u0022Donoru0022 on the website and brochures of the festival, exclusive access to all festival events, group photos together with you and the participants of the Berliner Klavierfesttage, signed CDs of the festival&#8217;s Gala Concert, invitations to preliminary receptions and future events of the Berliner Klavierfesttage.u003cbru003e<\/p><\/div><\/div><div class=\"wp-block-uagb-faq-child uagb-faq-child__outer-wrap uagb-faq-item uagb-block-butrbi5q\" role=\"tab\" tabindex=\"0\"><div class=\"uagb-faq-questions-button uagb-faq-questions\">\t\t\t<span class=\"uagb-icon uagb-faq-icon-wrap\">\n\t\t\t\t\t\t\t<\/span>\n\t\t\t\t\t\t<span class=\"uagb-icon-active uagb-faq-icon-wrap\">\n\t\t\t\t\t\t\t<\/span>\n\t\t\t<p class=\"uagb-question\">M\u00e4zene <\/p><\/div><div class=\"uagb-faq-content\"><p>starts from an annual payment of 6.000,00 \u20acu003cbru003eu003cbru003ePrivileges: A participant&#8217;s scholarship will be awarded in your name, VIP tickets for the concerts of the Berliner Klavierfesttage, a mention of your Name as a u0022Patronu0022 on the website and brochures of the festival, exclusive access to all festival events, group photos together with you and the participants of the Berliner Klavierfesttage, signed CDs of the festival&#8217;s Gala Concert, invitations to preliminary receptions and future events of the Berliner Klavierfesttage, invitation to joint dinners with the artistic board of the Berliner Klaiverfesttage.<\/p><\/div><\/div><\/div>\n\n\n<div class=\"wp-block-uagb-advanced-heading uagb-block-8ls6dhp5\"><p class=\"uagb-heading-text\">Unternehmen &amp; Sponsorings<\/p><p class=\"uagb-desc-text\">Wir bieten verschiedene Arten von Patenschaften f\u00fcr Unternehmen an, die mit allerlei Privilegien und Vorteilen verbunden sind. Es gibt viele M\u00f6glichkeiten, wie wir eine Zusammenarbeit mit Ihrem Unternehmen gestalten k\u00f6nnten und es bei den Berliner Klavierfesttagen pr\u00e4sentieren k\u00f6nnen. <a href=\"https:\/\/berlinerklavierfesttage.com\/de\/sponsoring\/\">klicken Sie hier<\/a><\/p><\/div>\n<\/div><\/div>\n\n\n\n<div class=\"wp-block-uagb-separator uagb-block-8058fdb1\"><div class=\"wp-block-uagb-separator__inner\" style=\"--my-background-image:\"><\/div><\/div>\n\n\n\n<div class=\"wp-block-uagb-container uagb-block-83c05cf7 alignfull uagb-is-root-container\"><div class=\"uagb-container-inner-blocks-wrap\">\n<div class=\"wp-block-uagb-advanced-heading uagb-block-7fb9cc8f\"><h2 class=\"uagb-heading-text\">Festspielkreis: Specials<\/h2><p class=\"uagb-desc-text\">Jedes Special beinhaltet exklusiven Zugang zu allen Festivalveranstaltungen und VIP-Karten f\u00fcr die Konzerte der Berliner Klavierfesttage.<\/p><\/div>\n\n\n<div class=\"wp-block-uagb-faq uagb-faq__outer-wrap uagb-block-d79ce5c6 uagb-faq-icon-row-reverse uagb-faq-layout-accordion uagb-faq-expand-first-true uagb-faq-inactive-other-false uagb-faq__wrap uagb-buttons-layout-wrap uagb-faq-equal-height\" data-faqtoggle=\"true\" role=\"tablist\"><div class=\"wp-block-uagb-faq-child uagb-faq-child__outer-wrap uagb-faq-item uagb-block-eb0b0823\" role=\"tab\" tabindex=\"0\"><div class=\"uagb-faq-questions-button uagb-faq-questions\">\t\t\t<span class=\"uagb-icon uagb-faq-icon-wrap\">\n\t\t\t\t\t\t\t<\/span>\n\t\t\t\t\t\t<span class=\"uagb-icon-active uagb-faq-icon-wrap\">\n\t\t\t\t\t\t\t<\/span>\n\t\t\t<p class=\"uagb-question\">Ein St\u00fcck in Ihren Ehren<\/p><\/div><div class=\"uagb-faq-content\"><p>Einmahlzahlung von 3.500,00 \u20ac - W\u00e4hlen Sie ein St\u00fcck aus dem Gala Konzert, das Ihnen, einem Freund, einem Familienmitglied oder einem anderen geliebten Menschen gewidmet sein soll. Die Widmung wird im Programm des Gala Konzertes gedruckt..<\/p><\/div><\/div><div class=\"wp-block-uagb-faq-child uagb-faq-child__outer-wrap uagb-faq-item uagb-block-253dffca\" role=\"tab\" tabindex=\"0\"><div class=\"uagb-faq-questions-button uagb-faq-questions\">\t\t\t<span class=\"uagb-icon uagb-faq-icon-wrap\">\n\t\t\t\t\t\t\t<\/span>\n\t\t\t\t\t\t<span class=\"uagb-icon-active uagb-faq-icon-wrap\">\n\t\t\t\t\t\t\t<\/span>\n\t\t\t<p class=\"uagb-question\">Stiften Sie ein Stipendium<\/p><\/div><div class=\"uagb-faq-content\"><p>One-time contribution of 5.000,00 \u20ac &#8211; Fund a scholarship for a participant. Your name will be mentioned on the scholarship certificate, and you will be kept informed of the recipient&#8217;s progress.u003cbru003e<\/p><\/div><\/div><div class=\"wp-block-uagb-faq-child uagb-faq-child__outer-wrap uagb-faq-item uagb-block-7de198e0\" role=\"tab\" tabindex=\"0\"><div class=\"uagb-faq-questions-button uagb-faq-questions\">\t\t\t<span class=\"uagb-icon uagb-faq-icon-wrap\">\n\t\t\t\t\t\t\t<\/span>\n\t\t\t\t\t\t<span class=\"uagb-icon-active uagb-faq-icon-wrap\">\n\t\t\t\t\t\t\t<\/span>\n\t\t\t<p class=\"uagb-question\">CD-Patron<\/p><\/div><div class=\"uagb-faq-content\"><p>One-time contribution of 12.000,00 \u20ac &#8211; Become the official CD Patron of the Berliner Klavierfesttage. \u00a0\u200bu003cbru003eMentions in the acknowledgments as the CD sponsor on\u00a0all\u00a0CDs, covers, booklets, advertisement etc.\u200bu003cbru003e<\/p><\/div><\/div><div class=\"wp-block-uagb-faq-child uagb-faq-child__outer-wrap uagb-faq-item uagb-block-d56dafff\" role=\"tab\" tabindex=\"0\"><div class=\"uagb-faq-questions-button uagb-faq-questions\">\t\t\t<span class=\"uagb-icon uagb-faq-icon-wrap\">\n\t\t\t\t\t\t\t<\/span>\n\t\t\t\t\t\t<span class=\"uagb-icon-active uagb-faq-icon-wrap\">\n\t\t\t\t\t\t\t<\/span>\n\t\t\t<p class=\"uagb-question\">Konzert Sponsor<\/p><\/div><div class=\"uagb-faq-content\"><p>Support one of our concert evenings and be acknowledged as the evening\u2019s sponsor in all related publications. You are welcome to host a reception before and after the concert for your guests and engage with the festival in a meaningful, personal setting.u003cbru003e<\/p><\/div><\/div><div class=\"wp-block-uagb-faq-child uagb-faq-child__outer-wrap uagb-faq-item uagb-block-d35945e7\" role=\"tab\" tabindex=\"0\"><div class=\"uagb-faq-questions-button uagb-faq-questions\">\t\t\t<span class=\"uagb-icon uagb-faq-icon-wrap\">\n\t\t\t\t\t\t\t<\/span>\n\t\t\t\t\t\t<span class=\"uagb-icon-active uagb-faq-icon-wrap\">\n\t\t\t\t\t\t\t<\/span>\n\t\t\t<p class=\"uagb-question\">Hauptsponsor<\/p><\/div><div class=\"uagb-faq-content\"><p>From a donation of 50.000,00 \u20ac it is\u00a0possible to become the Main sponsor of the Berliner Klavierfesttage. As the Chief Patron,\u00a0we will name the Berliner Klavierfesttage\u00a0after you, your company, or a loved one.\u200b Please contact aus for more information.u003cbru003e\u200bu003cbru003eu003cemu003eBerliner Klavierfesttage sponsored\u00a0by &#8230; \/ in Memory ou003c\/emu003ef&#8230;\u00a0\u200bu003cbru003e\u200b<\/p><\/div><\/div><\/div>\n\n\n<div class=\"wp-block-uagb-advanced-heading uagb-block-03cef96f\"><p class=\"uagb-heading-text\">N\u00e4chste Schritte<\/p><p class=\"uagb-desc-text\">Wenn Sie sich entschieden haben, welche Unterst\u00fctzungsoption Sie am meisten anspricht, k\u00f6nnen Sie das Online-Formular verwenden, um sich f\u00fcr den \u201eFestspielkreis\u201c anzumelden <a href=\"https:\/\/berlinerklavierfesttage.com\/de\/registration-for-the-festival-circle\/\">klicken Sie hier<\/a>. Wir werden uns dann so schnell wie m\u00f6glich mit Ihnen in Verbindung setzen und Sie auf den neuesten Stand bringen. Wenn Sie sich bez\u00fcglich Ihrer Spende unsicher sind, sich f\u00fcr eine Patenschaft interessieren oder einfach nur eine offene Frage haben, w\u00fcrden wir uns freuen, wenn Sie sich per E-Mail, Telefon oder \u00fcber das Kontaktformular an uns wenden.<\/p><\/div>\n\n\n\n<div class=\"wp-block-uagb-buttons uagb-buttons__outer-wrap uagb-btn__default-btn uagb-btn-tablet__default-btn uagb-btn-mobile__default-btn uagb-block-445e3a33\"><div class=\"uagb-buttons__wrap uagb-buttons-layout-wrap\">\n<div class=\"wp-block-uagb-buttons-child uagb-buttons__outer-wrap uagb-block-3eabdbb9 wp-block-button\"><div class=\"uagb-button__wrapper\"><a class=\"uagb-buttons-repeater ast-outline-button\" aria-label=\"\" style=\"border-width:revert-layer\" href=\"https:\/\/berlinerklavierfesttage.com\/de\/contact\/\" rel=\"follow noopener\" target=\"_self\" role=\"button\"><div class=\"uagb-button__link\">Kontakt<\/div><\/a><\/div><\/div>\n<\/div><\/div>\n\n\n\n<div style=\"height:23px\" aria-hidden=\"true\" class=\"wp-block-spacer\"><\/div>\n<\/div><\/div>\n\n\n\n<div class=\"wp-block-uagb-container uagb-block-vjp8kooe alignfull uagb-is-root-container\"><div class=\"uagb-container-inner-blocks-wrap\">\n<div class=\"wp-block-uagb-info-box uagb-block-6ojwrvre uagb-infobox__content-wrap  uagb-infobox-icon-above-title uagb-infobox-image-valign-top\"><div class=\"uagb-ifb-content\"><div class=\"uagb-ifb-title-wrap\"><p class=\"uagb-ifb-title-prefix\">WERDEN SIE EIN TEIL DER BERLINER KLAVIERFESTTAGE<\/p><h1 class=\"uagb-ifb-title\">Treten Sie dem Festspielkreis bei!<\/h1><\/div><p class=\"uagb-ifb-desc\">Um sich f\u00fcr den Festspielkreis anzumelden, klicken Sie bitte auf den Button unten und nutzen Sie das Online-Formular. Sollten Sie Fragen haben, stehen wir Ihnen gerne zur Verf\u00fcgung.<\/p><\/div><\/div>\n\n\n\n<div class=\"wp-block-uagb-buttons uagb-buttons__outer-wrap uagb-btn__default-btn uagb-btn-tablet__default-btn uagb-btn-mobile__default-btn uagb-block-7702238f\"><div class=\"uagb-buttons__wrap uagb-buttons-layout-wrap\">\n<div class=\"wp-block-uagb-buttons-child uagb-buttons__outer-wrap uagb-block-f673dd0a wp-block-button\"><div class=\"uagb-button__wrapper\"><a class=\"uagb-buttons-repeater wp-block-button__link\" aria-label=\"\" href=\"https:\/\/berlinerklavierfesttage.com\/de\/registration-for-the-festival-circle\/\" rel=\"follow noopener\" target=\"_self\" role=\"button\"><div class=\"uagb-button__link\">Jetzt Anmelden!<\/div><\/a><\/div><\/div>\n<\/div><\/div>\n<\/div><\/div>\n\n\n\n<div style=\"height:36px\" aria-hidden=\"true\" class=\"wp-block-spacer\"><\/div>\n\n\n\n<div class=\"wp-block-uagb-container uagb-block-ttk0f5rs alignfull uagb-is-root-container\"><div class=\"uagb-container-inner-blocks-wrap\">\n<div class=\"wp-block-uagb-info-box uagb-block-syloyvqv uagb-infobox__content-wrap  uagb-infobox-icon-above-title uagb-infobox-image-valign-top\"><div class=\"uagb-ifb-content\"><div class=\"uagb-ifb-title-wrap\"><p class=\"uagb-ifb-title-prefix\">WEITERE INFORMATIONEN<\/p><h2 class=\"uagb-ifb-title\">Informationen und Kontakt<\/h2><\/div><\/div><\/div>\n\n\n\n<div class=\"wp-block-uagb-container uagb-block-jmoqhsi5\">\n<div class=\"wp-block-uagb-container uagb-block-llz5z32b\">\n<div class=\"wp-block-uagb-container uagb-block-c2cltms0\">\n<div class=\"wp-block-uagb-advanced-heading uagb-block-u0vg50x1\"><h3 class=\"uagb-heading-text\">Wer erh\u00e4lt meine Spende?<\/h3><\/div>\n<\/div>\n\n\n\n<div class=\"wp-block-uagb-container uagb-block-xb3ohsom\">\n<div class=\"wp-block-uagb-advanced-heading uagb-block-yppjgea8\"><p class=\"uagb-heading-text\">Ihre Spende geht an den Berlin International Piano Masterclass e.V. Dies ist ein gemeinn\u00fctziger Verein, der ausschlie\u00dflich die Organisation und Durchf\u00fchrung der Berliner Klavierfesttage zum Ziel hat. Mehr Informationen \u00fcber den Verein: <a href=\"https:\/\/berlinerklavierfesttage.com\/de\/berlin-international-piano-masterclass-e-v\/\">klicken Sie hier<\/a><\/p><\/div>\n<\/div>\n<\/div>\n\n\n\n<div class=\"wp-block-uagb-container uagb-block-y186dgmv\">\n<div class=\"wp-block-uagb-container uagb-block-fnprc0hl\">\n<div class=\"wp-block-uagb-advanced-heading uagb-block-5b1afmtq\"><h3 class=\"uagb-heading-text\">K\u00f6nnen Spendenbescheinigungen ausgestellt werden?<\/h3><\/div>\n<\/div>\n\n\n\n<div class=\"wp-block-uagb-container uagb-block-mz9l5fdc\">\n<div class=\"wp-block-uagb-advanced-heading uagb-block-tpkoniow\"><p class=\"uagb-heading-text\">Ja, wir sind eine gemeinn\u00fctzige Organisation und k\u00f6nnen f\u00fcr Spenden (dazu z\u00e4hlen auch die Beitr\u00e4ge des Freundeskreises) eine Spendenbescheinigung ausstellen. Bitte kontaktieren Sie uns, wenn Sie eine Spendenbescheinigung ben\u00f6tigen. <\/p><\/div>\n<\/div>\n<\/div>\n\n\n\n<div class=\"wp-block-uagb-container uagb-block-9e473734\">\n<div class=\"wp-block-uagb-container uagb-block-956b30c6\">\n<div class=\"wp-block-uagb-advanced-heading uagb-block-2b517e3d\"><h3 class=\"uagb-heading-text\">Ich habe unbeantwortete Fragen <\/h3><\/div>\n<\/div>\n\n\n\n<div class=\"wp-block-uagb-container uagb-block-5c98e96b\">\n<div class=\"wp-block-uagb-advanced-heading uagb-block-dc60b6cc\"><p class=\"uagb-heading-text\">Wenn Ihnen unklar ist, wie Sie Mitglied des Festspielkreises werden k\u00f6nnen oder weitere Fragen zu Spendenbescheinigungen oder anderem haben, k\u00f6nnen Sie sich gerne an uns wenden. Wir nehmen uns gerne Zeit f\u00fcr Sie, um Ihre Fragen zu beantworten<\/p><\/div>\n<\/div>\n<\/div>\n\n\n\n<div class=\"wp-block-uagb-container uagb-block-97e4554f\">\n<div class=\"wp-block-uagb-container uagb-block-5961b274\">\n<div class=\"wp-block-uagb-advanced-heading uagb-block-82f4e22d\"><h3 class=\"uagb-heading-text\">Zahlung und mehr<\/h3><\/div>\n<\/div>\n\n\n\n<div class=\"wp-block-uagb-container uagb-block-c45da425\">\n<div class=\"wp-block-uagb-advanced-heading uagb-block-a32b4b06\"><p class=\"uagb-heading-text\">Nach Ihrer Anmeldung, die Sie hier ausf\u00fcllen k\u00f6nnen (<a href=\"https:\/\/berlinerklavierfesttage.com\/de\/registration-for-the-festival-circle\/\" data-type=\"page\" data-id=\"743\">klicken Sie hier<\/a>) werden wir uns umgehend mit Ihnen in Verbindung setzen und Sie \u00fcber alles Weitere informieren, einschlie\u00dflich unserer Zahlungsmodalit\u00e4ten und Ihrer Mitgliedschaftsvorteile.<\/p><\/div>\n<\/div>\n<\/div>\n\n\n\n<div class=\"wp-block-uagb-container uagb-block-74b1b6a4\">\n<div class=\"wp-block-uagb-container uagb-block-ce2fc1f3\">\n<div class=\"wp-block-uagb-advanced-heading uagb-block-94648929\"><h3 class=\"uagb-heading-text\">Kontakt<\/h3><\/div>\n<\/div>\n\n\n\n<div class=\"wp-block-uagb-container uagb-block-b1613a24\">\n<div class=\"wp-block-uagb-container uagb-block-527b4b55\">\n<div class=\"wp-block-uagb-info-box uagb-block-f329a903 uagb-infobox__content-wrap  uagb-infobox-icon-left-title uagb-infobox-left uagb-infobox-image-valign-top\"><div class=\"uagb-ifb-content\"><div class=\"uagb-ifb-left-title-image\"><div class=\"uagb-ifb-icon-wrap\"><svg xmlns=\"https:\/\/www.w3.org\/2000\/svg\" viewbox=\"0 0 512 512\"><path d=\"M511.2 387l-23.25 100.8c-3.266 14.25-15.79 24.22-30.46 24.22C205.2 512 0 306.8 0 54.5c0-14.66 9.969-27.2 24.22-30.45l100.8-23.25C139.7-2.602 154.7 5.018 160.8 18.92l46.52 108.5c5.438 12.78 1.77 27.67-8.98 36.45L144.5 207.1c33.98 69.22 90.26 125.5 159.5 159.5l44.08-53.8c8.688-10.78 23.69-14.51 36.47-8.975l108.5 46.51C506.1 357.2 514.6 372.4 511.2 387z\"><\/path><\/svg><\/div><div class=\"uagb-ifb-title-wrap\"><\/div><\/div><p class=\"uagb-ifb-desc\">Englisch: +49 172 8807064<br>Deutsch: +49 176 85611900<\/p><\/div><\/div>\n\n\n\n<div class=\"wp-block-uagb-info-box uagb-block-ecc1d586 uagb-infobox__content-wrap  uagb-infobox-icon-left-title uagb-infobox-left uagb-infobox-image-valign-top\"><div class=\"uagb-ifb-content\"><div class=\"uagb-ifb-left-title-image\"><div class=\"uagb-ifb-icon-wrap\"><svg xmlns=\"https:\/\/www.w3.org\/2000\/svg\" viewbox=\"0 0 512 512\"><path d=\"M464 64C490.5 64 512 85.49 512 112C512 127.1 504.9 141.3 492.8 150.4L275.2 313.6C263.8 322.1 248.2 322.1 236.8 313.6L19.2 150.4C7.113 141.3 0 127.1 0 112C0 85.49 21.49 64 48 64H464zM217.6 339.2C240.4 356.3 271.6 356.3 294.4 339.2L512 176V384C512 419.3 483.3 448 448 448H64C28.65 448 0 419.3 0 384V176L217.6 339.2z\"><\/path><\/svg><\/div><div class=\"uagb-ifb-title-wrap\"><\/div><\/div><p class=\"uagb-ifb-desc\">management@berlinerklavierfesttage.com<\/p><div class=\"uagb-ifb-separator\"><\/div><\/div><\/div>\n<\/div>\n<\/div>\n<\/div>\n<\/div>\n<\/div><\/div>\n\n\n\n<div class=\"wp-block-uagb-container uagb-block-mffvk3ie alignfull uagb-is-root-container\"><div class=\"uagb-container-inner-blocks-wrap\">\n<div class=\"wp-block-uagb-info-box uagb-block-rzpughri uagb-infobox__content-wrap  uagb-infobox-icon-above-title uagb-infobox-image-valign-top\"><div class=\"uagb-ifb-content\"><div class=\"uagb-ifb-title-wrap\"><p class=\"uagb-ifb-title-prefix\">MITGLIEDER DES FESTSPIELKREISES<\/p><h2 class=\"uagb-ifb-title\">Danksagungen<\/h2><\/div><\/div><\/div>\n\n\n\n<div style=\"height:27px\" aria-hidden=\"true\" class=\"wp-block-spacer\"><\/div>\n\n\n\n<div class=\"wp-block-uagb-buttons uagb-buttons__outer-wrap uagb-btn__default-btn uagb-btn-tablet__default-btn uagb-btn-mobile__default-btn uagb-block-e5d93c37\"><div class=\"uagb-buttons__wrap uagb-buttons-layout-wrap\">\n<div class=\"wp-block-uagb-buttons-child uagb-buttons__outer-wrap uagb-block-91c6769d wp-block-button\"><div class=\"uagb-button__wrapper\"><a class=\"uagb-buttons-repeater wp-block-button__link\" aria-label=\"\" href=\"https:\/\/berlinerklavierfesttage.com\/de\/acknowledgements\/\" rel=\"follow noopener\" target=\"_self\" role=\"button\"><div class=\"uagb-button__link\">Unsere Unterst\u00fctzer<\/div><\/a><\/div><\/div>\n<\/div><\/div>\n<\/div><\/div>\n\n\n\n<div style=\"height:66px\" aria-hidden=\"true\" class=\"wp-block-spacer\"><\/div>","protected":false},"excerpt":{"rendered":"<p>The Festival Circle is primarily aimed at lovers of classical music, art and culture who want to support a festival<\/p>\n<p><span class=\"more-link\"><a href=\"https:\/\/berlinerklavierfesttage.com\/de\/festival-circle-2\" class=\"readmore\">Continue reading<span class=\"screen-reader-text\">Festival Circle Backup<\/span><\/a><\/span><\/p>","protected":false},"author":1,"featured_media":0,"parent":0,"menu_order":0,"comment_status":"closed","ping_status":"closed","template":"","meta":{"give_campaign_id":0,"_uag_custom_page_level_css":"","footnotes":""},"class_list":["post-1088","page","type-page","status-publish","hentry"],"campaignId":"","uagb_featured_image_src":{"full":false,"thumbnail":false,"medium":false,"medium_large":false,"large":false,"1536x1536":false,"2048x2048":false,"trp-custom-language-flag":false,"depicter-thumbnail":false,"post-thumbnail":false,"scapeshot-single-post-page":false,"scapeshot-slider":false,"scapeshot-featured":false,"scapeshot-team":false,"scapeshot-logo-slider":false,"scapeshot-portfolio":false,"scapeshot-service":false},"uagb_author_info":{"display_name":"yreshef@gmail.com","author_link":"https:\/\/berlinerklavierfesttage.com\/de\/author\/yreshefgmail-com"},"uagb_comment_info":0,"uagb_excerpt":"The Festival Circle is primarily aimed at lovers of classical music, art and culture who want to support a festivalContinue readingFestival Circle Backup","_links":{"self":[{"href":"https:\/\/berlinerklavierfesttage.com\/de\/wp-json\/wp\/v2\/pages\/1088","targetHints":{"allow":["GET"]}}],"collection":[{"href":"https:\/\/berlinerklavierfesttage.com\/de\/wp-json\/wp\/v2\/pages"}],"about":[{"href":"https:\/\/berlinerklavierfesttage.com\/de\/wp-json\/wp\/v2\/types\/page"}],"author":[{"embeddable":true,"href":"https:\/\/berlinerklavierfesttage.com\/de\/wp-json\/wp\/v2\/users\/1"}],"replies":[{"embeddable":true,"href":"https:\/\/berlinerklavierfesttage.com\/de\/wp-json\/wp\/v2\/comments?post=1088"}],"version-history":[{"count":3,"href":"https:\/\/berlinerklavierfesttage.com\/de\/wp-json\/wp\/v2\/pages\/1088\/revisions"}],"predecessor-version":[{"id":1115,"href":"https:\/\/berlinerklavierfesttage.com\/de\/wp-json\/wp\/v2\/pages\/1088\/revisions\/1115"}],"wp:attachment":[{"href":"https:\/\/berlinerklavierfesttage.com\/de\/wp-json\/wp\/v2\/media?parent=1088"}],"curies":[{"name":"wp","href":"https:\/\/api.w.org\/{rel}","templated":true}]}}