{"id":1108,"date":"2025-09-06T18:52:09","date_gmt":"2025-09-06T18:52:09","guid":{"rendered":"https:\/\/berlinerklavierfesttage.com\/?page_id=1108"},"modified":"2026-02-14T12:03:15","modified_gmt":"2026-02-14T12:03:15","slug":"donate","status":"publish","type":"page","link":"https:\/\/berlinerklavierfesttage.com\/de\/donate","title":{"rendered":"Spenden"},"content":{"rendered":"<p class=\"translation-block\">Wenn Sie die Berliner Klavierfesttage unterst\u00fctzen m\u00f6chten, k\u00f6nnen Sie dies durch eine Spende auf das unten angegebene IBAN-Konto tun. Diese Spenden sind Einmalzahlungen. Wenn Sie die Berliner Klavierfesttage auf l\u00e4ngerfristige Weise unterst\u00fctzen m\u00f6chten, laden wir Sie ein, Mitglied des Freundeskreises der Festtage zu werden. <a href=\"https:\/\/berlinerklavierfesttage.com\/de\/festival-circle\" target=\"_self\">Klicken Sie hier<\/a>, um mehr zu erfahren. Sollten Sie Fragen zum Spendenprozess haben oder eine Spendenbescheinigung ben\u00f6tigen, z\u00f6gern Sie bitte nicht, uns zu kontaktieren.<\/p>\n\n\n\n<div style=\"height:33px\" aria-hidden=\"true\" class=\"wp-block-spacer\"><\/div>\n\n\n\n<div class=\"wp-block-uagb-info-box uagb-block-6eeeb5ee uagb-infobox__content-wrap  uagb-infobox-icon-above-title uagb-infobox-image-valign-top\"><div class=\"uagb-ifb-content\"><div class=\"uagb-ifb-title-wrap\"><\/div><p class=\"uagb-ifb-desc\"><strong>Name:<\/strong>&nbsp;Berlin International Piano Masterclass e.V.<br><strong>IBAN:<\/strong> DE39 1005 0000 0191 5451 55<br><strong>BIC\/SWIFT:<\/strong> BELADEBEXXX<br>Berliner Sparkasse, Alexanderplatz 2, 10178, Berlin<br><\/p><\/div><\/div>\n\n\n\n<div class=\"wp-block-uagb-container uagb-block-ttk0f5rs alignfull uagb-is-root-container\"><div class=\"uagb-container-inner-blocks-wrap\">\n<div class=\"wp-block-uagb-info-box uagb-block-syloyvqv uagb-infobox__content-wrap  uagb-infobox-icon-above-title uagb-infobox-image-valign-top\"><div class=\"uagb-ifb-content\"><div class=\"uagb-ifb-title-wrap\"><p class=\"uagb-ifb-title-prefix\">WEITERE INFORMATIONEN<\/p><h2 class=\"uagb-ifb-title\">Informationen und Kontakt<\/h2><\/div><\/div><\/div>\n\n\n\n<div class=\"wp-block-uagb-container uagb-block-jmoqhsi5\">\n<div class=\"wp-block-uagb-container uagb-block-llz5z32b\">\n<div class=\"wp-block-uagb-container uagb-block-c2cltms0\">\n<div class=\"wp-block-uagb-advanced-heading uagb-block-u0vg50x1\"><h3 class=\"uagb-heading-text\">Wer erh\u00e4lt meine Spende?<\/h3><\/div>\n<\/div>\n\n\n\n<div class=\"wp-block-uagb-container uagb-block-xb3ohsom\">\n<div class=\"wp-block-uagb-advanced-heading uagb-block-yppjgea8\"><p class=\"uagb-heading-text\">Ihre Spende geht an den Berlin International Piano Masterclass e.V. Dies ist ein gemeinn\u00fctziger Verein, der ausschlie\u00dflich die Organisation und Durchf\u00fchrung der Berliner Klavierfesttage zum Ziel hat. Mehr Informationen \u00fcber den Verein: <a href=\"https:\/\/berlinerklavierfesttage.com\/de\/berlin-international-piano-masterclass-e-v\/\">klicken Sie hier<\/a><\/p><\/div>\n<\/div>\n<\/div>\n\n\n\n<div class=\"wp-block-uagb-container uagb-block-y186dgmv\">\n<div class=\"wp-block-uagb-container uagb-block-fnprc0hl\">\n<div class=\"wp-block-uagb-advanced-heading uagb-block-5b1afmtq\"><h3 class=\"uagb-heading-text\">K\u00f6nnen Spendenbescheinigungen ausgestellt werden?<\/h3><\/div>\n<\/div>\n\n\n\n<div class=\"wp-block-uagb-container uagb-block-mz9l5fdc\">\n<div class=\"wp-block-uagb-advanced-heading uagb-block-tpkoniow\"><p class=\"uagb-heading-text\">Ja, wir sind eine gemeinn\u00fctzige Organisation und k\u00f6nnen f\u00fcr Spenden (dazu z\u00e4hlen auch die Beitr\u00e4ge des Freundeskreises) eine Spendenbescheinigung ausstellen. Bitte kontaktieren Sie uns, wenn Sie eine Spendenbescheinigung ben\u00f6tigen. <\/p><\/div>\n<\/div>\n<\/div>\n\n\n\n<div class=\"wp-block-uagb-container uagb-block-9e473734\">\n<div class=\"wp-block-uagb-container uagb-block-956b30c6\">\n<div class=\"wp-block-uagb-advanced-heading uagb-block-2b517e3d\"><h3 class=\"uagb-heading-text\">Ich habe unbeantwortete Fragen <\/h3><\/div>\n<\/div>\n\n\n\n<div class=\"wp-block-uagb-container uagb-block-5c98e96b\">\n<div class=\"wp-block-uagb-advanced-heading uagb-block-dc60b6cc\"><p class=\"uagb-heading-text\">Wenn Ihnen unklar ist, wie Sie Mitglied des Festspielkreises werden k\u00f6nnen oder weitere Fragen zu Spendenbescheinigungen oder anderem haben, k\u00f6nnen Sie sich gerne an uns wenden. Wir nehmen uns gerne Zeit f\u00fcr Sie, um Ihre Fragen zu beantworten<\/p><\/div>\n<\/div>\n<\/div>\n\n\n\n<div class=\"wp-block-uagb-container uagb-block-74b1b6a4\">\n<div class=\"wp-block-uagb-container uagb-block-ce2fc1f3\">\n<div class=\"wp-block-uagb-advanced-heading uagb-block-94648929\"><h3 class=\"uagb-heading-text\">Kontakt<\/h3><\/div>\n<\/div>\n\n\n\n<div class=\"wp-block-uagb-container uagb-block-b1613a24\">\n<div class=\"wp-block-uagb-container uagb-block-527b4b55\">\n<div class=\"wp-block-uagb-info-box uagb-block-f329a903 uagb-infobox__content-wrap  uagb-infobox-icon-left-title uagb-infobox-left uagb-infobox-image-valign-top\"><div class=\"uagb-ifb-content\"><div class=\"uagb-ifb-left-title-image\"><div class=\"uagb-ifb-icon-wrap\"><svg xmlns=\"https:\/\/www.w3.org\/2000\/svg\" viewbox=\"0 0 512 512\"><path d=\"M511.2 387l-23.25 100.8c-3.266 14.25-15.79 24.22-30.46 24.22C205.2 512 0 306.8 0 54.5c0-14.66 9.969-27.2 24.22-30.45l100.8-23.25C139.7-2.602 154.7 5.018 160.8 18.92l46.52 108.5c5.438 12.78 1.77 27.67-8.98 36.45L144.5 207.1c33.98 69.22 90.26 125.5 159.5 159.5l44.08-53.8c8.688-10.78 23.69-14.51 36.47-8.975l108.5 46.51C506.1 357.2 514.6 372.4 511.2 387z\"><\/path><\/svg><\/div><div class=\"uagb-ifb-title-wrap\"><\/div><\/div><p class=\"uagb-ifb-desc\">Englisch: +49 172 8807064<br>Deutsch: +49 176 85611900<\/p><\/div><\/div>\n\n\n\n<div class=\"wp-block-uagb-info-box uagb-block-ecc1d586 uagb-infobox__content-wrap  uagb-infobox-icon-left-title uagb-infobox-left uagb-infobox-image-valign-top\"><div class=\"uagb-ifb-content\"><div class=\"uagb-ifb-left-title-image\"><div class=\"uagb-ifb-icon-wrap\"><svg xmlns=\"https:\/\/www.w3.org\/2000\/svg\" viewbox=\"0 0 512 512\"><path d=\"M464 64C490.5 64 512 85.49 512 112C512 127.1 504.9 141.3 492.8 150.4L275.2 313.6C263.8 322.1 248.2 322.1 236.8 313.6L19.2 150.4C7.113 141.3 0 127.1 0 112C0 85.49 21.49 64 48 64H464zM217.6 339.2C240.4 356.3 271.6 356.3 294.4 339.2L512 176V384C512 419.3 483.3 448 448 448H64C28.65 448 0 419.3 0 384V176L217.6 339.2z\"><\/path><\/svg><\/div><div class=\"uagb-ifb-title-wrap\"><\/div><\/div><p class=\"uagb-ifb-desc\">management@berlinerklavierfesttage.com<\/p><div class=\"uagb-ifb-separator\"><\/div><\/div><\/div>\n<\/div>\n<\/div>\n<\/div>\n<\/div>\n<\/div><\/div>\n\n\n\n<div style=\"height:21px\" aria-hidden=\"true\" class=\"wp-block-spacer\"><\/div>\n\n\n\n<div style=\"height:30px\" aria-hidden=\"true\" class=\"wp-block-spacer\"><\/div>","protected":false},"excerpt":{"rendered":"<p>If you would like to support the Berliner Klavierfesttage, you can do so by making a donation using the IBAN<\/p>\n<p><span class=\"more-link\"><a href=\"https:\/\/berlinerklavierfesttage.com\/de\/donate\" class=\"readmore\">Continue reading<span class=\"screen-reader-text\">Spenden<\/span><\/a><\/span><\/p>","protected":false},"author":1,"featured_media":0,"parent":0,"menu_order":0,"comment_status":"closed","ping_status":"closed","template":"","meta":{"give_campaign_id":0,"_uag_custom_page_level_css":"","footnotes":""},"class_list":["post-1108","page","type-page","status-publish","hentry"],"campaignId":"","uagb_featured_image_src":{"full":false,"thumbnail":false,"medium":false,"medium_large":false,"large":false,"1536x1536":false,"2048x2048":false,"trp-custom-language-flag":false,"depicter-thumbnail":false,"post-thumbnail":false,"scapeshot-single-post-page":false,"scapeshot-slider":false,"scapeshot-featured":false,"scapeshot-team":false,"scapeshot-logo-slider":false,"scapeshot-portfolio":false,"scapeshot-service":false},"uagb_author_info":{"display_name":"yreshef@gmail.com","author_link":"https:\/\/berlinerklavierfesttage.com\/de\/author\/yreshefgmail-com"},"uagb_comment_info":0,"uagb_excerpt":"If you would like to support the Berliner Klavierfesttage, you can do so by making a donation using the IBANContinue readingDonations","_links":{"self":[{"href":"https:\/\/berlinerklavierfesttage.com\/de\/wp-json\/wp\/v2\/pages\/1108","targetHints":{"allow":["GET"]}}],"collection":[{"href":"https:\/\/berlinerklavierfesttage.com\/de\/wp-json\/wp\/v2\/pages"}],"about":[{"href":"https:\/\/berlinerklavierfesttage.com\/de\/wp-json\/wp\/v2\/types\/page"}],"author":[{"embeddable":true,"href":"https:\/\/berlinerklavierfesttage.com\/de\/wp-json\/wp\/v2\/users\/1"}],"replies":[{"embeddable":true,"href":"https:\/\/berlinerklavierfesttage.com\/de\/wp-json\/wp\/v2\/comments?post=1108"}],"version-history":[{"count":8,"href":"https:\/\/berlinerklavierfesttage.com\/de\/wp-json\/wp\/v2\/pages\/1108\/revisions"}],"predecessor-version":[{"id":1465,"href":"https:\/\/berlinerklavierfesttage.com\/de\/wp-json\/wp\/v2\/pages\/1108\/revisions\/1465"}],"wp:attachment":[{"href":"https:\/\/berlinerklavierfesttage.com\/de\/wp-json\/wp\/v2\/media?parent=1108"}],"curies":[{"name":"wp","href":"https:\/\/api.w.org\/{rel}","templated":true}]}}