{"id":12,"date":"2025-03-28T11:53:30","date_gmt":"2025-03-28T11:53:30","guid":{"rendered":"https:\/\/berlinerklavierfesttage.com\/?page_id=12"},"modified":"2026-02-03T15:20:30","modified_gmt":"2026-02-03T15:20:30","slug":"about","status":"publish","type":"page","link":"https:\/\/berlinerklavierfesttage.com\/de\/about","title":{"rendered":"\u00dcber Uns"},"content":{"rendered":"<p class=\"has-black-color has-text-color has-link-color wp-elements-bc1f7067079f259b30878aa4f3fbfa7c\" style=\"font-size:27px\"><strong>Unsere Mission<\/strong><\/p>\n\n\n\n<p>Die Berliner Klavierfesttage sind ein j\u00e4hrlicher Treffpunkt f\u00fcr K\u00fcnstler und Musikbegeisterte aus aller Welt, die in den Festivaltagen den Konzerten und Meisterkursen der Festtage lauschen. Renommierte Pianisten und P\u00e4dagogen treten in diesen gemeinsam mit talentierten Nachwuchspianisten auf, teilen ihre musikalischen Ideen, inspirieren einander und das Publikum und pr\u00e4sentieren der Welt klassische Klaviermusik auf h\u00f6chstem Niveau.<\/p>\n\n\n\n<p>Ein bedeutender Fokus liegt auf der langfristigen F\u00f6rderung junger, aufstrebender klassischer Pianisten. Unser Ziel ist es, hochtalentierten Nachwuchsk\u00fcnstlern eine Plattform zu bieten, um ihre pianistischen und k\u00fcnstlerischen F\u00e4higkeiten zu vertiefen, ihre Konzertpraxis auszubauen und entscheidende Karriereperspektiven zu er\u00f6ffnen. Wir glauben, dass wir durch dieses Projekt jene Pianisten entdecken und f\u00f6rdern k\u00f6nnen, die tats\u00e4chlich das Potenzial haben, die n\u00e4chste Generation bedeutender Musiker zu werden.<\/p>\n\n\n\n<p class=\"has-black-color has-text-color has-link-color wp-elements-4589a864504c175bcd01ec5837cd3469\" style=\"font-size:27px\"><strong>Wer wir sind<\/strong><\/p>\n\n\n\n<p>Zum Gelingen der Berliner Klavierfestage tragen eine Vielzahl verschiedener Personen bei. Diese reichen von dem K\u00fcnstlerischen Leiter, \u00fcber unsere tatkr\u00e4ftigen Mitarbeiter, bis hin zu unserene Unterst\u00fctzern, dem Festsptielkreis.\nVeranstaltet werden die Berliner Klavierfesttage aber von dem gemmeinn\u00fctzigen Kulturverein Berlin International Piano Masterclass e.V. Dieser Verein wurde speziell f\u00fcr die Durchf\u00fchrung und Organisation der Berliner Klavierfesttage gegr\u00fcndet und ... \n <a href=\"https:\/\/berlinerklavierfesttage.com\/de\/berlin-international-piano-masterclass-e-v\/\" target=\"_self\"> <a href=\"https:\/\/berlinerklavierfesttage.com\/de\/berlin-international-piano-masterclass-e-v\/\">mehr lesen<\/a><\/p>\n\n\n\n<div style=\"height:10px\" aria-hidden=\"true\" class=\"wp-block-spacer\"><\/div>\n\n\n\n<div class=\"wp-block-uagb-separator uagb-block-cd422a26\"><div class=\"wp-block-uagb-separator__inner\" style=\"--my-background-image:\"><\/div><\/div>\n\n\n\n<div class=\"wp-block-uagb-container uagb-block-q7fyg5wt alignfull uagb-is-root-container\"><div class=\"uagb-container-inner-blocks-wrap\">\n<h2 class=\"wp-block-heading has-text-align-center\">Direktorium<\/h2>\n\n\n\n<div class=\"wp-block-uagb-container uagb-block-niygzkd3\">\n<div class=\"wp-block-uagb-container uagb-block-la204tpj\">\n<div class=\"wp-block-uagb-image alignleft uagb-block-pa8u1mdn wp-block-uagb-image--layout-default wp-block-uagb-image--effect-static wp-block-uagb-image--align-left\"><figure class=\"wp-block-uagb-image__figure\"><img decoding=\"async\" srcset=\"https:\/\/berlinerklavierfesttage.com\/wp-content\/uploads\/2025\/04\/PHOTO-2025-04-05-23-59-21-1024x576.jpg ,https:\/\/berlinerklavierfesttage.com\/wp-content\/uploads\/2025\/04\/PHOTO-2025-04-05-23-59-21.jpg 780w, https:\/\/berlinerklavierfesttage.com\/wp-content\/uploads\/2025\/04\/PHOTO-2025-04-05-23-59-21.jpg 360w\" sizes=\"auto, (max-width: 480px) 150px\" src=\"https:\/\/berlinerklavierfesttage.com\/wp-content\/uploads\/2025\/04\/PHOTO-2025-04-05-23-59-21-1024x576.jpg\" alt=\"\" class=\"uag-image-1047\" width=\"576\" height=\"400\" title=\"PHOTO-2025-04-05-23-59-21\" loading=\"lazy\" role=\"img\"\/><\/figure><\/div>\n\n\n\n<div class=\"wp-block-uagb-info-box uagb-block-hgabcjxv uagb-infobox__content-wrap  uagb-infobox-icon-above-title uagb-infobox-image-valign-top\"><div class=\"uagb-ifb-content\"><div class=\"uagb-ifb-title-wrap\"><span class=\"uagb-ifb-title-prefix\">K\u00fcnstlerischer Leiter<\/span><h4 class=\"uagb-ifb-title\">Yossi Reshef<\/h4><\/div><p class=\"uagb-ifb-desc\">Aktiv als Konzertpianist und Dirigent hat Yossi Reshef Konzerte und Auftritte als Solist in ganz Europa, den Vereinigten Staaten, Asien und Afrika gegeben. Ausgezeichnet mit herausragenden Kritiken legt Reshef ...<\/p><\/div><\/div>\n\n\n\n<div class=\"wp-block-uagb-buttons uagb-buttons__outer-wrap uagb-btn__default-btn uagb-btn-tablet__default-btn uagb-btn-mobile__default-btn uagb-block-60114db6\"><div class=\"uagb-buttons__wrap uagb-buttons-layout-wrap\">\n<div class=\"wp-block-uagb-buttons-child uagb-buttons__outer-wrap uagb-block-2092f190 wp-block-button\"><div class=\"uagb-button__wrapper\"><a class=\"uagb-buttons-repeater wp-block-button__link\" aria-label=\"\" href=\"https:\/\/yossireshef.com\/about\" rel=\"follow noopener\" target=\"_self\" role=\"button\"><div class=\"uagb-button__link\">mehr lesen<\/div><span class=\"uagb-button__icon uagb-button__icon-position-after\"><svg xmlns=\"https:\/\/www.w3.org\/2000\/svg\" viewbox=\"0 0 256 512\" aria-hidden=\"true\" focussable=\"false\"><path d=\"M64 448c-8.188 0-16.38-3.125-22.62-9.375c-12.5-12.5-12.5-32.75 0-45.25L178.8 256L41.38 118.6c-12.5-12.5-12.5-32.75 0-45.25s32.75-12.5 45.25 0l160 160c12.5 12.5 12.5 32.75 0 45.25l-160 160C80.38 444.9 72.19 448 64 448z\"><\/path><\/svg><\/span><\/a><\/div><\/div>\n<\/div><\/div>\n<\/div>\n\n\n\n<div class=\"wp-block-uagb-container uagb-block-ftslr8in\">\n<div class=\"wp-block-uagb-image alignleft uagb-block-8jbxvdku wp-block-uagb-image--layout-default wp-block-uagb-image--effect-static wp-block-uagb-image--align-left\"><figure class=\"wp-block-uagb-image__figure\"><img decoding=\"async\" srcset=\"https:\/\/berlinerklavierfesttage.com\/wp-content\/uploads\/2026\/02\/linus-orchester-profil-1024x569.jpeg ,https:\/\/berlinerklavierfesttage.com\/wp-content\/uploads\/2026\/02\/linus-orchester-profil.jpeg 780w, https:\/\/berlinerklavierfesttage.com\/wp-content\/uploads\/2026\/02\/linus-orchester-profil.jpeg 360w\" sizes=\"auto, (max-width: 480px) 150px\" src=\"https:\/\/berlinerklavierfesttage.com\/wp-content\/uploads\/2026\/02\/linus-orchester-profil-1024x569.jpeg\" alt=\"\" class=\"uag-image-1287\" width=\"576\" height=\"400\" title=\"linus orchester profil\" loading=\"lazy\" role=\"img\"\/><\/figure><\/div>\n\n\n\n<div class=\"wp-block-uagb-info-box uagb-block-ru3v3jgz uagb-infobox__content-wrap  uagb-infobox-icon-above-title uagb-infobox-image-valign-top\"><div class=\"uagb-ifb-content\"><div class=\"uagb-ifb-title-wrap\"><span class=\"uagb-ifb-title-prefix\">Gesch\u00e4ftsf\u00fchrung<\/span><h4 class=\"uagb-ifb-title\">Linus H\u00e4rle<\/h4><\/div><p class=\"uagb-ifb-desc\">Linus H\u00e4rle, geboren 2006 in Berlin, ist ein deutscher Pianist. In den letzten Jahren entwickelte er sich als eine der vielversprechenden Stimmen der jungen deutschen Klavierszene. Mit Konzerten in den ...<\/p><\/div><\/div>\n\n\n\n<div class=\"wp-block-uagb-buttons uagb-buttons__outer-wrap uagb-btn__default-btn uagb-btn-tablet__default-btn uagb-btn-mobile__default-btn uagb-block-62412aec\"><div class=\"uagb-buttons__wrap uagb-buttons-layout-wrap\">\n<div class=\"wp-block-uagb-buttons-child uagb-buttons__outer-wrap uagb-block-0c15d239 wp-block-button\"><div class=\"uagb-button__wrapper\"><a class=\"uagb-buttons-repeater wp-block-button__link\" aria-label=\"\" href=\"https:\/\/linushaerle.com\/about\/\" rel=\"follow noopener\" target=\"_self\" role=\"button\"><div class=\"uagb-button__link\">mehr lesen<\/div><span class=\"uagb-button__icon uagb-button__icon-position-after\"><svg xmlns=\"https:\/\/www.w3.org\/2000\/svg\" viewbox=\"0 0 256 512\" aria-hidden=\"true\" focussable=\"false\"><path d=\"M64 448c-8.188 0-16.38-3.125-22.62-9.375c-12.5-12.5-12.5-32.75 0-45.25L178.8 256L41.38 118.6c-12.5-12.5-12.5-32.75 0-45.25s32.75-12.5 45.25 0l160 160c12.5 12.5 12.5 32.75 0 45.25l-160 160C80.38 444.9 72.19 448 64 448z\"><\/path><\/svg><\/span><\/a><\/div><\/div>\n<\/div><\/div>\n<\/div>\n<\/div>\n<\/div><\/div>\n\n\n\n<div style=\"height:10px\" aria-hidden=\"true\" class=\"wp-block-spacer\"><\/div>\n\n\n\n<div class=\"wp-block-uagb-separator uagb-block-007ef4ea\"><div class=\"wp-block-uagb-separator__inner\" style=\"--my-background-image:\"><\/div><\/div>\n\n\n\n<div class=\"wp-block-uagb-container uagb-block-mpa6gknl alignfull uagb-is-root-container\"><div class=\"uagb-container-inner-blocks-wrap\">\n<div class=\"wp-block-uagb-info-box uagb-block-w5sjax6l uagb-infobox__content-wrap  uagb-infobox-icon-above-title uagb-infobox-image-valign-top\"><div class=\"uagb-ifb-content\"><div class=\"uagb-ifb-title-wrap\"><h2 class=\"uagb-ifb-title\">Sponsoring und F\u00f6rderung <\/h2><\/div><p class=\"uagb-ifb-desc\">Da die Berliner Klavierfesttage ausschlie\u00dflich privat finanziert werden, sind wir stets auf Ihre Unterst\u00fctzung angewiesen. Wenn Sie Interesse daran haben, Teil der Berliner Klavierfesttage zu werden oder Fragen zum Festival und unseren Zielen haben, k\u00f6nnen Sie uns jederzeit \u00fcber das Kontaktformular oder per E-Mail an management@berlinerklavierfesttage.com erreichen.<br>Vielen Dank f\u00fcr Ihre Untersr\u00fctzung!<\/p><\/div><\/div>\n\n\n\n<div class=\"wp-block-uagb-buttons uagb-buttons__outer-wrap uagb-btn__default-btn uagb-btn-tablet__default-btn uagb-btn-mobile__default-btn uagb-block-wmvramqv\"><div class=\"uagb-buttons__wrap uagb-buttons-layout-wrap\">\n<div class=\"wp-block-uagb-buttons-child uagb-buttons__outer-wrap uagb-block-0xiyouzn wp-block-button\"><div class=\"uagb-button__wrapper\"><a class=\"uagb-buttons-repeater wp-block-button__link\" aria-label=\"\" href=\"https:\/\/berlinerklavierfesttage.com\/de\/how-to-support-benefits\/\" rel=\"follow noopener\" target=\"_self\" role=\"button\"><div class=\"uagb-button__link\">Mitmachen <\/div><\/a><\/div><\/div>\n<\/div><\/div>\n\n\n\n<div class=\"wp-block-uagb-info-box uagb-block-xkb9pf1d uagb-infobox__content-wrap  uagb-infobox-icon-above-title uagb-infobox-image-valign-top wp-block-uagb-info-box--has-margin\"><div class=\"uagb-infobox-margin-wrapper\"><div class=\"uagb-ifb-content\"><div class=\"uagb-ifb-title-wrap\"><p class=\"uagb-ifb-title-prefix\">e-mail<\/p><h3 class=\"uagb-ifb-title\">management@berlinerklavierfesttage.com<\/h3><\/div><\/div><\/div><\/div>\n<\/div><\/div>","protected":false},"excerpt":{"rendered":"<p>What do we do? An extraordinary Festival, the Berliner Klavierfesttage is designed to inspire, educate, and connect musicians and music<\/p>\n<p><span class=\"more-link\"><a href=\"https:\/\/berlinerklavierfesttage.com\/de\/about\" class=\"readmore\">Continue reading<span class=\"screen-reader-text\">\u00dcber Uns<\/span><\/a><\/span><\/p>","protected":false},"author":1,"featured_media":0,"parent":0,"menu_order":0,"comment_status":"closed","ping_status":"closed","template":"","meta":{"give_campaign_id":0,"_uag_custom_page_level_css":"","footnotes":""},"class_list":["post-12","page","type-page","status-publish","hentry"],"campaignId":"","uagb_featured_image_src":{"full":false,"thumbnail":false,"medium":false,"medium_large":false,"large":false,"1536x1536":false,"2048x2048":false,"trp-custom-language-flag":false,"depicter-thumbnail":false,"post-thumbnail":false,"scapeshot-single-post-page":false,"scapeshot-slider":false,"scapeshot-featured":false,"scapeshot-team":false,"scapeshot-logo-slider":false,"scapeshot-portfolio":false,"scapeshot-service":false},"uagb_author_info":{"display_name":"yreshef@gmail.com","author_link":"https:\/\/berlinerklavierfesttage.com\/de\/author\/yreshefgmail-com"},"uagb_comment_info":0,"uagb_excerpt":"What do we do? An extraordinary Festival, the Berliner Klavierfesttage is designed to inspire, educate, and connect musicians and musicContinue readingAbout","_links":{"self":[{"href":"https:\/\/berlinerklavierfesttage.com\/de\/wp-json\/wp\/v2\/pages\/12","targetHints":{"allow":["GET"]}}],"collection":[{"href":"https:\/\/berlinerklavierfesttage.com\/de\/wp-json\/wp\/v2\/pages"}],"about":[{"href":"https:\/\/berlinerklavierfesttage.com\/de\/wp-json\/wp\/v2\/types\/page"}],"author":[{"embeddable":true,"href":"https:\/\/berlinerklavierfesttage.com\/de\/wp-json\/wp\/v2\/users\/1"}],"replies":[{"embeddable":true,"href":"https:\/\/berlinerklavierfesttage.com\/de\/wp-json\/wp\/v2\/comments?post=12"}],"version-history":[{"count":39,"href":"https:\/\/berlinerklavierfesttage.com\/de\/wp-json\/wp\/v2\/pages\/12\/revisions"}],"predecessor-version":[{"id":1308,"href":"https:\/\/berlinerklavierfesttage.com\/de\/wp-json\/wp\/v2\/pages\/12\/revisions\/1308"}],"wp:attachment":[{"href":"https:\/\/berlinerklavierfesttage.com\/de\/wp-json\/wp\/v2\/media?parent=12"}],"curies":[{"name":"wp","href":"https:\/\/api.w.org\/{rel}","templated":true}]}}