{"id":1245,"date":"2026-01-10T18:00:54","date_gmt":"2026-01-10T18:00:54","guid":{"rendered":"https:\/\/berlinerklavierfesttage.com\/?page_id=1245"},"modified":"2026-01-10T18:30:50","modified_gmt":"2026-01-10T18:30:50","slug":"composer-in-residence","status":"publish","type":"page","link":"https:\/\/berlinerklavierfesttage.com\/de\/composer-in-residence","title":{"rendered":"Composer in Residence"},"content":{"rendered":"<p><\/p>\n\n\n\n<div class=\"wp-block-uagb-container uagb-block-sit1zpc5 alignfull uagb-is-root-container\"><div class=\"uagb-container-inner-blocks-wrap\">\n<div class=\"wp-block-uagb-container uagb-block-jespqrig\">\n<div class=\"wp-block-uagb-info-box uagb-block-nwpyxdli uagb-infobox__content-wrap  uagb-infobox-icon-above-title uagb-infobox-image-valign-top\"><div class=\"uagb-ifb-content\"><div class=\"uagb-ifb-title-wrap\"><h1 class=\"uagb-ifb-title\">Helmut Lachemann<\/h1><\/div><p class=\"uagb-ifb-desc translation-block\">Es ist uns eine gro\u00dfe Ehre,  <strong>Helmut Lachenmann<\/strong> als <strong>Composer in Residence der Berliner Klavierfesttage<\/strong> begr\u00fc\u00dfen zu d\u00fcrfen. Lachenmann z\u00e4hlt zu den wichtigsten musikalischen Pers\u00f6nlichkeiten der Neuen Musik und hat die zeitgen\u00f6ssische Musik mit seinem konsequenten, radikal erweiterten Klangdenken ma\u00dfgeblich gepr\u00e4gt. <strong>Seine Werke<\/strong> zeichnen sich durch eine grundlegende Erweiterung des Klangbegriffs aus und fordern ein bewusstes, neues H\u00f6ren. Auch das <strong>Klavier<\/strong> nimmt in seinem Schaffen eine besondere Rolle ein: In mehreren Kompositionen erforscht Lachenmann dessen klangliche M\u00f6glichkeiten auf innovative Weise. Diese enge Verbindung zum Instrument bildet zugleich den Ausgangspunkt f\u00fcr ein <strong>Sonderkonzert im Rahmen der Ausgabe 2027 der Berliner Klavierfesttage<\/strong>, das in enger Zusammenarbeit mit Helmut Lachenmann entsteht und <strong>ausschlie\u00dflich seiner Klaviermusik<\/strong> gewidmet ist.<\/p><\/div><\/div>\n<\/div>\n\n\n\n<div class=\"wp-block-uagb-image alignleft uagb-block-vbqhot4n wp-block-uagb-image--layout-default wp-block-uagb-image--effect-static wp-block-uagb-image--align-left\"><figure class=\"wp-block-uagb-image__figure\"><img decoding=\"async\" srcset=\"https:\/\/berlinerklavierfesttage.com\/wp-content\/uploads\/2026\/01\/lachenamnn-1024x819.jpeg ,https:\/\/berlinerklavierfesttage.com\/wp-content\/uploads\/2026\/01\/lachenamnn.jpeg 780w, https:\/\/berlinerklavierfesttage.com\/wp-content\/uploads\/2026\/01\/lachenamnn.jpeg 360w\" sizes=\"auto, (max-width: 480px) 150px\" src=\"https:\/\/berlinerklavierfesttage.com\/wp-content\/uploads\/2026\/01\/lachenamnn-1024x819.jpeg\" alt=\"\" class=\"uag-image-1249\" width=\"564\" height=\"500\" title=\"lachenamnn\" loading=\"lazy\" role=\"img\"\/><figcaption class=\"uagb-image-caption\">\u00a9Astrid Ackermann<\/figcaption><\/figure><\/div>\n<\/div><\/div>","protected":false},"excerpt":{"rendered":"","protected":false},"author":1,"featured_media":0,"parent":0,"menu_order":0,"comment_status":"closed","ping_status":"closed","template":"","meta":{"give_campaign_id":0,"_uag_custom_page_level_css":"","footnotes":""},"class_list":["post-1245","page","type-page","status-publish","hentry"],"campaignId":"","uagb_featured_image_src":{"full":false,"thumbnail":false,"medium":false,"medium_large":false,"large":false,"1536x1536":false,"2048x2048":false,"trp-custom-language-flag":false,"depicter-thumbnail":false,"post-thumbnail":false,"scapeshot-single-post-page":false,"scapeshot-slider":false,"scapeshot-featured":false,"scapeshot-team":false,"scapeshot-logo-slider":false,"scapeshot-portfolio":false,"scapeshot-service":false},"uagb_author_info":{"display_name":"yreshef@gmail.com","author_link":"https:\/\/berlinerklavierfesttage.com\/de\/author\/yreshefgmail-com"},"uagb_comment_info":0,"uagb_excerpt":null,"_links":{"self":[{"href":"https:\/\/berlinerklavierfesttage.com\/de\/wp-json\/wp\/v2\/pages\/1245","targetHints":{"allow":["GET"]}}],"collection":[{"href":"https:\/\/berlinerklavierfesttage.com\/de\/wp-json\/wp\/v2\/pages"}],"about":[{"href":"https:\/\/berlinerklavierfesttage.com\/de\/wp-json\/wp\/v2\/types\/page"}],"author":[{"embeddable":true,"href":"https:\/\/berlinerklavierfesttage.com\/de\/wp-json\/wp\/v2\/users\/1"}],"replies":[{"embeddable":true,"href":"https:\/\/berlinerklavierfesttage.com\/de\/wp-json\/wp\/v2\/comments?post=1245"}],"version-history":[{"count":13,"href":"https:\/\/berlinerklavierfesttage.com\/de\/wp-json\/wp\/v2\/pages\/1245\/revisions"}],"predecessor-version":[{"id":1268,"href":"https:\/\/berlinerklavierfesttage.com\/de\/wp-json\/wp\/v2\/pages\/1245\/revisions\/1268"}],"wp:attachment":[{"href":"https:\/\/berlinerklavierfesttage.com\/de\/wp-json\/wp\/v2\/media?parent=1245"}],"curies":[{"name":"wp","href":"https:\/\/api.w.org\/{rel}","templated":true}]}}