{"id":16,"date":"2025-03-28T11:55:10","date_gmt":"2025-03-28T11:55:10","guid":{"rendered":"https:\/\/berlinerklavierfesttage.com\/?page_id=16"},"modified":"2026-02-03T20:20:29","modified_gmt":"2026-02-03T20:20:29","slug":"berliner-klavierfesttage-2025","status":"publish","type":"page","link":"https:\/\/berlinerklavierfesttage.com\/de\/berliner-klavierfesttage-2025","title":{"rendered":"Berliner Klavierfesttage 2025"},"content":{"rendered":"<p class=\"has-black-color has-text-color has-link-color wp-elements-174c9807a691ed896bd580bfe91e0f54\" style=\"font-size:22px\"><\/p>\n\n\n\n<div class=\"wp-block-uagb-container uagb-block-kbdr0b88 alignfull uagb-is-root-container\"><div class=\"uagb-container-inner-blocks-wrap\">\n<div class=\"wp-block-uagb-info-box uagb-block-bchoqi35 uagb-infobox__content-wrap  uagb-infobox-icon-above-title uagb-infobox-image-valign-top\"><div class=\"uagb-ifb-content\"><div class=\"uagb-ifb-title-wrap\"><h1 class=\"uagb-ifb-title\">Berliner Klavierfesttage 2025<\/h1><\/div><p class=\"uagb-ifb-desc\">Die Berliner Klavierfesttage 2025 waren ein gro\u00dfer Erfolg! Konzerte, Meisterkurse, Interviews, Musical Talks, Rezitals und mehr werden auf dem offiziellen YouTube-Kanal der Berliner Klavierfesttage ver\u00f6ffentlicht. Viel Spa\u00df!<\/p><\/div><\/div>\n\n\n\n<div style=\"height:7px\" aria-hidden=\"true\" class=\"wp-block-spacer\"><\/div>\n\n\n\n<div class=\"wp-block-uagb-buttons uagb-buttons__outer-wrap uagb-btn__default-btn uagb-btn-tablet__default-btn uagb-btn-mobile__default-btn uagb-block-xvzo24an\"><div class=\"uagb-buttons__wrap uagb-buttons-layout-wrap\">\n<div class=\"wp-block-uagb-buttons-child uagb-buttons__outer-wrap uagb-block-e937e9c6 wp-block-button\"><div class=\"uagb-button__wrapper\"><a class=\"uagb-buttons-repeater wp-block-button__link\" aria-label=\"\" href=\"https:\/\/www.youtube.com\/@BerlinerKlavierfesttage\" rel=\"follow noopener\" target=\"_self\" role=\"button\"><div class=\"uagb-button__link\">JETZT ANSEHEN<\/div><\/a><\/div><\/div>\n<\/div><\/div>\n<\/div><\/div>\n\n\n\n\n\n<div class=\"wp-block-uagb-separator uagb-block-f611e271\"><div class=\"wp-block-uagb-separator__inner\" style=\"--my-background-image:\"><\/div><\/div>\n\n\n\n<div class=\"wp-block-uagb-container uagb-block-vthkcc4x alignfull uagb-is-root-container\"><div class=\"uagb-container-inner-blocks-wrap\">\n<div class=\"wp-block-uagb-container uagb-block-f2xgbkc9\">\n<div class=\"wp-block-uagb-info-box uagb-block-ftkohnva uagb-infobox__content-wrap  uagb-infobox-icon-above-title uagb-infobox-image-valign-top wp-block-uagb-info-box--has-margin\"><div class=\"uagb-infobox-margin-wrapper\"><div class=\"uagb-ifb-content\"><div class=\"uagb-ifb-title-wrap\"><h2 class=\"uagb-ifb-title\">Erkunde die Berliner Klavierfesttage<\/h2><\/div><p class=\"uagb-ifb-desc\">Das Programm der Berliner Klavierfesttage war sehr vielf\u00e4ltig. In einer Vielzahl von Veranstaltungen von Konzerten \u00fcber Meisterkursen und Interviews bis hin zu musikalischen Talk-Shows, boten die Pianisten der Berliner Klavierfesttage 2025 einen sehr facettenreichen Austausch ihres Spiels und ihrer musikalischen Ideen. Die Veranstaltungen k\u00f6nnen nun kostenfrei auf YouTube verfolgt werden!<\/p><\/div><\/div><\/div>\n\n\n\n<figure class=\"wp-block-embed is-type-video is-provider-youtube wp-block-embed-youtube wp-embed-aspect-16-9 wp-has-aspect-ratio\"><div class=\"wp-block-embed__wrapper\">\n<iframe loading=\"lazy\" title=\"Masterclass with Emanuel Krasovsky \u2013 Schumann: Fantasie in C, op. 17 |  Berliner Klavierfesttage\" width=\"920\" height=\"518\" src=\"https:\/\/www.youtube.com\/embed\/FHy5ND4ZTxM?feature=oembed\" frameborder=\"0\" allow=\"accelerometer; autoplay; clipboard-write; encrypted-media; gyroscope; picture-in-picture; web-share\" referrerpolicy=\"strict-origin-when-cross-origin\" allowfullscreen><\/iframe>\n<\/div><\/figure>\n\n\n\n<div class=\"wp-block-uagb-info-box uagb-block-xzji4cev uagb-infobox__content-wrap  uagb-infobox-icon-above-title uagb-infobox-image-valign-top wp-block-uagb-info-box--has-margin\"><div class=\"uagb-infobox-margin-wrapper\"><div class=\"uagb-ifb-content\"><div class=\"uagb-ifb-title-wrap\"><h3 class=\"uagb-ifb-title\">Meisterkurse<\/h3><\/div><p class=\"uagb-ifb-desc\">Im Mittelpunkt der Meisterkurse steht der musikalische Gedankenaustausch zwischen Pianisten verschiedener Generationen. Erleben Sie eine anregende Diskussion am Fl\u00fcgel zwischen den Pianisten von heute und von morgen!<\/p><\/div><\/div><\/div>\n<\/div>\n\n\n\n<div class=\"wp-block-uagb-container uagb-block-0cbhyxl8\">\n<figure class=\"wp-block-embed is-type-video is-provider-youtube wp-block-embed-youtube wp-embed-aspect-16-9 wp-has-aspect-ratio\"><div class=\"wp-block-embed__wrapper\">\n<iframe loading=\"lazy\" title=\"F. Liszt: Mephisto Waltz No. 1, S. 514 | Bogdan Dugali\u0107, Berliner Klavierfesttage\" width=\"920\" height=\"518\" src=\"https:\/\/www.youtube.com\/embed\/4med5hENXTY?feature=oembed\" frameborder=\"0\" allow=\"accelerometer; autoplay; clipboard-write; encrypted-media; gyroscope; picture-in-picture; web-share\" referrerpolicy=\"strict-origin-when-cross-origin\" allowfullscreen><\/iframe>\n<\/div><\/figure>\n\n\n\n<div class=\"wp-block-uagb-info-box uagb-block-lpcvbtgw uagb-infobox__content-wrap  uagb-infobox-icon-above-title uagb-infobox-image-valign-top wp-block-uagb-info-box--has-margin\"><div class=\"uagb-infobox-margin-wrapper\"><div class=\"uagb-ifb-content\"><div class=\"uagb-ifb-title-wrap\"><h3 class=\"uagb-ifb-title\">Konzerte<\/h3><\/div><p class=\"uagb-ifb-desc\">In zahlreichen Konzerten und Reztials haben die Pianisten der Berliner Klavierfesttage 2025 die  Meisterwerke der klassischen Musik aufgef\u00fchrt. Unter anderem in der Berliner Philharmonie.<\/p><\/div><\/div><\/div>\n\n\n\n<figure class=\"wp-block-embed is-type-video is-provider-youtube wp-block-embed-youtube wp-embed-aspect-16-9 wp-has-aspect-ratio\"><div class=\"wp-block-embed__wrapper\">\n<iframe loading=\"lazy\" title=\"Interview with Yossi Reshef \u2013 Artistic Director | Berliner Klavierfesttage 2025\" width=\"920\" height=\"518\" src=\"https:\/\/www.youtube.com\/embed\/RpP_XyhYCsU?feature=oembed\" frameborder=\"0\" allow=\"accelerometer; autoplay; clipboard-write; encrypted-media; gyroscope; picture-in-picture; web-share\" referrerpolicy=\"strict-origin-when-cross-origin\" allowfullscreen><\/iframe>\n<\/div><\/figure>\n\n\n\n<div class=\"wp-block-uagb-info-box uagb-block-haejz2wr uagb-infobox__content-wrap  uagb-infobox-icon-above-title uagb-infobox-image-valign-top wp-block-uagb-info-box--has-margin\"><div class=\"uagb-infobox-margin-wrapper\"><div class=\"uagb-ifb-content\"><div class=\"uagb-ifb-title-wrap\"><h3 class=\"uagb-ifb-title\">Interviews &amp; Musical Talk<\/h3><\/div><p class=\"uagb-ifb-desc\">Die Interviews und Musical Talks geben Ihnen einen einzigartigen Einblick in die Pers\u00f6nlichkeiten hinter den K\u00fcnstlern. Wer sind sie und wie ticken sie?<\/p><\/div><\/div><\/div>\n<\/div>\n<\/div><\/div>\n\n\n\n<div class=\"wp-block-uagb-container uagb-block-fallcinn alignfull uagb-is-root-container\"><div class=\"uagb-container-inner-blocks-wrap\">\n<div class=\"wp-block-uagb-container uagb-block-nsuikpp4\">\n<div class=\"wp-block-uagb-info-box uagb-block-y2q2cmmn uagb-infobox__content-wrap  uagb-infobox-icon-above-title uagb-infobox-image-valign-top\"><div class=\"uagb-ifb-content\"><div class=\"uagb-ifb-title-wrap\"><h1 class=\"uagb-ifb-title\">Die Pianisten der Berliner Klavierfesttage 2025<\/h1><\/div><p class=\"uagb-ifb-desc\">Natalie Schwamov\u00e1 (Tschechien)<br>Linus H\u00e4rle (Deutschland)<br>Bogdan Dugali\u0107 (Serbien)<br>Xiaofu Ju (China)<br>Halleli Smoly (Israel)<br>Antoine Rivard-Landry (Kanada) <br>Floriana Iovino (Italien)<br>Jiaao Yu (China)<br>Eduard Gevorgyan (Armenien)<br><\/p><\/div><\/div>\n\n\n\n<div style=\"height:14px\" aria-hidden=\"true\" class=\"wp-block-spacer\"><\/div>\n\n\n\n<div class=\"wp-block-uagb-buttons uagb-buttons__outer-wrap uagb-btn__default-btn uagb-btn-tablet__default-btn uagb-btn-mobile__default-btn uagb-block-b721807f\"><div class=\"uagb-buttons__wrap uagb-buttons-layout-wrap\">\n<div class=\"wp-block-uagb-buttons-child uagb-buttons__outer-wrap uagb-block-a5720f06 wp-block-button\"><div class=\"uagb-button__wrapper\"><a class=\"uagb-buttons-repeater wp-block-button__link\" aria-label=\"\" href=\"https:\/\/berlinerklavierfesttage.com\/de\/our-artists\/\" rel=\"follow noopener\" target=\"_self\" role=\"button\"><div class=\"uagb-button__link\">mehr lesen<\/div><\/a><\/div><\/div>\n<\/div><\/div>\n<\/div>\n\n\n\n<div class=\"wp-block-uagb-image alignleft uagb-block-abu4fum1 wp-block-uagb-image--layout-default wp-block-uagb-image--effect-static wp-block-uagb-image--align-left\"><figure class=\"wp-block-uagb-image__figure\"><img decoding=\"async\" srcset=\"https:\/\/berlinerklavierfesttage.com\/wp-content\/uploads\/2025\/03\/PXL_20250310_203438358.MP_-1024x771.jpeg ,https:\/\/berlinerklavierfesttage.com\/wp-content\/uploads\/2025\/03\/PXL_20250310_203438358.MP_-scaled.jpeg 780w, https:\/\/berlinerklavierfesttage.com\/wp-content\/uploads\/2025\/03\/PXL_20250310_203438358.MP_-scaled.jpeg 360w\" sizes=\"auto, (max-width: 480px) 150px\" src=\"https:\/\/berlinerklavierfesttage.com\/wp-content\/uploads\/2025\/03\/PXL_20250310_203438358.MP_-1024x771.jpeg\" alt=\"\" class=\"uag-image-289\" width=\"564\" height=\"500\" title=\"PXL_20250310_203438358.MP\" loading=\"lazy\" role=\"img\"\/><\/figure><\/div>\n<\/div><\/div>","protected":false},"excerpt":{"rendered":"","protected":false},"author":1,"featured_media":0,"parent":0,"menu_order":0,"comment_status":"closed","ping_status":"closed","template":"","meta":{"give_campaign_id":0,"_uag_custom_page_level_css":"","footnotes":""},"class_list":["post-16","page","type-page","status-publish","hentry"],"campaignId":"","uagb_featured_image_src":{"full":false,"thumbnail":false,"medium":false,"medium_large":false,"large":false,"1536x1536":false,"2048x2048":false,"trp-custom-language-flag":false,"depicter-thumbnail":false,"post-thumbnail":false,"scapeshot-single-post-page":false,"scapeshot-slider":false,"scapeshot-featured":false,"scapeshot-team":false,"scapeshot-logo-slider":false,"scapeshot-portfolio":false,"scapeshot-service":false},"uagb_author_info":{"display_name":"yreshef@gmail.com","author_link":"https:\/\/berlinerklavierfesttage.com\/de\/author\/yreshefgmail-com"},"uagb_comment_info":0,"uagb_excerpt":null,"_links":{"self":[{"href":"https:\/\/berlinerklavierfesttage.com\/de\/wp-json\/wp\/v2\/pages\/16","targetHints":{"allow":["GET"]}}],"collection":[{"href":"https:\/\/berlinerklavierfesttage.com\/de\/wp-json\/wp\/v2\/pages"}],"about":[{"href":"https:\/\/berlinerklavierfesttage.com\/de\/wp-json\/wp\/v2\/types\/page"}],"author":[{"embeddable":true,"href":"https:\/\/berlinerklavierfesttage.com\/de\/wp-json\/wp\/v2\/users\/1"}],"replies":[{"embeddable":true,"href":"https:\/\/berlinerklavierfesttage.com\/de\/wp-json\/wp\/v2\/comments?post=16"}],"version-history":[{"count":72,"href":"https:\/\/berlinerklavierfesttage.com\/de\/wp-json\/wp\/v2\/pages\/16\/revisions"}],"predecessor-version":[{"id":1417,"href":"https:\/\/berlinerklavierfesttage.com\/de\/wp-json\/wp\/v2\/pages\/16\/revisions\/1417"}],"wp:attachment":[{"href":"https:\/\/berlinerklavierfesttage.com\/de\/wp-json\/wp\/v2\/media?parent=16"}],"curies":[{"name":"wp","href":"https:\/\/api.w.org\/{rel}","templated":true}]}}