{"id":20,"date":"2025-03-28T11:57:36","date_gmt":"2025-03-28T11:57:36","guid":{"rendered":"https:\/\/berlinerklavierfesttage.com\/?page_id=20"},"modified":"2026-02-03T16:55:09","modified_gmt":"2026-02-03T16:55:09","slug":"academy","status":"publish","type":"page","link":"https:\/\/berlinerklavierfesttage.com\/de\/academy","title":{"rendered":"Akademie"},"content":{"rendered":"<p class=\"translation-block\">Die Akademie ist das Herzst\u00fcck der Berliner Klavierfesttage. Jedes Jahr wird eine besondere Auswahl junger hochtalentierter Pianisten nach Berlin geladen. Gemeinsam mit den legend\u00e4ren Dozenten unserer Fakutlt\u00e4t arbeiten sie in intensivem Unterricht miteinander und teilen ihre Musik in Konzerten, Meisterkursen, Musikalischen Gespr\u00e4chen und anderen Veranstaltungen. Die Akademie der Berliner Klavierfesttage ist der Ort, an dem die K\u00fcnstler von heute auf die K\u00fcnstler von morgen treffen.<\/p>\n\n\n\n<div style=\"height:63px\" aria-hidden=\"true\" class=\"wp-block-spacer\"><\/div>\n\n\n\n<div class=\"wp-block-uagb-container uagb-block-rcmozusk alignfull uagb-is-root-container\"><div class=\"uagb-container-inner-blocks-wrap\">\n<div class=\"wp-block-uagb-info-box uagb-block-0qrfn8lx uagb-infobox__content-wrap  uagb-infobox-icon-above-title uagb-infobox-image-valign-top\"><div class=\"uagb-ifb-content\"><div class=\"uagb-ifb-title-wrap\"><p class=\"uagb-ifb-title-prefix\">FAKULT\u00c4T &amp; TALENTE<\/p><h2 class=\"uagb-ifb-title\">K\u00fcnstler der Berliner Klavierfesttage<\/h2><\/div><\/div><\/div>\n\n\n\n<div class=\"wp-block-buttons is-content-justification-center is-layout-flex wp-container-core-buttons-is-layout-16018d1d wp-block-buttons-is-layout-flex\">\n<div class=\"wp-block-button\"><a class=\"wp-block-button__link has-background has-text-align-center wp-element-button\" href=\"https:\/\/berlinerklavierfesttage.com\/de\/our-artists\/\" style=\"background-color:#1f3461\">MEHR ERFAHREN<\/a><\/div>\n<\/div>\n<\/div><\/div>\n\n\n\n<div style=\"height:18px\" aria-hidden=\"true\" class=\"wp-block-spacer\"><\/div>\n\n\n\n<div class=\"wp-block-uagb-container uag-hide-tab uag-hide-mob uagb-block-ql5wrsum alignfull uagb-is-root-container\"><div class=\"uagb-container-inner-blocks-wrap\">\n<div class=\"wp-block-uagb-image alignleft uagb-block-ibjkwbnh wp-block-uagb-image--layout-default wp-block-uagb-image--effect-static wp-block-uagb-image--align-left\"><figure class=\"wp-block-uagb-image__figure\"><img decoding=\"async\" srcset=\"https:\/\/berlinerklavierfesttage.com\/wp-content\/uploads\/2025\/03\/PXL_20250310_203438358.MP_-1024x771.jpeg ,https:\/\/berlinerklavierfesttage.com\/wp-content\/uploads\/2025\/03\/PXL_20250310_203438358.MP_-scaled.jpeg 780w, https:\/\/berlinerklavierfesttage.com\/wp-content\/uploads\/2025\/03\/PXL_20250310_203438358.MP_-scaled.jpeg 360w\" sizes=\"auto, (max-width: 480px) 150px\" src=\"https:\/\/berlinerklavierfesttage.com\/wp-content\/uploads\/2025\/03\/PXL_20250310_203438358.MP_-1024x771.jpeg\" alt=\"\" class=\"uag-image-289\" width=\"564\" height=\"450\" title=\"PXL_20250310_203438358.MP\" loading=\"lazy\" role=\"img\"\/><\/figure><\/div>\n\n\n\n<div class=\"wp-block-uagb-info-box uagb-block-cykhhiym uagb-infobox__content-wrap  uagb-infobox-icon-above-title uagb-infobox-image-valign-top\"><div class=\"uagb-ifb-content\"><div class=\"uagb-ifb-title-wrap\"><h2 class=\"uagb-ifb-title\">Die Pianisten der Berliner Klavierfesttage 2025, zusammen mit dem k\u00fcnstlerischen Leiter und Pianisten Yossi Reshef!<\/h2><\/div><\/div><\/div>\n<\/div><\/div>","protected":false},"excerpt":{"rendered":"<p>The Academy is the heart of the Berliner Klavierfesttage. Each year, a special selection of 10 young highly talented pianists<\/p>\n<p><span class=\"more-link\"><a href=\"https:\/\/berlinerklavierfesttage.com\/de\/academy\" class=\"readmore\">Continue reading<span class=\"screen-reader-text\">Akademie<\/span><\/a><\/span><\/p>","protected":false},"author":1,"featured_media":0,"parent":0,"menu_order":0,"comment_status":"closed","ping_status":"closed","template":"","meta":{"give_campaign_id":0,"_uag_custom_page_level_css":"","footnotes":""},"class_list":["post-20","page","type-page","status-publish","hentry"],"campaignId":"","uagb_featured_image_src":{"full":false,"thumbnail":false,"medium":false,"medium_large":false,"large":false,"1536x1536":false,"2048x2048":false,"trp-custom-language-flag":false,"depicter-thumbnail":false,"post-thumbnail":false,"scapeshot-single-post-page":false,"scapeshot-slider":false,"scapeshot-featured":false,"scapeshot-team":false,"scapeshot-logo-slider":false,"scapeshot-portfolio":false,"scapeshot-service":false},"uagb_author_info":{"display_name":"yreshef@gmail.com","author_link":"https:\/\/berlinerklavierfesttage.com\/de\/author\/yreshefgmail-com"},"uagb_comment_info":0,"uagb_excerpt":"The Academy is the heart of the Berliner Klavierfesttage. Each year, a special selection of 10 young highly talented pianistsContinue readingAcademy","_links":{"self":[{"href":"https:\/\/berlinerklavierfesttage.com\/de\/wp-json\/wp\/v2\/pages\/20","targetHints":{"allow":["GET"]}}],"collection":[{"href":"https:\/\/berlinerklavierfesttage.com\/de\/wp-json\/wp\/v2\/pages"}],"about":[{"href":"https:\/\/berlinerklavierfesttage.com\/de\/wp-json\/wp\/v2\/types\/page"}],"author":[{"embeddable":true,"href":"https:\/\/berlinerklavierfesttage.com\/de\/wp-json\/wp\/v2\/users\/1"}],"replies":[{"embeddable":true,"href":"https:\/\/berlinerklavierfesttage.com\/de\/wp-json\/wp\/v2\/comments?post=20"}],"version-history":[{"count":45,"href":"https:\/\/berlinerklavierfesttage.com\/de\/wp-json\/wp\/v2\/pages\/20\/revisions"}],"predecessor-version":[{"id":1403,"href":"https:\/\/berlinerklavierfesttage.com\/de\/wp-json\/wp\/v2\/pages\/20\/revisions\/1403"}],"wp:attachment":[{"href":"https:\/\/berlinerklavierfesttage.com\/de\/wp-json\/wp\/v2\/media?parent=20"}],"curies":[{"name":"wp","href":"https:\/\/api.w.org\/{rel}","templated":true}]}}