{"id":388,"date":"2025-03-30T19:39:47","date_gmt":"2025-03-30T19:39:47","guid":{"rendered":"https:\/\/berlinerklavierfesttage.com\/?page_id=388"},"modified":"2025-04-10T19:49:34","modified_gmt":"2025-04-10T19:49:34","slug":"natalie-schwamova","status":"publish","type":"page","link":"https:\/\/berlinerklavierfesttage.com\/de\/natalie-schwamova","title":{"rendered":"Natalie Schwamov\u00e1"},"content":{"rendered":"<div class=\"wp-block-uagb-container uagb-block-fnkji8sw alignfull uagb-is-root-container\"><div class=\"uagb-container-inner-blocks-wrap\">\n<div class=\"wp-block-uagb-container uagb-block-u5rgzmke\">\n<div class=\"wp-block-uagb-info-box uagb-block-x0lkfvsn uagb-infobox__content-wrap  uagb-infobox-icon-above-title uagb-infobox-image-valign-top\"><div class=\"uagb-ifb-content\"><div class=\"uagb-ifb-title-wrap\"><p class=\"uagb-ifb-title-prefix\">Czech republic, 1999<\/p><h1 class=\"uagb-ifb-title\">Natalie Schwamov\u00e1<\/h1><\/div><p class=\"uagb-ifb-desc\"><br>At the age of 10, she made her debut as a soloist with Mozart&#8217;s Concerto in D minor KV 466 with the Buenos Aires Symphony Orchestra (Argentina). She has also performed with the National University of Argentina Orchestra and the main Czech orchestras &#8211; the Pardubice Chamber Philharmonic, the Jan\u00e1\u010dek Philharmonic in Ostrava, the Pilsen Philharmonic, the FOK Symphony Orchestra of Prague, the Prague Chamber Philharmonic and the Bohuslav Martin\u016f Philharmonic, in Denmark with the Aarhus Symphony Orchestra and most recently with Extramadura Orchestra in Spain. Performed in some of the main halls of the world &#8211; for example Rudolfinum in Prague, National Auditorium in Madrid, Palau de la M\u00fasica Catalana in Barcelona, Hall of the Warsaw Philharmonic and she has given solo piano and chamber music recitals in Germany, Italy, Austria, Denmark, Hungary, Holland, Spain, and the United States,<br>among others. She has been awarded in more than 20 international competitions. Among them the 2nd prize in the Pilsen Smetana Competition, 1st prize at the Fryderyk Chopin Competition<br>in Marienbad. In 2015 she participated as one of the historically youngest contestants in<br>the Fryderyk Chopin Competition in Warsaw. In 2017 she became a laureate of the international piano competition in Aarhus, Denmark. In 2023 she won 1st prize at the<br>International Music Competition in Alicante. In the same year she was awarded by Her Majesty the Queen with the distinction of \u201cMost Outstanding Student\u201d at the Reina<br>Sof\u00eda School of Music in Madrid.<br>She began playing the piano at the age of six in Prague. She studied at the Prague Academy of Music with Frantisek Maly. Continued with Dimitri Bashkirov at the Escuela Superior de M\u00fasica Reina Sof\u00eda, since September 2021 with Milana Chernyavska, as well as with Claudio Martinez Mehner, M\u00e1rta Guly\u00e0s and Denis<br>Lossev She has received master classes from great masters such as Andr\u00e1s Schiff, Murray Perahia, Dang Thai Son, Stanislav Ioudenitch, Nikolai Demidenko, Rena Shereshevskaya, Michel Beroff, Nikolai Lugansky, and others.<\/p><\/div><\/div>\n<\/div>\n\n\n\n<div class=\"wp-block-uagb-image alignleft uagb-block-qplssr2o wp-block-uagb-image--layout-default wp-block-uagb-image--effect-static wp-block-uagb-image--align-left\"><figure class=\"wp-block-uagb-image__figure\"><img decoding=\"async\" srcset=\"https:\/\/berlinerklavierfesttage.com\/wp-content\/uploads\/2025\/03\/Bildschirmfoto-2025-01-27-um-20.20.50-1024x676.png ,https:\/\/berlinerklavierfesttage.com\/wp-content\/uploads\/2025\/03\/Bildschirmfoto-2025-01-27-um-20.20.50.png 780w, https:\/\/berlinerklavierfesttage.com\/wp-content\/uploads\/2025\/03\/Bildschirmfoto-2025-01-27-um-20.20.50.png 360w\" sizes=\"auto, (max-width: 480px) 150px\" src=\"https:\/\/berlinerklavierfesttage.com\/wp-content\/uploads\/2025\/03\/Bildschirmfoto-2025-01-27-um-20.20.50-1024x676.png\" alt=\"\" class=\"uag-image-361\" width=\"600\" height=\"800\" title=\"Bildschirmfoto 2025-01-27 um 20.20.50\" loading=\"lazy\" role=\"img\"\/><\/figure><\/div>\n<\/div><\/div>","protected":false},"excerpt":{"rendered":"","protected":false},"author":1,"featured_media":0,"parent":0,"menu_order":0,"comment_status":"closed","ping_status":"closed","template":"","meta":{"give_campaign_id":0,"_uag_custom_page_level_css":"","footnotes":""},"class_list":["post-388","page","type-page","status-publish","hentry"],"campaignId":"","uagb_featured_image_src":{"full":false,"thumbnail":false,"medium":false,"medium_large":false,"large":false,"1536x1536":false,"2048x2048":false,"trp-custom-language-flag":false,"depicter-thumbnail":false,"post-thumbnail":false,"scapeshot-single-post-page":false,"scapeshot-slider":false,"scapeshot-featured":false,"scapeshot-team":false,"scapeshot-logo-slider":false,"scapeshot-portfolio":false,"scapeshot-service":false},"uagb_author_info":{"display_name":"yreshef@gmail.com","author_link":"https:\/\/berlinerklavierfesttage.com\/de\/author\/yreshefgmail-com"},"uagb_comment_info":0,"uagb_excerpt":null,"_links":{"self":[{"href":"https:\/\/berlinerklavierfesttage.com\/de\/wp-json\/wp\/v2\/pages\/388","targetHints":{"allow":["GET"]}}],"collection":[{"href":"https:\/\/berlinerklavierfesttage.com\/de\/wp-json\/wp\/v2\/pages"}],"about":[{"href":"https:\/\/berlinerklavierfesttage.com\/de\/wp-json\/wp\/v2\/types\/page"}],"author":[{"embeddable":true,"href":"https:\/\/berlinerklavierfesttage.com\/de\/wp-json\/wp\/v2\/users\/1"}],"replies":[{"embeddable":true,"href":"https:\/\/berlinerklavierfesttage.com\/de\/wp-json\/wp\/v2\/comments?post=388"}],"version-history":[{"count":3,"href":"https:\/\/berlinerklavierfesttage.com\/de\/wp-json\/wp\/v2\/pages\/388\/revisions"}],"predecessor-version":[{"id":537,"href":"https:\/\/berlinerklavierfesttage.com\/de\/wp-json\/wp\/v2\/pages\/388\/revisions\/537"}],"wp:attachment":[{"href":"https:\/\/berlinerklavierfesttage.com\/de\/wp-json\/wp\/v2\/media?parent=388"}],"curies":[{"name":"wp","href":"https:\/\/api.w.org\/{rel}","templated":true}]}}