{"id":392,"date":"2025-03-30T19:42:44","date_gmt":"2025-03-30T19:42:44","guid":{"rendered":"https:\/\/berlinerklavierfesttage.com\/?page_id=392"},"modified":"2025-03-31T19:36:57","modified_gmt":"2025-03-31T19:36:57","slug":"bogdan-dugalic","status":"publish","type":"page","link":"https:\/\/berlinerklavierfesttage.com\/de\/bogdan-dugalic","title":{"rendered":"Bogdan Dugali\u0107"},"content":{"rendered":"<div class=\"wp-block-uagb-container uagb-block-fnkji8sw alignfull uagb-is-root-container\"><div class=\"uagb-container-inner-blocks-wrap\">\n<div class=\"wp-block-uagb-container uagb-block-u5rgzmke\">\n<div class=\"wp-block-uagb-info-box uagb-block-x0lkfvsn uagb-infobox__content-wrap  uagb-infobox-icon-above-title uagb-infobox-image-valign-top\"><div class=\"uagb-ifb-content\"><div class=\"uagb-ifb-title-wrap\"><p class=\"uagb-ifb-title-prefix\">Serbia, 2003<\/p><h1 class=\"uagb-ifb-title\">Bogdan Dugali\u0107<\/h1><\/div><p class=\"uagb-ifb-desc\">Born on 11th of October 2003. Bogdan is currently studying with professor Pavel Gililov at the<br>Mozarteum University in Salzburg as well as with professor Konstantin Bogino at the Perosi Academy in<br>Biella. He has won over 30 prizes in national and international competitions, most significant of which<br>are: 1st prize at &#8220;Humberto Quagliata&#8221; International Piano Competition 2023., 1st prize and the<br>Audience award at 11th international &#8220;Isidor Baji\u0107 Memorial&#8221; 2023., and the 2nd prize and special<br>chamber music prize at the Maj Lind International Piano Competition 2022.<br>Bogdan has collaborated with Mariinsky Symphony Orchestra, Helsinki Radio Symphony Orchestra,<br>Norwegian Radio Orchestra, Serbian Radio Orchestra, Belgrade Symphony Orchestra, Royal Strings of<br>Saint George as well as with Kamus Quartet, performing under the baton of Valery Gergiev, Anna-Maria<br>Helsing, Eivind Aadland, Bojan Su\u0111i\u0107, Srboljub Dini\u0107 and many others. He has played all around the<br>Europe, precisely, in Serbia, Russia, Finland, Norway, Estonia, Italy, Germany, Austria, Portugal, Spain,<br>Macedonia, in important concert halls such as Mariinsky Concert Hall (as a part of &#8220;The Stars of the<br>White Nights&#8221; festival), Great Hall of Moscow Conservatory, Helsinki Music Centre, Stormen Concert<br>Hall, Belgrade Philharmonic Hall, Ilija M. Kolarac Endowment, Sava Center etc.<br>In 2019, 2023 and 2024, Bogdan has benefited scholarships at the Perosi Academy in Biella, Italy. He was<br>also a recipient of Fondation &#8220;Dobar Glas&#8221; scholarship in 2022, as well as the scholarship for the<br>extremely gifted young artists, supported by the Serbian Government. Bogdan has attended to many<br>masterclasses, working with names such as: Dmitry Alexeev, Dina Yoffe, Enrica Cicarelli, Mats Widlund<br>and many others.<br><\/p><\/div><\/div>\n<\/div>\n\n\n\n<div class=\"wp-block-uagb-image alignleft uagb-block-qplssr2o wp-block-uagb-image--layout-default wp-block-uagb-image--effect-static wp-block-uagb-image--align-left\"><figure class=\"wp-block-uagb-image__figure\"><img decoding=\"async\" srcset=\"https:\/\/berlinerklavierfesttage.com\/wp-content\/uploads\/2025\/03\/Bildschirmfoto-2025-03-30-um-22.25.10-e1743449812185.png ,https:\/\/berlinerklavierfesttage.com\/wp-content\/uploads\/2025\/03\/Bildschirmfoto-2025-03-30-um-22.25.10-e1743449812185.png 780w, https:\/\/berlinerklavierfesttage.com\/wp-content\/uploads\/2025\/03\/Bildschirmfoto-2025-03-30-um-22.25.10-e1743449812185.png 360w\" sizes=\"auto, (max-width: 480px) 150px\" src=\"https:\/\/berlinerklavierfesttage.com\/wp-content\/uploads\/2025\/03\/Bildschirmfoto-2025-03-30-um-22.25.10-e1743449812185.png\" alt=\"\" class=\"uag-image-436\" width=\"600\" height=\"800\" title=\"Bildschirmfoto 2025-03-30 um 22.25.10\" loading=\"lazy\" role=\"img\"\/><\/figure><\/div>\n<\/div><\/div>","protected":false},"excerpt":{"rendered":"","protected":false},"author":1,"featured_media":0,"parent":0,"menu_order":0,"comment_status":"closed","ping_status":"closed","template":"","meta":{"give_campaign_id":0,"_uag_custom_page_level_css":"","footnotes":""},"class_list":["post-392","page","type-page","status-publish","hentry"],"campaignId":"","uagb_featured_image_src":{"full":false,"thumbnail":false,"medium":false,"medium_large":false,"large":false,"1536x1536":false,"2048x2048":false,"trp-custom-language-flag":false,"depicter-thumbnail":false,"post-thumbnail":false,"scapeshot-single-post-page":false,"scapeshot-slider":false,"scapeshot-featured":false,"scapeshot-team":false,"scapeshot-logo-slider":false,"scapeshot-portfolio":false,"scapeshot-service":false},"uagb_author_info":{"display_name":"yreshef@gmail.com","author_link":"https:\/\/berlinerklavierfesttage.com\/de\/author\/yreshefgmail-com"},"uagb_comment_info":0,"uagb_excerpt":null,"_links":{"self":[{"href":"https:\/\/berlinerklavierfesttage.com\/de\/wp-json\/wp\/v2\/pages\/392","targetHints":{"allow":["GET"]}}],"collection":[{"href":"https:\/\/berlinerklavierfesttage.com\/de\/wp-json\/wp\/v2\/pages"}],"about":[{"href":"https:\/\/berlinerklavierfesttage.com\/de\/wp-json\/wp\/v2\/types\/page"}],"author":[{"embeddable":true,"href":"https:\/\/berlinerklavierfesttage.com\/de\/wp-json\/wp\/v2\/users\/1"}],"replies":[{"embeddable":true,"href":"https:\/\/berlinerklavierfesttage.com\/de\/wp-json\/wp\/v2\/comments?post=392"}],"version-history":[{"count":2,"href":"https:\/\/berlinerklavierfesttage.com\/de\/wp-json\/wp\/v2\/pages\/392\/revisions"}],"predecessor-version":[{"id":525,"href":"https:\/\/berlinerklavierfesttage.com\/de\/wp-json\/wp\/v2\/pages\/392\/revisions\/525"}],"wp:attachment":[{"href":"https:\/\/berlinerklavierfesttage.com\/de\/wp-json\/wp\/v2\/media?parent=392"}],"curies":[{"name":"wp","href":"https:\/\/api.w.org\/{rel}","templated":true}]}}