{"id":400,"date":"2025-03-30T19:46:47","date_gmt":"2025-03-30T19:46:47","guid":{"rendered":"https:\/\/berlinerklavierfesttage.com\/?page_id=400"},"modified":"2025-03-31T19:36:07","modified_gmt":"2025-03-31T19:36:07","slug":"antoine-rivard-landry","status":"publish","type":"page","link":"https:\/\/berlinerklavierfesttage.com\/de\/antoine-rivard-landry","title":{"rendered":"Antoine Rivard-Landry"},"content":{"rendered":"<div class=\"wp-block-uagb-container uagb-block-fnkji8sw alignfull uagb-is-root-container\"><div class=\"uagb-container-inner-blocks-wrap\">\n<div class=\"wp-block-uagb-container uagb-block-u5rgzmke\">\n<div class=\"wp-block-uagb-info-box uagb-block-x0lkfvsn uagb-infobox__content-wrap  uagb-infobox-icon-above-title uagb-infobox-image-valign-top\"><div class=\"uagb-ifb-content\"><div class=\"uagb-ifb-title-wrap\"><p class=\"uagb-ifb-title-prefix\">canada<\/p><h1 class=\"uagb-ifb-title\">Antoine Rivard-Landry<\/h1><\/div><p class=\"uagb-ifb-desc\"><strong>Education<br><\/strong>University and Conservatory<br>Juilliard School Of Music 2014-2016<br>Robert McDonald<br>Music Faculty of the University of Montreal 2016-2021<br>Jean Saulnier<br>Montreal Conservatory of Music 2021-2023<br>Richard Raymond<br><br><strong>Festivals and residencies<\/strong><br>Festival de Lanaudi\u00e8re 2024<br>Mentorship and career development program<br>Banff Center for the Arts : Arts of piano 2024<br>Hung-Kuan Chen, Tema Blackstone, Marc-Andr\u00e9 Hamelin,<br>Joanna MacGregor et Megumi Masaki<br>Aspen Music Festival and School 2013<br>Yoheved Kaplinksy<br>Orford Music 2016 &amp; 2017<br>Andr\u00e9 Laplante, Yoheved Kaplinsky, Benjamin Pasternack.<br><br><strong>Meisterkurse<\/strong><br>Marie Kodama 2023<br>Lucas Debargue 2020<br><br><strong>Professional Experience<\/strong><br>Recital<br>Le trait d\u2019union community center, Longueuil, CA 06-10-2024<br>Les classiques du dimanche series<br>St-Jean Church, Lausanne, Switzerland 20-09-2024<br>Festival Piano &amp; musique de chambre \u00e0 St-Jean<br>Saint Viateur d\u2019Outremont Church, Montreal, CA 11-08-2024<br>Rolste Concert Hall, Banff, CA 18-07-2024<br>Banff Center for the Arts<br>Saint Viateur d\u2019Outremont Church, Montr\u00e9al, CA 25-02-2024<br>Saint-\u00c9lie-d\u2019Orford Church, St-\u00c9lie-d\u2019Orford, CA 23-06-2021<br>Chapelle Historique du Bon-Pasteur, Montreal, CA 17-03-2019<br><br><strong>Orchestra<br><\/strong>Orchestre de l\u2019Universit\u00e9 de Montr\u00e9al (OUM) 03-11-2018<br>Claude-Champagne Hall, Montreal, CA<br>Beethoven Piano Concerto no.3<br>Conductor Pascal G.-Berardi<br><br>Lebanese Philharmonic Orchestra 18-05-2018<br>Saint-Joseph des P\u00e8res J\u00e9suites Church, Beirut, Liban<br>Beethoven Piano Concerto no.3<br>Conductor Harout Fazlian<br><br>Orchestre Symphonique de Trois-Rivi\u00e8res (OSTR) 01-11-2015<br>J.-A. Thompson Hall, Trois-Rivi\u00e8res, Canada<br>Bart\u00f3k Piano Concerto n.3<br>Conductor Jacques Lacombe<br><br>Orchestre M\u00e9tropolitain (OM) 2010<br>Four concerts tour in the Montreal metropolitan area.<br>Mozart Piano Concerto no.17 K.453, 1st movement<br>Conductor Pierre Tourville<br><br><strong>Chamber music<\/strong><br>Chapelle Saint-Louis, Montreal, Ca 07-09-2024<br>Duo. Hugo Perina, flute and voice<br>Le Monast\u00e8re &#8211; Cabaret 15-06-2024<br>ENVOL &#8211; Show produced by Atypic<br>Collectif MTL 06-06-2024<br>Duo. Drag Queen Miss Badessa<br>Place des arts, Montreal, Canada 03-04-2024<br>Promusica &#8211; M\u00e9lodine Concert Series<br>Trio. Julia Mirzoev, violin &amp; Braden McConnell, cello.<br><br><strong>Competitions<\/strong><br>Concours de piano Auguste-Descarries 2023<br>First Prize<br>Stepping Stone &#8211; Canadian Music Competition 2022<br>Finalist<br>Lyon International Piano Competition 2022<br>Semi Finalist<br>University of Montreal Concerto Competition 2018<br>Third Prize<br>Orford Music Prize 2017<br>Fourth Prize<br>Prix d\u2019Europe 2015<br>Charbonneau-Clerk Prize<br>Concours de l\u2019Orchestre symphonique de Trois-Rivi\u00e8re 2013<br>First Prize<br>Orchestre Symphonique de Montr\u00e9al Competition 2012<br>Second Prize<\/p><\/div><\/div>\n<\/div>\n\n\n\n<div class=\"wp-block-uagb-image alignleft uagb-block-qplssr2o wp-block-uagb-image--layout-default wp-block-uagb-image--effect-static wp-block-uagb-image--align-left\"><figure class=\"wp-block-uagb-image__figure\"><img decoding=\"async\" srcset=\"https:\/\/berlinerklavierfesttage.com\/wp-content\/uploads\/2025\/03\/Bildschirmfoto-2025-01-27-um-21.09.30.png ,https:\/\/berlinerklavierfesttage.com\/wp-content\/uploads\/2025\/03\/Bildschirmfoto-2025-01-27-um-21.09.30.png 780w, https:\/\/berlinerklavierfesttage.com\/wp-content\/uploads\/2025\/03\/Bildschirmfoto-2025-01-27-um-21.09.30.png 360w\" sizes=\"auto, (max-width: 480px) 150px\" src=\"https:\/\/berlinerklavierfesttage.com\/wp-content\/uploads\/2025\/03\/Bildschirmfoto-2025-01-27-um-21.09.30.png\" alt=\"\" class=\"uag-image-367\" width=\"600\" height=\"800\" title=\"Bildschirmfoto 2025-01-27 um 21.09.30\" loading=\"lazy\" role=\"img\"\/><\/figure><\/div>\n<\/div><\/div>","protected":false},"excerpt":{"rendered":"","protected":false},"author":1,"featured_media":0,"parent":0,"menu_order":0,"comment_status":"closed","ping_status":"closed","template":"","meta":{"give_campaign_id":0,"_uag_custom_page_level_css":"","footnotes":""},"class_list":["post-400","page","type-page","status-publish","hentry"],"campaignId":"","uagb_featured_image_src":{"full":false,"thumbnail":false,"medium":false,"medium_large":false,"large":false,"1536x1536":false,"2048x2048":false,"trp-custom-language-flag":false,"depicter-thumbnail":false,"post-thumbnail":false,"scapeshot-single-post-page":false,"scapeshot-slider":false,"scapeshot-featured":false,"scapeshot-team":false,"scapeshot-logo-slider":false,"scapeshot-portfolio":false,"scapeshot-service":false},"uagb_author_info":{"display_name":"yreshef@gmail.com","author_link":"https:\/\/berlinerklavierfesttage.com\/de\/author\/yreshefgmail-com"},"uagb_comment_info":0,"uagb_excerpt":null,"_links":{"self":[{"href":"https:\/\/berlinerklavierfesttage.com\/de\/wp-json\/wp\/v2\/pages\/400","targetHints":{"allow":["GET"]}}],"collection":[{"href":"https:\/\/berlinerklavierfesttage.com\/de\/wp-json\/wp\/v2\/pages"}],"about":[{"href":"https:\/\/berlinerklavierfesttage.com\/de\/wp-json\/wp\/v2\/types\/page"}],"author":[{"embeddable":true,"href":"https:\/\/berlinerklavierfesttage.com\/de\/wp-json\/wp\/v2\/users\/1"}],"replies":[{"embeddable":true,"href":"https:\/\/berlinerklavierfesttage.com\/de\/wp-json\/wp\/v2\/comments?post=400"}],"version-history":[{"count":2,"href":"https:\/\/berlinerklavierfesttage.com\/de\/wp-json\/wp\/v2\/pages\/400\/revisions"}],"predecessor-version":[{"id":524,"href":"https:\/\/berlinerklavierfesttage.com\/de\/wp-json\/wp\/v2\/pages\/400\/revisions\/524"}],"wp:attachment":[{"href":"https:\/\/berlinerklavierfesttage.com\/de\/wp-json\/wp\/v2\/media?parent=400"}],"curies":[{"name":"wp","href":"https:\/\/api.w.org\/{rel}","templated":true}]}}