{"id":79,"date":"2025-03-28T12:25:09","date_gmt":"2025-03-28T12:25:09","guid":{"rendered":"https:\/\/berlinerklavierfesttage.com\/?page_id=79"},"modified":"2026-02-03T20:24:37","modified_gmt":"2026-02-03T20:24:37","slug":"how-to-support-benefits","status":"publish","type":"page","link":"https:\/\/berlinerklavierfesttage.com\/de\/how-to-support-benefits","title":{"rendered":"Werden Sie ein Teil der Berliner Klavierfesttage"},"content":{"rendered":"<div class=\"wp-block-uagb-container uagb-block-yk8xgy5c alignfull uagb-is-root-container\">\n<div class=\"wp-block-uagb-info-box uagb-block-ykb60zc6 uagb-infobox__content-wrap  uagb-infobox-icon-above-title uagb-infobox-image-valign-top wp-block-uagb-info-box--has-margin\"><div class=\"uagb-infobox-margin-wrapper\"><div class=\"uagb-ifb-content\"><div class=\"uagb-ifb-title-wrap\"><p class=\"uagb-ifb-title-prefix\">Freundeskreis, Spenden, Sponsorings und mehr<\/p><h1 class=\"uagb-ifb-title\">Die Berliner Klavierfesttage sind vollst\u00e4ndig privat finanziert.<\/h1><\/div><p class=\"uagb-ifb-desc translation-block\">Unternehmen, Stiftungen und engagierte B\u00fcrgerinnen und B\u00fcrger aus der Region und dar\u00fcber hinaus tragen dazu bei, dass die Berliner Klavierfesttage Wirklichkeit werden. Mit ihrer Unterst\u00fctzung entsteht ein kulturelles Ereignis von internationaler Bedeutung \u2013 mitten im Herzen der deutschen Hauptstadt Berlin. Ihr Engagement f\u00f6rdert Begegnungen zwischen Menschen, st\u00e4rkt die kulturelle Teilhabe, unterst\u00fctzt junge Talente und tr\u00e4gt zur k\u00fcnstlerischen Exzellenz in der Region bei.\nErfahren Sie, wie Unternehmen, Stiftungen und Privatpersonen bereits beitragen \u2013 und wie auch Sie Teil einer Initiative werden k\u00f6nnen, die Musik, Menschen und Orte miteinander verbindet.<\/p><\/div><\/div><\/div>\n<\/div>\n\n\n\n<div style=\"height:62px\" aria-hidden=\"true\" class=\"wp-block-spacer\"><\/div>\n\n\n\n<div class=\"wp-block-uagb-separator uagb-block-99846638\"><div class=\"wp-block-uagb-separator__inner\" style=\"--my-background-image:\"><\/div><\/div>\n\n\n\n<div class=\"wp-block-uagb-container uagb-layout-flex uagb-block-thktlwzi alignfull uagb-is-root-container\"><div class=\"uagb-container-inner-blocks-wrap\">\n<div class=\"wp-block-uagb-container uagb-block-yeblmyuw\">\n<div class=\"wp-block-uagb-container uagb-block-hq1lliaw\">\n<div class=\"wp-block-uagb-image aligncenter uagb-block-wtvdlm2y wp-block-uagb-image--layout-overlay wp-block-uagb-image--effect-static wp-block-uagb-image--align-center alignleft\"><figure class=\"wp-block-uagb-image__figure\"><a class=\"\" href=\"https:\/\/berlinerklavierfesttage.com\/de\/friends\/\" target=\"\" rel=\"noopener\"><img decoding=\"async\" srcset=\"https:\/\/berlinerklavierfesttage.com\/wp-content\/uploads\/2025\/12\/Der-Sektempfang-bei-der-Hochzeit-1-1140x570-2.jpg ,https:\/\/berlinerklavierfesttage.com\/wp-content\/uploads\/2025\/12\/Der-Sektempfang-bei-der-Hochzeit-1-1140x570-2.jpg 780w, https:\/\/berlinerklavierfesttage.com\/wp-content\/uploads\/2025\/12\/Der-Sektempfang-bei-der-Hochzeit-1-1140x570-2.jpg 360w\" sizes=\"auto, (max-width: 480px) 150px\" src=\"https:\/\/berlinerklavierfesttage.com\/wp-content\/uploads\/2025\/12\/Der-Sektempfang-bei-der-Hochzeit-1-1140x570-2.jpg\" alt=\"\" class=\"uag-image-1209\" width=\"576\" height=\"364\" title=\"Top view of glasses of sparkling wine at a champagne reception.\" loading=\"lazy\" role=\"img\"\/><\/a><div class=\"wp-block-uagb-image--layout-overlay__color-wrapper\"><\/div><div class=\"wp-block-uagb-image--layout-overlay__inner center-center\"><a class=\"wp-block-uagb-image--layout-overlay-link\" href=\"https:\/\/berlinerklavierfesttage.com\/de\/friends\/\" target=\"\" rel=\"noopener\"><\/a><h2 class=\"uagb-image-heading\">Freundeskreis der Berliner Klavierfesttage<\/h2><figcaption class=\"uagb-image-caption\">Musikliebhaber aus aller Welt<\/figcaption><\/div><\/figure><\/div>\n\n\n\n<div style=\"height:30px\" aria-hidden=\"true\" class=\"wp-block-spacer\"><\/div>\n<\/div>\n\n\n\n<div class=\"wp-block-uagb-container uagb-block-8jpokuhe\">\n<div class=\"wp-block-uagb-image aligncenter uagb-block-dguq8q4k wp-block-uagb-image--layout-overlay wp-block-uagb-image--effect-static wp-block-uagb-image--align-center alignleft\"><figure class=\"wp-block-uagb-image__figure\"><a class=\"\" href=\"https:\/\/berlinerklavierfesttage.com\/de\/donate\/\" target=\"\" rel=\"noopener\"><img decoding=\"async\" srcset=\"https:\/\/berlinerklavierfesttage.com\/wp-content\/uploads\/2025\/12\/Der-Sektempfang-bei-der-Hochzeit-1-1140x570-3-1024x672.jpg ,https:\/\/berlinerklavierfesttage.com\/wp-content\/uploads\/2025\/12\/Der-Sektempfang-bei-der-Hochzeit-1-1140x570-3.jpg 780w, https:\/\/berlinerklavierfesttage.com\/wp-content\/uploads\/2025\/12\/Der-Sektempfang-bei-der-Hochzeit-1-1140x570-3.jpg 360w\" sizes=\"auto, (max-width: 480px) 150px\" src=\"https:\/\/berlinerklavierfesttage.com\/wp-content\/uploads\/2025\/12\/Der-Sektempfang-bei-der-Hochzeit-1-1140x570-3-1024x672.jpg\" alt=\"\" class=\"uag-image-1214\" width=\"576\" height=\"364\" title=\"Der-Sektempfang-bei-der-Hochzeit-1-1140x570\" loading=\"lazy\" role=\"img\"\/><\/a><div class=\"wp-block-uagb-image--layout-overlay__color-wrapper\"><\/div><div class=\"wp-block-uagb-image--layout-overlay__inner center-center\"><a class=\"wp-block-uagb-image--layout-overlay-link\" href=\"https:\/\/berlinerklavierfesttage.com\/de\/donate\/\" target=\"\" rel=\"noopener\"><\/a><h2 class=\"uagb-image-heading\">Spenden<\/h2><figcaption class=\"uagb-image-caption\">Ihr Engagement f\u00fcr Kunst, Kultur und Gesellschaft<\/figcaption><\/div><\/figure><\/div>\n\n\n\n<div style=\"height:30px\" aria-hidden=\"true\" class=\"wp-block-spacer\"><\/div>\n<\/div>\n\n\n\n<div class=\"wp-block-uagb-container uagb-block-3604ba3b\">\n<div class=\"wp-block-uagb-image aligncenter uagb-block-05f12e14 wp-block-uagb-image--layout-overlay wp-block-uagb-image--effect-static wp-block-uagb-image--align-center alignleft\"><figure class=\"wp-block-uagb-image__figure\"><a class=\"\" href=\"https:\/\/berlinerklavierfesttage.com\/de\/sponsoring\/\" target=\"\" rel=\"noopener\"><img decoding=\"async\" srcset=\"https:\/\/berlinerklavierfesttage.com\/wp-content\/uploads\/2025\/12\/Der-Sektempfang-bei-der-Hochzeit-1-1140x570-4.jpg ,https:\/\/berlinerklavierfesttage.com\/wp-content\/uploads\/2025\/12\/Der-Sektempfang-bei-der-Hochzeit-1-1140x570-4.jpg 780w, https:\/\/berlinerklavierfesttage.com\/wp-content\/uploads\/2025\/12\/Der-Sektempfang-bei-der-Hochzeit-1-1140x570-4.jpg 360w\" sizes=\"auto, (max-width: 480px) 150px\" src=\"https:\/\/berlinerklavierfesttage.com\/wp-content\/uploads\/2025\/12\/Der-Sektempfang-bei-der-Hochzeit-1-1140x570-4.jpg\" alt=\"\" class=\"uag-image-1217\" width=\"576\" height=\"364\" title=\"Group of business persons shaking hands in the office\" loading=\"lazy\" role=\"img\"\/><\/a><div class=\"wp-block-uagb-image--layout-overlay__color-wrapper\"><\/div><div class=\"wp-block-uagb-image--layout-overlay__inner center-center\"><a class=\"wp-block-uagb-image--layout-overlay-link\" href=\"https:\/\/berlinerklavierfesttage.com\/de\/sponsoring\/\" target=\"\" rel=\"noopener\"><\/a><h2 class=\"uagb-image-heading\">Sponsoring<\/h2><figcaption class=\"uagb-image-caption\">Die Berliner Klavierfesttage als Partner<\/figcaption><\/div><\/figure><\/div>\n\n\n\n<div style=\"height:30px\" aria-hidden=\"true\" class=\"wp-block-spacer\"><\/div>\n<\/div>\n\n\n\n<div class=\"wp-block-uagb-container uagb-block-e4zw2wuy\">\n<div class=\"wp-block-uagb-image aligncenter uagb-block-qjw26x9y wp-block-uagb-image--layout-overlay wp-block-uagb-image--effect-static wp-block-uagb-image--align-center alignleft\"><figure class=\"wp-block-uagb-image__figure\"><a class=\"\" href=\"https:\/\/berlinerklavierfesttage.com\/de\/legacy-giving\/\" target=\"\" rel=\"noopener\"><img decoding=\"async\" srcset=\"https:\/\/berlinerklavierfesttage.com\/wp-content\/uploads\/2025\/03\/pexels-photo-210764-210764-1024x683.jpg ,https:\/\/berlinerklavierfesttage.com\/wp-content\/uploads\/2025\/03\/pexels-photo-210764-210764-scaled.jpg 780w, https:\/\/berlinerklavierfesttage.com\/wp-content\/uploads\/2025\/03\/pexels-photo-210764-210764-scaled.jpg 360w\" sizes=\"auto, (max-width: 480px) 150px\" src=\"https:\/\/berlinerklavierfesttage.com\/wp-content\/uploads\/2025\/03\/pexels-photo-210764-210764-1024x683.jpg\" alt=\"Black and white piano keys with a sheet of classical music creating a harmonious composition.\" class=\"uag-image-499\" width=\"576\" height=\"364\" title=\"pexels-photo-210764-210764\" loading=\"lazy\" role=\"img\"\/><\/a><div class=\"wp-block-uagb-image--layout-overlay__color-wrapper\"><\/div><div class=\"wp-block-uagb-image--layout-overlay__inner center-center\"><a class=\"wp-block-uagb-image--layout-overlay-link\" href=\"https:\/\/berlinerklavierfesttage.com\/de\/legacy-giving\/\" target=\"\" rel=\"noopener\"><\/a><h2 class=\"uagb-image-heading\">Verm\u00e4chtnisgabe<\/h2><figcaption class=\"uagb-image-caption\">Sichere die Zukunft der klassischen Musik<\/figcaption><\/div><\/figure><\/div>\n\n\n\n<div style=\"height:30px\" aria-hidden=\"true\" class=\"wp-block-spacer\"><\/div>\n<\/div>\n<\/div>\n<\/div><\/div>\n\n\n\n<div class=\"wp-block-uagb-container uagb-block-mffvk3ie alignfull uagb-is-root-container\"><div class=\"uagb-container-inner-blocks-wrap\">\n<div class=\"wp-block-uagb-info-box uagb-block-rzpughri uagb-infobox__content-wrap  uagb-infobox-icon-above-title uagb-infobox-image-valign-top\"><div class=\"uagb-ifb-content\"><div class=\"uagb-ifb-title-wrap\"><p class=\"uagb-ifb-title-prefix\">Freundeskreis der Berliner Klavierfesttage<\/p><h2 class=\"uagb-ifb-title\">Danksagungen<\/h2><\/div><\/div><\/div>\n\n\n\n<div style=\"height:27px\" aria-hidden=\"true\" class=\"wp-block-spacer\"><\/div>\n\n\n\n<div class=\"wp-block-uagb-buttons uagb-buttons__outer-wrap uagb-btn__default-btn uagb-btn-tablet__default-btn uagb-btn-mobile__default-btn uagb-block-e5d93c37\"><div class=\"uagb-buttons__wrap uagb-buttons-layout-wrap\">\n<div class=\"wp-block-uagb-buttons-child uagb-buttons__outer-wrap uagb-block-91c6769d wp-block-button\"><div class=\"uagb-button__wrapper\"><a class=\"uagb-buttons-repeater wp-block-button__link\" aria-label=\"\" href=\"https:\/\/berlinerklavierfesttage.com\/de\/acknowledgements\/\" rel=\"follow noopener\" target=\"_self\" role=\"button\"><div class=\"uagb-button__link\">Unsere Unterst\u00fctzer<\/div><\/a><\/div><\/div>\n<\/div><\/div>\n<\/div><\/div>","protected":false},"excerpt":{"rendered":"","protected":false},"author":1,"featured_media":0,"parent":0,"menu_order":0,"comment_status":"closed","ping_status":"closed","template":"","meta":{"give_campaign_id":0,"_uag_custom_page_level_css":"","footnotes":""},"class_list":["post-79","page","type-page","status-publish","hentry"],"campaignId":"","uagb_featured_image_src":{"full":false,"thumbnail":false,"medium":false,"medium_large":false,"large":false,"1536x1536":false,"2048x2048":false,"trp-custom-language-flag":false,"depicter-thumbnail":false,"post-thumbnail":false,"scapeshot-single-post-page":false,"scapeshot-slider":false,"scapeshot-featured":false,"scapeshot-team":false,"scapeshot-logo-slider":false,"scapeshot-portfolio":false,"scapeshot-service":false},"uagb_author_info":{"display_name":"yreshef@gmail.com","author_link":"https:\/\/berlinerklavierfesttage.com\/de\/author\/yreshefgmail-com"},"uagb_comment_info":0,"uagb_excerpt":null,"_links":{"self":[{"href":"https:\/\/berlinerklavierfesttage.com\/de\/wp-json\/wp\/v2\/pages\/79","targetHints":{"allow":["GET"]}}],"collection":[{"href":"https:\/\/berlinerklavierfesttage.com\/de\/wp-json\/wp\/v2\/pages"}],"about":[{"href":"https:\/\/berlinerklavierfesttage.com\/de\/wp-json\/wp\/v2\/types\/page"}],"author":[{"embeddable":true,"href":"https:\/\/berlinerklavierfesttage.com\/de\/wp-json\/wp\/v2\/users\/1"}],"replies":[{"embeddable":true,"href":"https:\/\/berlinerklavierfesttage.com\/de\/wp-json\/wp\/v2\/comments?post=79"}],"version-history":[{"count":70,"href":"https:\/\/berlinerklavierfesttage.com\/de\/wp-json\/wp\/v2\/pages\/79\/revisions"}],"predecessor-version":[{"id":1418,"href":"https:\/\/berlinerklavierfesttage.com\/de\/wp-json\/wp\/v2\/pages\/79\/revisions\/1418"}],"wp:attachment":[{"href":"https:\/\/berlinerklavierfesttage.com\/de\/wp-json\/wp\/v2\/media?parent=79"}],"curies":[{"name":"wp","href":"https:\/\/api.w.org\/{rel}","templated":true}]}}