{"id":81,"date":"2025-03-28T12:25:57","date_gmt":"2025-03-28T12:25:57","guid":{"rendered":"https:\/\/berlinerklavierfesttage.com\/?page_id=81"},"modified":"2026-03-19T23:10:59","modified_gmt":"2026-03-19T23:10:59","slug":"acknowledgements","status":"publish","type":"page","link":"https:\/\/berlinerklavierfesttage.com\/de\/acknowledgements","title":{"rendered":"Danksagungen"},"content":{"rendered":"<div class=\"wp-block-uagb-container uagb-block-f4wn4xwn alignfull uagb-is-root-container\"><div class=\"uagb-container-inner-blocks-wrap\">\n<div class=\"wp-block-uagb-advanced-heading uagb-block-izay7dlc\"><h2 class=\"uagb-heading-text\">Freundeskreis der Berliner Klavierfesttage <\/h2><p class=\"uagb-desc-text\">Der Freundeskreis stellt das Herzst\u00fcck der Berliner Klavierfesttage dar. Vielen Dank f\u00fcr Ihr Engagement bei den Berliner Klavierfesttagen - Ihre Unterst\u00fctzung tr\u00e4gt ma\u00dfgeblich zum Erfolg des Festivals bei und Sie leisten einen unverzichtbaren Beitrag zur F\u00f6rderung der klassischen Kunst und Kultur. Wir danken Ihnen von ganzem Herzen. <\/p><\/div>\n\n\n<div class=\"wp-block-uagb-faq uagb-faq__outer-wrap uagb-block-vfpldxlq uagb-faq-icon-row-reverse uagb-faq-layout-accordion uagb-faq-expand-first-true uagb-faq-inactive-other-false uagb-faq__wrap uagb-buttons-layout-wrap uagb-faq-equal-height\" data-faqtoggle=\"true\" role=\"tablist\"><div class=\"wp-block-uagb-faq-child uagb-faq-child__outer-wrap uagb-faq-item uagb-block-wjkmqcpt\" role=\"tab\" tabindex=\"0\"><div class=\"uagb-faq-questions-button uagb-faq-questions\">\t\t\t<span class=\"uagb-icon uagb-faq-icon-wrap\">\n\t\t\t\t\t\t\t<\/span>\n\t\t\t\t\t\t<span class=\"uagb-icon-active uagb-faq-icon-wrap\">\n\t\t\t\t\t\t\t<\/span>\n\t\t\t<p class=\"uagb-question\">Freunde<\/p><\/div><div class=\"uagb-faq-content\"><p>Daniel Abt<br>Rainer Bahr<br>Amari Barash<br>Christoph Bachmann<br>Felix Du<br>Thomas Geiger<br>Tilo Krause<br>Gabriel M\u00fcller<br>Teresa Pe\u00f1a<br>Ifat Reshef<br>Oskar Wahnsiedler<br><br><\/p><\/div><\/div><div class=\"wp-block-uagb-faq-child uagb-faq-child__outer-wrap uagb-faq-item uagb-block-dx21uuzp\" role=\"tab\" tabindex=\"0\"><div class=\"uagb-faq-questions-button uagb-faq-questions\">\t\t\t<span class=\"uagb-icon uagb-faq-icon-wrap\">\n\t\t\t\t\t\t\t<\/span>\n\t\t\t\t\t\t<span class=\"uagb-icon-active uagb-faq-icon-wrap\">\n\t\t\t\t\t\t\t<\/span>\n\t\t\t<p class=\"uagb-question\">F\u00f6rderer<\/p><\/div><div class=\"uagb-faq-content\"><p>Gaby Ashkenazy<br>Dr. Anja Dieterlen<br>Christian El\u00dfner<br>Ingrid Gernu\u00df<br>Familie H\u00e4rle<br>Rainer Kamm<br>Dr. Florian Priller<br>Shlomo Udem<br><br><\/p><\/div><\/div><div class=\"wp-block-uagb-faq-child uagb-faq-child__outer-wrap uagb-faq-item uagb-block-pr6z8hzx\" role=\"tab\" tabindex=\"0\"><div class=\"uagb-faq-questions-button uagb-faq-questions\">\t\t\t<span class=\"uagb-icon uagb-faq-icon-wrap\">\n\t\t\t\t\t\t\t<\/span>\n\t\t\t\t\t\t<span class=\"uagb-icon-active uagb-faq-icon-wrap\">\n\t\t\t\t\t\t\t<\/span>\n\t\t\t<p class=\"uagb-question\">M\u00e4zene<\/p><\/div><div class=\"uagb-faq-content\"><p>Sabine von Anhalt &amp; Holger Rausch<br>Familie Ehret<br>James Hannaford<br>Judith Reifler<\/p><\/div><\/div><\/div>\n\n\n<div class=\"wp-block-uagb-advanced-heading uagb-block-liom7a54\"><p class=\"uagb-heading-text\">Werden Sie ein Teil der Berliner Klavierfesttage!<\/p><p class=\"uagb-desc-text\">Erfahren Sie, wie auch Sie selbst Teil der Berliner Klavierfesttage werden k\u00f6nnen!<\/p><\/div>\n\n\n\n<div class=\"wp-block-uagb-buttons uagb-buttons__outer-wrap uagb-btn__default-btn uagb-btn-tablet__default-btn uagb-btn-mobile__default-btn uagb-block-bxpzjldr\"><div class=\"uagb-buttons__wrap uagb-buttons-layout-wrap\">\n<div class=\"wp-block-uagb-buttons-child uagb-buttons__outer-wrap uagb-block-4ltjaj2j wp-block-button\"><div class=\"uagb-button__wrapper\"><a class=\"uagb-buttons-repeater ast-outline-button\" aria-label=\"\" style=\"border-width:revert-layer\" href=\"https:\/\/berlinerklavierfesttage.com\/de\/how-to-support-benefits\/\" rel=\"follow noopener\" target=\"_self\" role=\"button\"><div class=\"uagb-button__link\">mehr erfahren<\/div><\/a><\/div><\/div>\n<\/div><\/div>\n<\/div><\/div>","protected":false},"excerpt":{"rendered":"<p>Friends and Sponsors of the Berliner Klavierfesttage The Friends of the Berliner Klavierfesttage are the heart of the festival. Thank<\/p>\n<p><span class=\"more-link\"><a href=\"https:\/\/berlinerklavierfesttage.com\/de\/acknowledgements\" class=\"readmore\">Continue reading<span class=\"screen-reader-text\">Danksagungen<\/span><\/a><\/span><\/p>","protected":false},"author":1,"featured_media":0,"parent":0,"menu_order":0,"comment_status":"closed","ping_status":"closed","template":"","meta":{"give_campaign_id":0,"_uag_custom_page_level_css":"","footnotes":""},"class_list":["post-81","page","type-page","status-publish","hentry"],"campaignId":"","uagb_featured_image_src":{"full":false,"thumbnail":false,"medium":false,"medium_large":false,"large":false,"1536x1536":false,"2048x2048":false,"trp-custom-language-flag":false,"depicter-thumbnail":false,"post-thumbnail":false,"scapeshot-single-post-page":false,"scapeshot-slider":false,"scapeshot-featured":false,"scapeshot-team":false,"scapeshot-logo-slider":false,"scapeshot-portfolio":false,"scapeshot-service":false},"uagb_author_info":{"display_name":"yreshef@gmail.com","author_link":"https:\/\/berlinerklavierfesttage.com\/de\/author\/yreshefgmail-com"},"uagb_comment_info":0,"uagb_excerpt":"Friends and Sponsors of the Berliner Klavierfesttage The Friends of the Berliner Klavierfesttage are the heart of the festival. ThankContinue readingAcknowledgements","_links":{"self":[{"href":"https:\/\/berlinerklavierfesttage.com\/de\/wp-json\/wp\/v2\/pages\/81","targetHints":{"allow":["GET"]}}],"collection":[{"href":"https:\/\/berlinerklavierfesttage.com\/de\/wp-json\/wp\/v2\/pages"}],"about":[{"href":"https:\/\/berlinerklavierfesttage.com\/de\/wp-json\/wp\/v2\/types\/page"}],"author":[{"embeddable":true,"href":"https:\/\/berlinerklavierfesttage.com\/de\/wp-json\/wp\/v2\/users\/1"}],"replies":[{"embeddable":true,"href":"https:\/\/berlinerklavierfesttage.com\/de\/wp-json\/wp\/v2\/comments?post=81"}],"version-history":[{"count":14,"href":"https:\/\/berlinerklavierfesttage.com\/de\/wp-json\/wp\/v2\/pages\/81\/revisions"}],"predecessor-version":[{"id":1484,"href":"https:\/\/berlinerklavierfesttage.com\/de\/wp-json\/wp\/v2\/pages\/81\/revisions\/1484"}],"wp:attachment":[{"href":"https:\/\/berlinerklavierfesttage.com\/de\/wp-json\/wp\/v2\/media?parent=81"}],"curies":[{"name":"wp","href":"https:\/\/api.w.org\/{rel}","templated":true}]}}