{"id":831,"date":"2025-04-20T22:42:29","date_gmt":"2025-04-20T22:42:29","guid":{"rendered":"https:\/\/berlinerklavierfesttage.com\/?page_id=831"},"modified":"2025-04-20T23:38:08","modified_gmt":"2025-04-20T23:38:08","slug":"faculty","status":"publish","type":"page","link":"https:\/\/berlinerklavierfesttage.com\/de\/faculty","title":{"rendered":"Fakult\u00e4t"},"content":{"rendered":"<div class=\"wp-block-uagb-container uagb-block-iiz0m2ua alignfull uagb-is-root-container\"><div class=\"uagb-container-inner-blocks-wrap\">\n<div class=\"wp-block-uagb-info-box uagb-block-txud7rsb uagb-infobox__content-wrap  uagb-infobox-icon-above-title uagb-infobox-image-valign-top wp-block-uagb-info-box--has-margin\"><div class=\"uagb-infobox-margin-wrapper\"><div class=\"uagb-ifb-content\"><div class=\"uagb-ifb-title-wrap\"><span class=\"uagb-ifb-title-prefix\">UNSERE FAKULT\u00c4T<\/span><h2 class=\"uagb-ifb-title\">Fakult\u00e4t der Berliner Klaiverfesttage<\/h2><\/div><p class=\"uagb-ifb-desc\">Wir sind stolz darauf, eine Auswahl der weltweit bedeutendsten und renommiertesten Pianisten und P\u00e4dagogen zu der Fakut\u00e4t der Berliner Klavierfesttage z\u00e4hlen zu d\u00fcrfen!<\/p><\/div><\/div><\/div>\n\n\n\n<div class=\"wp-block-uagb-container uagb-layout-grid uagb-block-tmjvgmhv\">\n<div class=\"wp-block-uagb-container uagb-block-e9l0si4v\">\n<div class=\"wp-block-uagb-image alignleft uagb-block-7nmrnss8 wp-block-uagb-image--layout-default wp-block-uagb-image--effect-static wp-block-uagb-image--align-left\"><figure class=\"wp-block-uagb-image__figure\"><a class=\"\" href=\"https:\/\/berlinerklavierfesttage.com\/de\/iddo-bar-shai\/\" target=\"\" rel=\"noopener\"><img decoding=\"async\" srcset=\"https:\/\/berlinerklavierfesttage.com\/wp-content\/uploads\/2025\/03\/Bildschirmfoto-2024-09-29-um-18.47.52.png ,https:\/\/berlinerklavierfesttage.com\/wp-content\/uploads\/2025\/03\/Bildschirmfoto-2024-09-29-um-18.47.52.png 780w, https:\/\/berlinerklavierfesttage.com\/wp-content\/uploads\/2025\/03\/Bildschirmfoto-2024-09-29-um-18.47.52.png 360w\" sizes=\"auto, (max-width: 480px) 150px\" src=\"https:\/\/berlinerklavierfesttage.com\/wp-content\/uploads\/2025\/03\/Bildschirmfoto-2024-09-29-um-18.47.52.png\" alt=\"\" class=\"uag-image-340\" width=\"368\" height=\"368\" title=\"Bildschirmfoto 2024-09-29 um 18.47.52\" loading=\"lazy\" role=\"img\"\/><\/a><\/figure><\/div>\n\n\n\n<div class=\"wp-block-uagb-info-box uagb-block-bucsrsy6 uagb-infobox__content-wrap  uagb-infobox-icon-above-title uagb-infobox-image-valign-top\"><div class=\"uagb-ifb-content\"><div class=\"uagb-ifb-title-wrap\"><p class=\"uagb-ifb-title\"><a href=\"https:\/\/berlinerklavierfesttage.com\/de\/iddo-bar-shai\/\">Iddo Bar-Shai<\/a><\/p><\/div><p class=\"uagb-ifb-desc\">Fakult\u00e4t<\/p><\/div><\/div>\n<\/div>\n\n\n\n<div class=\"wp-block-uagb-container uagb-block-9d5a13d7\">\n<div class=\"wp-block-uagb-image alignleft uagb-block-328ed717 wp-block-uagb-image--layout-default wp-block-uagb-image--effect-static wp-block-uagb-image--align-left\"><figure class=\"wp-block-uagb-image__figure\"><a class=\"\" href=\"https:\/\/berlinerklavierfesttage.com\/de\/massimiliano-ferrati\/\" target=\"\" rel=\"noopener\"><img decoding=\"async\" srcset=\"https:\/\/berlinerklavierfesttage.com\/wp-content\/uploads\/2025\/03\/Bildschirmfoto-2024-09-29-um-18.55.18-996x1024.png ,https:\/\/berlinerklavierfesttage.com\/wp-content\/uploads\/2025\/03\/Bildschirmfoto-2024-09-29-um-18.55.18.png 780w, https:\/\/berlinerklavierfesttage.com\/wp-content\/uploads\/2025\/03\/Bildschirmfoto-2024-09-29-um-18.55.18.png 360w\" sizes=\"auto, (max-width: 480px) 150px\" src=\"https:\/\/berlinerklavierfesttage.com\/wp-content\/uploads\/2025\/03\/Bildschirmfoto-2024-09-29-um-18.55.18-996x1024.png\" alt=\"\" class=\"uag-image-342\" width=\"368\" height=\"368\" title=\"Bildschirmfoto 2024-09-29 um 18.55.18\" loading=\"lazy\" role=\"img\"\/><\/a><\/figure><\/div>\n\n\n\n<div class=\"wp-block-uagb-info-box uagb-block-ba1c8f6b uagb-infobox__content-wrap  uagb-infobox-icon-above-title uagb-infobox-image-valign-top\"><div class=\"uagb-ifb-content\"><div class=\"uagb-ifb-title-wrap\"><p class=\"uagb-ifb-title\"><a href=\"https:\/\/berlinerklavierfesttage.com\/de\/massimiliano-ferrati\/\">Massimiliano Ferrati<\/a><\/p><\/div><p class=\"uagb-ifb-desc\">Fakult\u00e4t<\/p><\/div><\/div>\n<\/div>\n\n\n\n<div class=\"wp-block-uagb-container uagb-block-gtcuv0kk\">\n<div class=\"wp-block-uagb-image alignleft uagb-block-anr04g8z wp-block-uagb-image--layout-default wp-block-uagb-image--effect-static wp-block-uagb-image--align-left\"><figure class=\"wp-block-uagb-image__figure\"><a class=\"\" href=\"https:\/\/berlinerklavierfesttage.com\/de\/emanuel-krasovsky\/\" target=\"\" rel=\"noopener\"><img decoding=\"async\" srcset=\"https:\/\/berlinerklavierfesttage.com\/wp-content\/uploads\/2025\/03\/Bildschirmfoto-2024-09-29-um-18.52.29-679x1024.png ,https:\/\/berlinerklavierfesttage.com\/wp-content\/uploads\/2025\/03\/Bildschirmfoto-2024-09-29-um-18.52.29.png 780w, https:\/\/berlinerklavierfesttage.com\/wp-content\/uploads\/2025\/03\/Bildschirmfoto-2024-09-29-um-18.52.29.png 360w\" sizes=\"auto, (max-width: 480px) 150px\" src=\"https:\/\/berlinerklavierfesttage.com\/wp-content\/uploads\/2025\/03\/Bildschirmfoto-2024-09-29-um-18.52.29-679x1024.png\" alt=\"\" class=\"uag-image-351\" width=\"368\" height=\"368\" title=\"Bildschirmfoto 2024-09-29 um 18.52.29\" loading=\"lazy\" role=\"img\"\/><\/a><\/figure><\/div>\n\n\n\n<div class=\"wp-block-uagb-info-box uagb-block-n0ootj4l uagb-infobox__content-wrap  uagb-infobox-icon-above-title uagb-infobox-image-valign-top\"><div class=\"uagb-ifb-content\"><div class=\"uagb-ifb-title-wrap\"><p class=\"uagb-ifb-title\"><a href=\"https:\/\/berlinerklavierfesttage.com\/de\/emanuel-krasovsky\/\">Emanuel Krasovsky<\/a><\/p><\/div><p class=\"uagb-ifb-desc\">Fakult\u00e4t<\/p><\/div><\/div>\n<\/div>\n\n\n\n<div class=\"wp-block-uagb-container uagb-block-c6bca741\">\n<div class=\"wp-block-uagb-image alignleft uagb-block-5b9c4208 wp-block-uagb-image--layout-default wp-block-uagb-image--effect-static wp-block-uagb-image--align-left\"><figure class=\"wp-block-uagb-image__figure\"><a class=\"\" href=\"https:\/\/berlinerklavierfesttage.com\/de\/norman-krieger\/\" target=\"\" rel=\"noopener\"><img decoding=\"async\" srcset=\"https:\/\/berlinerklavierfesttage.com\/wp-content\/uploads\/2025\/03\/Bildschirmfoto-2024-10-03-um-19.59.07.png ,https:\/\/berlinerklavierfesttage.com\/wp-content\/uploads\/2025\/03\/Bildschirmfoto-2024-10-03-um-19.59.07.png 780w, https:\/\/berlinerklavierfesttage.com\/wp-content\/uploads\/2025\/03\/Bildschirmfoto-2024-10-03-um-19.59.07.png 360w\" sizes=\"auto, (max-width: 480px) 150px\" src=\"https:\/\/berlinerklavierfesttage.com\/wp-content\/uploads\/2025\/03\/Bildschirmfoto-2024-10-03-um-19.59.07.png\" alt=\"\" class=\"uag-image-353\" width=\"368\" height=\"368\" title=\"Bildschirmfoto 2024-10-03 um 19.59.07\" loading=\"lazy\" role=\"img\"\/><\/a><\/figure><\/div>\n\n\n\n<div class=\"wp-block-uagb-info-box uagb-block-77be02ab uagb-infobox__content-wrap  uagb-infobox-icon-above-title uagb-infobox-image-valign-top\"><div class=\"uagb-ifb-content\"><div class=\"uagb-ifb-title-wrap\"><p class=\"uagb-ifb-title\"><a href=\"https:\/\/berlinerklavierfesttage.com\/de\/norman-krieger\/\">Norman Krieger<\/a><\/p><\/div><p class=\"uagb-ifb-desc\">Fakult\u00e4t<\/p><\/div><\/div>\n<\/div>\n\n\n\n<div class=\"wp-block-uagb-container uagb-block-7da11ac9\">\n<div class=\"wp-block-uagb-image alignleft uagb-block-e259dc63 wp-block-uagb-image--layout-default wp-block-uagb-image--effect-static wp-block-uagb-image--align-left\"><figure class=\"wp-block-uagb-image__figure\"><a class=\"\" href=\"https:\/\/berlinerklavierfesttage.com\/de\/artistic-director\/\" target=\"\" rel=\"noopener\"><img decoding=\"async\" srcset=\"https:\/\/berlinerklavierfesttage.com\/wp-content\/uploads\/2025\/03\/Bildschirmfoto-2024-09-29-um-18.29.24-1-945x1024.png ,https:\/\/berlinerklavierfesttage.com\/wp-content\/uploads\/2025\/03\/Bildschirmfoto-2024-09-29-um-18.29.24-1.png 780w, https:\/\/berlinerklavierfesttage.com\/wp-content\/uploads\/2025\/03\/Bildschirmfoto-2024-09-29-um-18.29.24-1.png 360w\" sizes=\"auto, (max-width: 480px) 150px\" src=\"https:\/\/berlinerklavierfesttage.com\/wp-content\/uploads\/2025\/03\/Bildschirmfoto-2024-09-29-um-18.29.24-1-945x1024.png\" alt=\"\" class=\"uag-image-359\" width=\"368\" height=\"368\" title=\"Bildschirmfoto 2024-09-29 um 18.29.24\" loading=\"lazy\" role=\"img\"\/><\/a><\/figure><\/div>\n\n\n\n<div class=\"wp-block-uagb-info-box uagb-block-2ad8d467 uagb-infobox__content-wrap  uagb-infobox-icon-above-title uagb-infobox-image-valign-top\"><div class=\"uagb-ifb-content\"><div class=\"uagb-ifb-title-wrap\"><p class=\"uagb-ifb-title\"><a href=\"https:\/\/berlinerklavierfesttage.com\/de\/artistic-director\/\">Yossi Reshef<\/a><\/p><\/div><p class=\"uagb-ifb-desc\">Fakult\u00e4t &amp; K\u00fcnstlerischer Leiter<\/p><\/div><\/div>\n<\/div>\n\n\n\n<div class=\"wp-block-uagb-container uagb-block-b3653f1a\">\n<div class=\"wp-block-uagb-image alignleft uagb-block-b7252254 wp-block-uagb-image--layout-default wp-block-uagb-image--effect-static wp-block-uagb-image--align-left\"><figure class=\"wp-block-uagb-image__figure\"><a class=\"\" href=\"https:\/\/berlinerklavierfesttage.com\/de\/katia-skanavi\/\" target=\"\" rel=\"noopener\"><img decoding=\"async\" srcset=\"https:\/\/berlinerklavierfesttage.com\/wp-content\/uploads\/2025\/03\/Bildschirmfoto-2025-02-12-um-22.45.57-1024x979.png ,https:\/\/berlinerklavierfesttage.com\/wp-content\/uploads\/2025\/03\/Bildschirmfoto-2025-02-12-um-22.45.57.png 780w, https:\/\/berlinerklavierfesttage.com\/wp-content\/uploads\/2025\/03\/Bildschirmfoto-2025-02-12-um-22.45.57.png 360w\" sizes=\"auto, (max-width: 480px) 150px\" src=\"https:\/\/berlinerklavierfesttage.com\/wp-content\/uploads\/2025\/03\/Bildschirmfoto-2025-02-12-um-22.45.57-1024x979.png\" alt=\"\" class=\"uag-image-374\" width=\"368\" height=\"368\" title=\"Bildschirmfoto 2025-02-12 um 22.45.57\" loading=\"lazy\" role=\"img\"\/><\/a><\/figure><\/div>\n\n\n\n<div class=\"wp-block-uagb-info-box uagb-block-9a41df93 uagb-infobox__content-wrap  uagb-infobox-icon-above-title uagb-infobox-image-valign-top\"><div class=\"uagb-ifb-content\"><div class=\"uagb-ifb-title-wrap\"><p class=\"uagb-ifb-title\"><a href=\"https:\/\/berlinerklavierfesttage.com\/de\/katia-skanavi\/\">Katia Skanavi<\/a><\/p><\/div><p class=\"uagb-ifb-desc\">Fakult\u00e4t<\/p><\/div><\/div>\n<\/div>\n\n\n\n<div class=\"wp-block-uagb-container uagb-block-40dbf3c0\">\n<div class=\"wp-block-uagb-image alignleft uagb-block-9fc1ad0d wp-block-uagb-image--layout-default wp-block-uagb-image--effect-static wp-block-uagb-image--align-left\"><figure class=\"wp-block-uagb-image__figure\"><a class=\"\" href=\"https:\/\/berlinerklavierfesttage.com\/de\/oxana-yablonskaya\/\" target=\"\" rel=\"noopener\"><img decoding=\"async\" srcset=\"https:\/\/berlinerklavierfesttage.com\/wp-content\/uploads\/2025\/03\/Bildschirmfoto-2024-09-29-um-18.50.23.png ,https:\/\/berlinerklavierfesttage.com\/wp-content\/uploads\/2025\/03\/Bildschirmfoto-2024-09-29-um-18.50.23.png 780w, https:\/\/berlinerklavierfesttage.com\/wp-content\/uploads\/2025\/03\/Bildschirmfoto-2024-09-29-um-18.50.23.png 360w\" sizes=\"auto, (max-width: 480px) 150px\" src=\"https:\/\/berlinerklavierfesttage.com\/wp-content\/uploads\/2025\/03\/Bildschirmfoto-2024-09-29-um-18.50.23.png\" alt=\"\" class=\"uag-image-370\" width=\"368\" height=\"368\" title=\"Bildschirmfoto 2024-09-29 um 18.50.23\" loading=\"lazy\" role=\"img\"\/><\/a><\/figure><\/div>\n\n\n\n<div class=\"wp-block-uagb-info-box uagb-block-95a2d528 uagb-infobox__content-wrap  uagb-infobox-icon-above-title uagb-infobox-image-valign-top\"><div class=\"uagb-ifb-content\"><div class=\"uagb-ifb-title-wrap\"><p class=\"uagb-ifb-title\"><a href=\"https:\/\/berlinerklavierfesttage.com\/de\/oxana-yablonskaya\/\">Oxana Yablonskaya<\/a><\/p><\/div><p class=\"uagb-ifb-desc\">Fakult\u00e4t<\/p><\/div><\/div>\n<\/div>\n<\/div>\n<\/div><\/div>","protected":false},"excerpt":{"rendered":"","protected":false},"author":1,"featured_media":0,"parent":0,"menu_order":0,"comment_status":"closed","ping_status":"closed","template":"","meta":{"give_campaign_id":0,"_uag_custom_page_level_css":"","footnotes":""},"class_list":["post-831","page","type-page","status-publish","hentry"],"campaignId":"","uagb_featured_image_src":{"full":false,"thumbnail":false,"medium":false,"medium_large":false,"large":false,"1536x1536":false,"2048x2048":false,"trp-custom-language-flag":false,"depicter-thumbnail":false,"post-thumbnail":false,"scapeshot-single-post-page":false,"scapeshot-slider":false,"scapeshot-featured":false,"scapeshot-team":false,"scapeshot-logo-slider":false,"scapeshot-portfolio":false,"scapeshot-service":false},"uagb_author_info":{"display_name":"yreshef@gmail.com","author_link":"https:\/\/berlinerklavierfesttage.com\/de\/author\/yreshefgmail-com"},"uagb_comment_info":0,"uagb_excerpt":null,"_links":{"self":[{"href":"https:\/\/berlinerklavierfesttage.com\/de\/wp-json\/wp\/v2\/pages\/831","targetHints":{"allow":["GET"]}}],"collection":[{"href":"https:\/\/berlinerklavierfesttage.com\/de\/wp-json\/wp\/v2\/pages"}],"about":[{"href":"https:\/\/berlinerklavierfesttage.com\/de\/wp-json\/wp\/v2\/types\/page"}],"author":[{"embeddable":true,"href":"https:\/\/berlinerklavierfesttage.com\/de\/wp-json\/wp\/v2\/users\/1"}],"replies":[{"embeddable":true,"href":"https:\/\/berlinerklavierfesttage.com\/de\/wp-json\/wp\/v2\/comments?post=831"}],"version-history":[{"count":4,"href":"https:\/\/berlinerklavierfesttage.com\/de\/wp-json\/wp\/v2\/pages\/831\/revisions"}],"predecessor-version":[{"id":882,"href":"https:\/\/berlinerklavierfesttage.com\/de\/wp-json\/wp\/v2\/pages\/831\/revisions\/882"}],"wp:attachment":[{"href":"https:\/\/berlinerklavierfesttage.com\/de\/wp-json\/wp\/v2\/media?parent=831"}],"curies":[{"name":"wp","href":"https:\/\/api.w.org\/{rel}","templated":true}]}}