{"id":92,"date":"2025-03-28T12:36:27","date_gmt":"2025-03-28T12:36:27","guid":{"rendered":"https:\/\/berlinerklavierfesttage.com\/?page_id=92"},"modified":"2026-03-19T23:03:24","modified_gmt":"2026-03-19T23:03:24","slug":"friends","status":"publish","type":"page","link":"https:\/\/berlinerklavierfesttage.com\/de\/friends","title":{"rendered":"Freundeskreis der Berliner Klavierfesttage"},"content":{"rendered":"<blockquote class=\"wp-block-quote is-style-default is-layout-flow wp-block-quote-is-layout-flow\">\n<p style=\"font-style:normal;font-weight:100\">Der Freundeskreis richtet sich insbesondere an Liebhaber der klassischen Musik, Kunst und Kultur, die ein Festival unterst\u00fctzen wollen, das sich genau auf die F\u00f6rderung dieser Bereiche konzentriert. Der Erhalt der K\u00fcnste, das Zelebrieren eben dieser und die F\u00f6rderung zuk\u00fcnftiger K\u00fcnstler ist die Mission der Berliner Klavierfesttage und wir freuen uns, diesen Weg gemeinsam mit Ihnen gehen zu k\u00f6nnen.<\/p>\n<cite>Yossi Reshef - K\u00fcnsterlischer Leiter<\/cite><\/blockquote>\n\n\n\n<div class=\"wp-block-uagb-separator uagb-block-378dc0ac\"><div class=\"wp-block-uagb-separator__inner\" style=\"--my-background-image:\"><\/div><\/div>\n\n\n\n<div class=\"wp-block-uagb-container uagb-block-wartivwr alignfull uagb-is-root-container\"><div class=\"uagb-container-inner-blocks-wrap\">\n<div class=\"wp-block-uagb-advanced-heading uagb-block-z3fd3jsw\"><h2 class=\"uagb-heading-text\">Begleiten Sie die Berliner Klavierfesttage!<\/h2><p class=\"uagb-desc-text\">Wenn Sie Teil des Freundeskreises der Berliner Klavierfesttage werden wollen, bieten wir verschiedenste Wege an, wie Sie die Festtage auf Ihrem Weg begleiten k\u00f6nnen. Unterst\u00fctzer, Freunde, F\u00f6rderer und M\u00e4zene genie\u00dfen zahlreiche Priviligien, die exklusiv ihnen vorbehalten sind. <\/p><\/div>\n\n\n<div class=\"wp-block-uagb-faq uagb-faq__outer-wrap uagb-block-stm2kawz uagb-faq-icon-row-reverse uagb-faq-layout-accordion uagb-faq-expand-first-true uagb-faq-inactive-other-false uagb-faq__wrap uagb-buttons-layout-wrap uagb-faq-equal-height\" data-faqtoggle=\"true\" role=\"tablist\"><div class=\"wp-block-uagb-faq-child uagb-faq-child__outer-wrap uagb-faq-item uagb-block-lrx5ksml\" role=\"tab\" tabindex=\"0\"><div class=\"uagb-faq-questions-button uagb-faq-questions\">\t\t\t<span class=\"uagb-icon uagb-faq-icon-wrap\">\n\t\t\t\t\t\t\t<\/span>\n\t\t\t\t\t\t<span class=\"uagb-icon-active uagb-faq-icon-wrap\">\n\t\t\t\t\t\t\t<\/span>\n\t\t\t<p class=\"uagb-question\">Unterst\u00fctzer <\/p><\/div><div class=\"uagb-faq-content\"><p>beginnt bei 150,00 \u20ac (je Edition der Festtage)<br><br>Fr\u00fchzeitiger Online-Zugang zu den Festivalmaterialien, Vorbestellungsrecht f\u00fcr die CDs und Karten der Berliner Klavierfesttage<\/p><\/div><\/div><div class=\"wp-block-uagb-faq-child uagb-faq-child__outer-wrap uagb-faq-item uagb-block-bjshvhla\" role=\"tab\" tabindex=\"0\"><div class=\"uagb-faq-questions-button uagb-faq-questions\">\t\t\t<span class=\"uagb-icon uagb-faq-icon-wrap\">\n\t\t\t\t\t\t\t<\/span>\n\t\t\t\t\t\t<span class=\"uagb-icon-active uagb-faq-icon-wrap\">\n\t\t\t\t\t\t\t<\/span>\n\t\t\t<p class=\"uagb-question\">Freund <\/p><\/div><div class=\"uagb-faq-content\"><p>beginnt bei 1.000,00 \u20ac (je Edition der Festtage)<br><br>+ Einladungen zu Empf\u00e4ngen, VIP Karten f\u00fcr ausgew\u00e4hlte Konzerte<br><\/p><\/div><\/div><div class=\"wp-block-uagb-faq-child uagb-faq-child__outer-wrap uagb-faq-item uagb-block-gaxlq5ik\" role=\"tab\" tabindex=\"0\"><div class=\"uagb-faq-questions-button uagb-faq-questions\">\t\t\t<span class=\"uagb-icon uagb-faq-icon-wrap\">\n\t\t\t\t\t\t\t<\/span>\n\t\t\t\t\t\t<span class=\"uagb-icon-active uagb-faq-icon-wrap\">\n\t\t\t\t\t\t\t<\/span>\n\t\t\t<p class=\"uagb-question\">F\u00f6rderer<\/p><\/div><div class=\"uagb-faq-content\"><p>beginnt bei 2.500,00 \u20ac (je Edition der Festtage)<br><br>+ exklusiver Zugang zu allen Konzerten und Events, pers\u00f6nliche Meet&amp;Greets mit K\u00fcnstlern und Direktorium<\/p><\/div><\/div><div class=\"wp-block-uagb-faq-child uagb-faq-child__outer-wrap uagb-faq-item uagb-block-butrbi5q\" role=\"tab\" tabindex=\"0\"><div class=\"uagb-faq-questions-button uagb-faq-questions\">\t\t\t<span class=\"uagb-icon uagb-faq-icon-wrap\">\n\t\t\t\t\t\t\t<\/span>\n\t\t\t\t\t\t<span class=\"uagb-icon-active uagb-faq-icon-wrap\">\n\t\t\t\t\t\t\t<\/span>\n\t\t\t<p class=\"uagb-question\">M\u00e4zene <\/p><\/div><div class=\"uagb-faq-content\"><p>beginnt bei 6.000,00 \u20ac (je Edition der Festtage)<br><br>+ ein Stipendium wird in Ihrem Namen an einen der ausgew\u00e4hlten jungen Pianisten zur Teilnahme an den Festtagen vergeben<br><\/p><\/div><\/div><div class=\"wp-block-uagb-faq-child uagb-faq-child__outer-wrap uagb-faq-item uagb-block-54f5884b\" role=\"tab\" tabindex=\"0\"><div class=\"uagb-faq-questions-button uagb-faq-questions\">\t\t\t<span class=\"uagb-icon uagb-faq-icon-wrap\">\n\t\t\t\t\t\t\t<\/span>\n\t\t\t\t\t\t<span class=\"uagb-icon-active uagb-faq-icon-wrap\">\n\t\t\t\t\t\t\t<\/span>\n\t\t\t<p class=\"uagb-question\">Spenden ohne Teil des Freundeskreises zu sein<\/p><\/div><div class=\"uagb-faq-content\"><p>Jede Spende ist willkommen!<br><br>Wenn Sie die Berliner Klavierfesttage mit einer Spende unterst\u00fctzen m\u00f6chten, ist dies selbstverst\u00e4ndlich auch ohne Mitgliedschaft im Freundeskreis m\u00f6glich. Die Bankverbindung und weitere Informationen finden Sie unter folgendem Link: <a href=\"https:\/\/berlinerklavierfesttage.com\/de\/donate\/\">klicken Sie hier<\/a><br><\/p><\/div><\/div><\/div>\n\n\n<div class=\"wp-block-uagb-advanced-heading uagb-block-8ls6dhp5\"><p class=\"uagb-heading-text\">Ihren eigenen Konzertabend, ein Stipendium sponsorn &amp; mehr<\/p><p class=\"uagb-desc-text\">Dar\u00fcber hinaus haben Sie die M\u00f6glichkeit, ausgew\u00e4hlte Veranstaltungen der Berliner Klavierfesttage zu sponsern. So k\u00f6nnen Sie beispielsweise exklusiv einen Konzertabend Ihrer Wahl unterst\u00fctzen, ein Stipendium f\u00fcr einen unserer Jungen K\u00fcnstler stiften oder die CD-Produktion der Festtage sponsern. F\u00fcr Unternehmen bieten wir verschiedene Sponsoring-Modelle mit zahlreichen Privilegien und Vorteilen an. Um mehr zu erfahren <a href=\"https:\/\/berlinerklavierfesttage.com\/de\/sponsoring\/\">klicken Sie hier<\/a><\/p><\/div>\n\n\n\n<div class=\"wp-block-uagb-buttons uagb-buttons__outer-wrap uagb-btn__default-btn uagb-btn-tablet__default-btn uagb-btn-mobile__default-btn uagb-block-445e3a33\"><div class=\"uagb-buttons__wrap uagb-buttons-layout-wrap\">\n<div class=\"wp-block-uagb-buttons-child uagb-buttons__outer-wrap uagb-block-3eabdbb9 wp-block-button\"><div class=\"uagb-button__wrapper\"><a class=\"uagb-buttons-repeater ast-outline-button\" aria-label=\"\" style=\"border-width:revert-layer\" href=\"https:\/\/berlinerklavierfesttage.com\/de\/contact\/\" rel=\"follow noopener\" target=\"_self\" role=\"button\"><div class=\"uagb-button__link\">Kontakt<\/div><\/a><\/div><\/div>\n<\/div><\/div>\n<\/div><\/div>\n\n\n\n<div class=\"wp-block-uagb-container uagb-block-vjp8kooe alignfull uagb-is-root-container\"><div class=\"uagb-container-inner-blocks-wrap\">\n<div class=\"wp-block-uagb-info-box uagb-block-6ojwrvre uagb-infobox__content-wrap  uagb-infobox-icon-above-title uagb-infobox-image-valign-top\"><div class=\"uagb-ifb-content\"><div class=\"uagb-ifb-title-wrap\"><p class=\"uagb-ifb-title-prefix\">WERDEN SIE EIN TEIL DER BERLINER KLAVIERFESTTAGE<\/p><h1 class=\"uagb-ifb-title\">Dem Freundeskreis beitreten<\/h1><\/div><p class=\"uagb-ifb-desc\">Wenn Sie sich f\u00fcr eine F\u00f6rderoption entschieden haben, k\u00f6nnen Sie uns entweder per E-Mail an management@berlinerklavierfesttage.com kontaktieren, oder sich \u00fcber den untenstehenden Button f\u00fcr den Freundeskreis registrieren. Wir werden uns dann so schnell wie m\u00f6glich bei Ihnen melden. Sollten Sie sich unsicher bez\u00fcglich der F\u00f6rderoptionen sein, Interesse an einem Sponsoring haben oder eine Frage offen sein, freuen wir uns, wenn Sie uns per E-Mail, Telefon oder \u00fcber das Kontaktformular kontaktieren.<\/p><\/div><\/div>\n\n\n\n<div class=\"wp-block-uagb-buttons uagb-buttons__outer-wrap uagb-btn__default-btn uagb-btn-tablet__default-btn uagb-btn-mobile__default-btn uagb-block-7702238f\"><div class=\"uagb-buttons__wrap uagb-buttons-layout-wrap\">\n<div class=\"wp-block-uagb-buttons-child uagb-buttons__outer-wrap uagb-block-f673dd0a wp-block-button\"><div class=\"uagb-button__wrapper\"><a class=\"uagb-buttons-repeater wp-block-button__link\" aria-label=\"\" href=\"https:\/\/berlinerklavierfesttage.com\/de\/registration-friends\/\" rel=\"follow noopener\" target=\"_self\" role=\"button\"><div class=\"uagb-button__link\">Jetzt Anmelden!<\/div><\/a><\/div><\/div>\n<\/div><\/div>\n<\/div><\/div>\n\n\n\n<div style=\"height:36px\" aria-hidden=\"true\" class=\"wp-block-spacer\"><\/div>\n\n\n\n<div class=\"wp-block-uagb-container uagb-block-ttk0f5rs alignfull uagb-is-root-container\"><div class=\"uagb-container-inner-blocks-wrap\">\n<div class=\"wp-block-uagb-info-box uagb-block-syloyvqv uagb-infobox__content-wrap  uagb-infobox-icon-above-title uagb-infobox-image-valign-top\"><div class=\"uagb-ifb-content\"><div class=\"uagb-ifb-title-wrap\"><p class=\"uagb-ifb-title-prefix\">WEITERE INFORMATIONEN<\/p><h2 class=\"uagb-ifb-title\">Informationen und Kontakt<\/h2><\/div><\/div><\/div>\n\n\n\n<div class=\"wp-block-uagb-container uagb-block-jmoqhsi5\">\n<div class=\"wp-block-uagb-container uagb-block-llz5z32b\">\n<div class=\"wp-block-uagb-container uagb-block-c2cltms0\">\n<div class=\"wp-block-uagb-advanced-heading uagb-block-u0vg50x1\"><h3 class=\"uagb-heading-text\">Wer erh\u00e4lt meine Spende?<\/h3><\/div>\n<\/div>\n\n\n\n<div class=\"wp-block-uagb-container uagb-block-xb3ohsom\">\n<div class=\"wp-block-uagb-advanced-heading uagb-block-yppjgea8\"><p class=\"uagb-heading-text\">Ihre Spende geht an den Berlin International Piano Masterclass e.V. Dies ist ein gemeinn\u00fctziger Verein, der ausschlie\u00dflich die Organisation und Durchf\u00fchrung der Berliner Klavierfesttage zum Ziel hat. Mehr Informationen \u00fcber den Verein: <a href=\"https:\/\/berlinerklavierfesttage.com\/de\/berlin-international-piano-masterclass-e-v\/\">klicken Sie hier<\/a><\/p><\/div>\n<\/div>\n<\/div>\n\n\n\n<div class=\"wp-block-uagb-container uagb-block-y186dgmv\">\n<div class=\"wp-block-uagb-container uagb-block-fnprc0hl\">\n<div class=\"wp-block-uagb-advanced-heading uagb-block-5b1afmtq\"><h3 class=\"uagb-heading-text\">K\u00f6nnen Spendenbescheinigungen ausgestellt werden?<\/h3><\/div>\n<\/div>\n\n\n\n<div class=\"wp-block-uagb-container uagb-block-mz9l5fdc\">\n<div class=\"wp-block-uagb-advanced-heading uagb-block-tpkoniow\"><p class=\"uagb-heading-text\">Ja, wir sind eine gemeinn\u00fctzige Organisation und k\u00f6nnen f\u00fcr Spenden (dazu z\u00e4hlen auch die Beitr\u00e4ge des Freundeskreises) eine Spendenbescheinigung ausstellen. Bitte kontaktieren Sie uns, wenn Sie eine Spendenbescheinigung ben\u00f6tigen. <\/p><\/div>\n<\/div>\n<\/div>\n\n\n\n<div class=\"wp-block-uagb-container uagb-block-9e473734\">\n<div class=\"wp-block-uagb-container uagb-block-956b30c6\">\n<div class=\"wp-block-uagb-advanced-heading uagb-block-2b517e3d\"><h3 class=\"uagb-heading-text\">Ich habe unbeantwortete Fragen <\/h3><\/div>\n<\/div>\n\n\n\n<div class=\"wp-block-uagb-container uagb-block-5c98e96b\">\n<div class=\"wp-block-uagb-advanced-heading uagb-block-dc60b6cc\"><p class=\"uagb-heading-text\">Wenn Ihnen unklar ist, wie Sie Mitglied des Festspielkreises werden k\u00f6nnen oder weitere Fragen zu Spendenbescheinigungen oder anderem haben, k\u00f6nnen Sie sich gerne an uns wenden. Wir nehmen uns gerne Zeit f\u00fcr Sie, um Ihre Fragen zu beantworten<\/p><\/div>\n<\/div>\n<\/div>\n\n\n\n<div class=\"wp-block-uagb-container uagb-block-97e4554f\">\n<div class=\"wp-block-uagb-container uagb-block-5961b274\">\n<div class=\"wp-block-uagb-advanced-heading uagb-block-82f4e22d\"><h3 class=\"uagb-heading-text\">Zahlung und mehr<\/h3><\/div>\n<\/div>\n\n\n\n<div class=\"wp-block-uagb-container uagb-block-c45da425\">\n<div class=\"wp-block-uagb-advanced-heading uagb-block-a32b4b06\"><p class=\"uagb-heading-text\">Nach Ihrer Anmeldung, die Sie hier ausf\u00fcllen k\u00f6nnen (<a href=\"https:\/\/berlinerklavierfesttage.com\/de\/registration-for-the-festival-circle\/\" data-type=\"page\" data-id=\"743\">klicken Sie hier<\/a>) werden wir uns umgehend mit Ihnen in Verbindung setzen und Sie \u00fcber alles Weitere informieren, einschlie\u00dflich unserer Zahlungsmodalit\u00e4ten und Ihrer Mitgliedschaftsvorteile.<\/p><\/div>\n<\/div>\n<\/div>\n\n\n\n<div class=\"wp-block-uagb-container uagb-block-74b1b6a4\">\n<div class=\"wp-block-uagb-container uagb-block-ce2fc1f3\">\n<div class=\"wp-block-uagb-advanced-heading uagb-block-94648929\"><h3 class=\"uagb-heading-text\">Kontakt<\/h3><\/div>\n\n\n\n<p><strong>Kontaktperson:<\/strong> Linus H\u00e4rle<\/p>\n<\/div>\n\n\n\n<div class=\"wp-block-uagb-container uagb-block-b1613a24\">\n<div class=\"wp-block-uagb-container uagb-block-527b4b55\">\n<div class=\"wp-block-uagb-info-box uagb-block-f329a903 uagb-infobox__content-wrap  uagb-infobox-icon-left-title uagb-infobox-left uagb-infobox-image-valign-top\"><div class=\"uagb-ifb-content\"><div class=\"uagb-ifb-left-title-image\"><div class=\"uagb-ifb-icon-wrap\"><svg xmlns=\"https:\/\/www.w3.org\/2000\/svg\" viewbox=\"0 0 512 512\"><path d=\"M511.2 387l-23.25 100.8c-3.266 14.25-15.79 24.22-30.46 24.22C205.2 512 0 306.8 0 54.5c0-14.66 9.969-27.2 24.22-30.45l100.8-23.25C139.7-2.602 154.7 5.018 160.8 18.92l46.52 108.5c5.438 12.78 1.77 27.67-8.98 36.45L144.5 207.1c33.98 69.22 90.26 125.5 159.5 159.5l44.08-53.8c8.688-10.78 23.69-14.51 36.47-8.975l108.5 46.51C506.1 357.2 514.6 372.4 511.2 387z\"><\/path><\/svg><\/div><div class=\"uagb-ifb-title-wrap\"><\/div><\/div><p class=\"uagb-ifb-desc\">Englisch:<br>Deutsch: +49 176 85611900<\/p><\/div><\/div>\n\n\n\n<div class=\"wp-block-uagb-info-box uagb-block-ecc1d586 uagb-infobox__content-wrap  uagb-infobox-icon-left-title uagb-infobox-left uagb-infobox-image-valign-top\"><div class=\"uagb-ifb-content\"><div class=\"uagb-ifb-left-title-image\"><div class=\"uagb-ifb-icon-wrap\"><svg xmlns=\"https:\/\/www.w3.org\/2000\/svg\" viewbox=\"0 0 512 512\"><path d=\"M464 64C490.5 64 512 85.49 512 112C512 127.1 504.9 141.3 492.8 150.4L275.2 313.6C263.8 322.1 248.2 322.1 236.8 313.6L19.2 150.4C7.113 141.3 0 127.1 0 112C0 85.49 21.49 64 48 64H464zM217.6 339.2C240.4 356.3 271.6 356.3 294.4 339.2L512 176V384C512 419.3 483.3 448 448 448H64C28.65 448 0 419.3 0 384V176L217.6 339.2z\"><\/path><\/svg><\/div><div class=\"uagb-ifb-title-wrap\"><\/div><\/div><p class=\"uagb-ifb-desc\">management@berlinerklavierfesttage.com<\/p><div class=\"uagb-ifb-separator\"><\/div><\/div><\/div>\n<\/div>\n<\/div>\n<\/div>\n<\/div>\n<\/div><\/div>\n\n\n\n<div class=\"wp-block-uagb-container uagb-block-mffvk3ie alignfull uagb-is-root-container\"><div class=\"uagb-container-inner-blocks-wrap\">\n<div class=\"wp-block-uagb-info-box uagb-block-rzpughri uagb-infobox__content-wrap  uagb-infobox-icon-above-title uagb-infobox-image-valign-top\"><div class=\"uagb-ifb-content\"><div class=\"uagb-ifb-title-wrap\"><p class=\"uagb-ifb-title-prefix\">Freundeskreis der Berliner Klavierfesttage<\/p><h2 class=\"uagb-ifb-title\">Danksagungen<\/h2><\/div><\/div><\/div>\n\n\n\n<div style=\"height:27px\" aria-hidden=\"true\" class=\"wp-block-spacer\"><\/div>\n\n\n\n<div class=\"wp-block-uagb-buttons uagb-buttons__outer-wrap uagb-btn__default-btn uagb-btn-tablet__default-btn uagb-btn-mobile__default-btn uagb-block-e5d93c37\"><div class=\"uagb-buttons__wrap uagb-buttons-layout-wrap\">\n<div class=\"wp-block-uagb-buttons-child uagb-buttons__outer-wrap uagb-block-91c6769d wp-block-button\"><div class=\"uagb-button__wrapper\"><a class=\"uagb-buttons-repeater wp-block-button__link\" aria-label=\"\" href=\"https:\/\/berlinerklavierfesttage.com\/de\/acknowledgements\/\" rel=\"follow noopener\" target=\"_self\" role=\"button\"><div class=\"uagb-button__link\">Unsere Unterst\u00fctzer<\/div><\/a><\/div><\/div>\n<\/div><\/div>\n<\/div><\/div>\n\n\n\n<div style=\"height:66px\" aria-hidden=\"true\" class=\"wp-block-spacer\"><\/div>","protected":false},"excerpt":{"rendered":"<p>The Friends of the Berliner Klavierfesttage are lovers of classical music, art and culture who want to support a festival<\/p>\n<p><span class=\"more-link\"><a href=\"https:\/\/berlinerklavierfesttage.com\/de\/friends\" class=\"readmore\">Continue reading<span class=\"screen-reader-text\">Freundeskreis der Berliner Klavierfesttage<\/span><\/a><\/span><\/p>","protected":false},"author":1,"featured_media":0,"parent":0,"menu_order":0,"comment_status":"closed","ping_status":"closed","template":"","meta":{"give_campaign_id":0,"_uag_custom_page_level_css":"","footnotes":""},"class_list":["post-92","page","type-page","status-publish","hentry"],"campaignId":"","uagb_featured_image_src":{"full":false,"thumbnail":false,"medium":false,"medium_large":false,"large":false,"1536x1536":false,"2048x2048":false,"trp-custom-language-flag":false,"depicter-thumbnail":false,"post-thumbnail":false,"scapeshot-single-post-page":false,"scapeshot-slider":false,"scapeshot-featured":false,"scapeshot-team":false,"scapeshot-logo-slider":false,"scapeshot-portfolio":false,"scapeshot-service":false},"uagb_author_info":{"display_name":"yreshef@gmail.com","author_link":"https:\/\/berlinerklavierfesttage.com\/de\/author\/yreshefgmail-com"},"uagb_comment_info":0,"uagb_excerpt":"The Friends of the Berliner Klavierfesttage are lovers of classical music, art and culture who want to support a festivalContinue readingFriends of the Berliner Klavierfesttage","_links":{"self":[{"href":"https:\/\/berlinerklavierfesttage.com\/de\/wp-json\/wp\/v2\/pages\/92","targetHints":{"allow":["GET"]}}],"collection":[{"href":"https:\/\/berlinerklavierfesttage.com\/de\/wp-json\/wp\/v2\/pages"}],"about":[{"href":"https:\/\/berlinerklavierfesttage.com\/de\/wp-json\/wp\/v2\/types\/page"}],"author":[{"embeddable":true,"href":"https:\/\/berlinerklavierfesttage.com\/de\/wp-json\/wp\/v2\/users\/1"}],"replies":[{"embeddable":true,"href":"https:\/\/berlinerklavierfesttage.com\/de\/wp-json\/wp\/v2\/comments?post=92"}],"version-history":[{"count":116,"href":"https:\/\/berlinerklavierfesttage.com\/de\/wp-json\/wp\/v2\/pages\/92\/revisions"}],"predecessor-version":[{"id":1481,"href":"https:\/\/berlinerklavierfesttage.com\/de\/wp-json\/wp\/v2\/pages\/92\/revisions\/1481"}],"wp:attachment":[{"href":"https:\/\/berlinerklavierfesttage.com\/de\/wp-json\/wp\/v2\/media?parent=92"}],"curies":[{"name":"wp","href":"https:\/\/api.w.org\/{rel}","templated":true}]}}