{"id":94,"date":"2025-03-28T12:39:07","date_gmt":"2025-03-28T12:39:07","guid":{"rendered":"https:\/\/berlinerklavierfesttage.com\/?page_id=94"},"modified":"2025-04-20T22:21:34","modified_gmt":"2025-04-20T22:21:34","slug":"donations-crowdfunding","status":"publish","type":"page","link":"https:\/\/berlinerklavierfesttage.com\/de\/donations-crowdfunding","title":{"rendered":"Spenden &amp; Crowdfunding"},"content":{"rendered":"<p class=\"has-black-color has-text-color has-link-color wp-elements-6bd9095fae0565e34fcc7ce9e139fe2b\" style=\"font-size:25px\">Spenden<\/p>\n\n\n\n<div class=\"wp-block-uagb-info-box uagb-block-6eeeb5ee uagb-infobox__content-wrap  uagb-infobox-icon-above-title uagb-infobox-image-valign-top\"><div class=\"uagb-ifb-content\"><div class=\"uagb-ifb-title-wrap\"><\/div><p class=\"uagb-ifb-desc\"><strong>Name:<\/strong>\u00a0Berlin International Piano Masterclass e.V.<br><strong>IBAN:<\/strong> DE61 1004 0000 0732 8925 00<br><strong>BIC\/SWIFT:<\/strong> COBADEFFXXX<br>Commerzbank, 60261, Frankfurt<br><\/p><\/div><\/div>\n\n\n\n<div style=\"height:21px\" aria-hidden=\"true\" class=\"wp-block-spacer\"><\/div>\n\n\n\n<p>Wenn Sie eine Spende t\u00e4tigen m\u00f6chten, k\u00f6nnen Sie entweder unkompliziert die hier angegebene IBAN verwenden oder Teil des Festival Circle werden. Der Festival Circle ist eine Gruppe von Musikliebhaber:innen aus aller Welt, die durch ihr gro\u00dfz\u00fcgiges Engagement eine Schl\u00fcsselrolle bei der Entstehung und dem Erfolg der Berliner Klavierfesttage spielen! <a href=\"https:\/\/berlinerklavierfesttage.com\/de\/festival-circle\/\">mehr lesen<\/a><\/p>\n\n\n\n<div style=\"height:30px\" aria-hidden=\"true\" class=\"wp-block-spacer\"><\/div>\n\n\n\n<div class=\"wp-block-uagb-separator uagb-block-abfb4fdd\"><div class=\"wp-block-uagb-separator__inner\" style=\"--my-background-image:\"><\/div><\/div>\n\n\n\n<div style=\"height:41px\" aria-hidden=\"true\" class=\"wp-block-spacer\"><\/div>\n\n\n\n<p class=\"has-black-color has-text-color has-link-color wp-elements-77d40d929a3a7d6b759a876b79f7c8db\" style=\"font-size:25px\">Crowdfunding<\/p>\n\n\n\n<p>Eine weitere M\u00f6glichkeit, die Berliner Klavierfesttage zu unterst\u00fctzen, ist unsere Crowdfunding-Kampagne. Sie k\u00f6nnen Ihre Spende einfach und bequem \u00fcber diesen Link t\u00e4tigen <a href=\"https:\/\/gofund.me\/026f22a2\">klicken Sie hier<\/a>!<\/p>\n\n\n\n<div class=\"wp-block-uagb-buttons uagb-buttons__outer-wrap uagb-btn__default-btn uagb-btn-tablet__default-btn uagb-btn-mobile__default-btn uagb-block-96c8f29e\"><div class=\"uagb-buttons__wrap uagb-buttons-layout-wrap\">\n<div class=\"wp-block-uagb-buttons-child uagb-buttons__outer-wrap uagb-block-3b0d9cb0 wp-block-button\"><div class=\"uagb-button__wrapper\"><a class=\"uagb-buttons-repeater wp-block-button__link\" aria-label=\"\" href=\"https:\/\/gofund.me\/026f22a2\" rel=\"follow noopener\" target=\"_self\" role=\"button\"><div class=\"uagb-button__link\">Crowdfunding<\/div><\/a><\/div><\/div>\n<\/div><\/div>","protected":false},"excerpt":{"rendered":"<p>Donations If you would like to make a donation, you can either easily just use the IBAN provided here or<\/p>\n<p><span class=\"more-link\"><a href=\"https:\/\/berlinerklavierfesttage.com\/de\/donations-crowdfunding\" class=\"readmore\">Continue reading<span class=\"screen-reader-text\">Spenden &amp; Crowdfunding<\/span><\/a><\/span><\/p>","protected":false},"author":1,"featured_media":0,"parent":0,"menu_order":0,"comment_status":"closed","ping_status":"closed","template":"","meta":{"give_campaign_id":0,"_uag_custom_page_level_css":"","footnotes":""},"class_list":["post-94","page","type-page","status-publish","hentry"],"campaignId":"","uagb_featured_image_src":{"full":false,"thumbnail":false,"medium":false,"medium_large":false,"large":false,"1536x1536":false,"2048x2048":false,"trp-custom-language-flag":false,"depicter-thumbnail":false,"post-thumbnail":false,"scapeshot-single-post-page":false,"scapeshot-slider":false,"scapeshot-featured":false,"scapeshot-team":false,"scapeshot-logo-slider":false,"scapeshot-portfolio":false,"scapeshot-service":false},"uagb_author_info":{"display_name":"yreshef@gmail.com","author_link":"https:\/\/berlinerklavierfesttage.com\/de\/author\/yreshefgmail-com"},"uagb_comment_info":0,"uagb_excerpt":"Donations If you would like to make a donation, you can either easily just use the IBAN provided here orContinue readingDonations &amp; Crowdfunding","_links":{"self":[{"href":"https:\/\/berlinerklavierfesttage.com\/de\/wp-json\/wp\/v2\/pages\/94","targetHints":{"allow":["GET"]}}],"collection":[{"href":"https:\/\/berlinerklavierfesttage.com\/de\/wp-json\/wp\/v2\/pages"}],"about":[{"href":"https:\/\/berlinerklavierfesttage.com\/de\/wp-json\/wp\/v2\/types\/page"}],"author":[{"embeddable":true,"href":"https:\/\/berlinerklavierfesttage.com\/de\/wp-json\/wp\/v2\/users\/1"}],"replies":[{"embeddable":true,"href":"https:\/\/berlinerklavierfesttage.com\/de\/wp-json\/wp\/v2\/comments?post=94"}],"version-history":[{"count":3,"href":"https:\/\/berlinerklavierfesttage.com\/de\/wp-json\/wp\/v2\/pages\/94\/revisions"}],"predecessor-version":[{"id":814,"href":"https:\/\/berlinerklavierfesttage.com\/de\/wp-json\/wp\/v2\/pages\/94\/revisions\/814"}],"wp:attachment":[{"href":"https:\/\/berlinerklavierfesttage.com\/de\/wp-json\/wp\/v2\/media?parent=94"}],"curies":[{"name":"wp","href":"https:\/\/api.w.org\/{rel}","templated":true}]}}