{"id":951,"date":"2025-04-21T20:48:04","date_gmt":"2025-04-21T20:48:04","guid":{"rendered":"https:\/\/berlinerklavierfesttage.com\/?page_id=951"},"modified":"2025-04-25T21:03:29","modified_gmt":"2025-04-25T21:03:29","slug":"berlin-international-piano-masterclass-e-v","status":"publish","type":"page","link":"https:\/\/berlinerklavierfesttage.com\/de\/berlin-international-piano-masterclass-e-v","title":{"rendered":"Berlin International Piano Masterclass e.V."},"content":{"rendered":"<p class=\"translation-block\">Die <em>Berlin International Piano Masterclass e.\u202fV. <\/em> ist ein gemeinn\u00fctziger Verein mit Sitz in Berlin, der sich der aktiven F\u00f6rderung klassischer Musik sowie junger Pianistinnen und Pianisten widmet. Unser Anliegen ist es, die Zukunft der klassischen Musik nicht nur durch individuelle K\u00fcnstlerf\u00f6rderung zu sichern, sondern ebenso durch ein lebendiges \u00f6ffentliches Musikleben, das diese Kunstform in ihrer Tiefe, Vielfalt und gesellschaftlichen Relevanz f\u00fcr jeden erfahrbar macht.<\/p>\n\n\n\n<p class=\"translation-block\">Im Zentrum unserer T\u00e4tigkeit steht die Ausrichtung der Berliner Klavierfesttage, die das Hauptprojekt und zugleich das ausschlie\u00dfliche Ziel des Vereins darstellen. Sie bilden den Ort, an dem sich unsere beiden F\u00f6rderans\u00e4tze \u2013 die Unterst\u00fctzung junger K\u00fcnstler und das Engagement f\u00fcr die klassische Musik \u2013 vereinen. Dabei begreifen wir die F\u00f6rderung nicht nur als Ausbildung, sondern als umfassende kulturelle Aufgabe: Die Berliner Klavierfesttage tragen dazu bei, klassische Musik in der Stadt sichtbar und zug\u00e4nglich zu machen, ihre gesellschaftliche Bedeutung zu st\u00e4rken und R\u00e4ume f\u00fcr k\u00fcnstlerische Exzellenz und Begegnung zu schaffen.<\/p>\n\n\n\n<p class=\"translation-block\">Der Verein ist als gemeinn\u00fctzig anerkannt und darf Spendenbescheinigungen ausstellen. <br><strong>Vereinsregister: <\/strong>Eingetragen beim Amtsgericht Berlin-Charlottenburg unter der Registernummer VR 41662 B<\/p>\n\n\n\n<p>Wir danken allen Unterst\u00fctzer:innen, F\u00f6rderinstitutionen und Partner:innen, die diese Arbeit m\u00f6glich machen, und laden Sie herzlich ein, Teil dieser musikalischen Bewegung zu werden!<\/p>","protected":false},"excerpt":{"rendered":"<p>The Berlin International Piano Masterclass e.\u202fV. is a non-profit association based in Berlin, dedicated to the promotion of classical music<\/p>\n<p><span class=\"more-link\"><a href=\"https:\/\/berlinerklavierfesttage.com\/de\/berlin-international-piano-masterclass-e-v\" class=\"readmore\">Continue reading<span class=\"screen-reader-text\">Berlin International Piano Masterclass e.V.<\/span><\/a><\/span><\/p>","protected":false},"author":1,"featured_media":0,"parent":0,"menu_order":0,"comment_status":"closed","ping_status":"closed","template":"","meta":{"give_campaign_id":0,"_uag_custom_page_level_css":"","footnotes":""},"class_list":["post-951","page","type-page","status-publish","hentry"],"campaignId":"","uagb_featured_image_src":{"full":false,"thumbnail":false,"medium":false,"medium_large":false,"large":false,"1536x1536":false,"2048x2048":false,"trp-custom-language-flag":false,"depicter-thumbnail":false,"post-thumbnail":false,"scapeshot-single-post-page":false,"scapeshot-slider":false,"scapeshot-featured":false,"scapeshot-team":false,"scapeshot-logo-slider":false,"scapeshot-portfolio":false,"scapeshot-service":false},"uagb_author_info":{"display_name":"yreshef@gmail.com","author_link":"https:\/\/berlinerklavierfesttage.com\/de\/author\/yreshefgmail-com"},"uagb_comment_info":0,"uagb_excerpt":"The Berlin International Piano Masterclass e.\u202fV. is a non-profit association based in Berlin, dedicated to the promotion of classical musicContinue readingBerlin International Piano Masterclass e.V.","_links":{"self":[{"href":"https:\/\/berlinerklavierfesttage.com\/de\/wp-json\/wp\/v2\/pages\/951","targetHints":{"allow":["GET"]}}],"collection":[{"href":"https:\/\/berlinerklavierfesttage.com\/de\/wp-json\/wp\/v2\/pages"}],"about":[{"href":"https:\/\/berlinerklavierfesttage.com\/de\/wp-json\/wp\/v2\/types\/page"}],"author":[{"embeddable":true,"href":"https:\/\/berlinerklavierfesttage.com\/de\/wp-json\/wp\/v2\/users\/1"}],"replies":[{"embeddable":true,"href":"https:\/\/berlinerklavierfesttage.com\/de\/wp-json\/wp\/v2\/comments?post=951"}],"version-history":[{"count":8,"href":"https:\/\/berlinerklavierfesttage.com\/de\/wp-json\/wp\/v2\/pages\/951\/revisions"}],"predecessor-version":[{"id":1040,"href":"https:\/\/berlinerklavierfesttage.com\/de\/wp-json\/wp\/v2\/pages\/951\/revisions\/1040"}],"wp:attachment":[{"href":"https:\/\/berlinerklavierfesttage.com\/de\/wp-json\/wp\/v2\/media?parent=951"}],"curies":[{"name":"wp","href":"https:\/\/api.w.org\/{rel}","templated":true}]}}