{"id":96,"date":"2025-03-28T12:46:45","date_gmt":"2025-03-28T12:46:45","guid":{"rendered":"https:\/\/berlinerklavierfesttage.com\/?page_id=96"},"modified":"2025-12-05T22:40:59","modified_gmt":"2025-12-05T22:40:59","slug":"sponsoring","status":"publish","type":"page","link":"https:\/\/berlinerklavierfesttage.com\/de\/sponsoring","title":{"rendered":"Sponsoring"},"content":{"rendered":"<p class=\"has-black-color has-text-color has-link-color wp-elements-aee09189d868153895ceabf97c7126ee\" style=\"font-size:26px\"><strong>Sponsoring bei den Berliner Klavierfesttagen - Ihre Marke im Einklang mit der Musik \u00a0<\/strong><\/p>\n\n\n\n<p>Die Berliner Klavierfesttage sind mehr als nur eine Veranstaltung \u2013 sie sind ein H\u00f6hepunkt des internationalen Musikgeschehens. Renommierte Pianistinnen und Pianisten, aufstrebende Talente und ein Publikum, das von Klassikliebhabern bis hin zu einer breiten Gemeinschaft musikbegeisterter Menschen reicht, kommen zusammen, um musikalische Exzellenz auf h\u00f6chstem Niveau zu zelebrieren. Die Berliner Klavierfesttage bietet Unternehmen eine einzigartige Gelegenheit, sich als F\u00f6rderer von Kultur und Exzellenz zu positionieren. &nbsp;<\/p>\n\n\n\n<div class=\"wp-block-uagb-separator uagb-block-abfb4fdd\"><div class=\"wp-block-uagb-separator__inner\" style=\"--my-background-image:\"><\/div><\/div>\n\n\n\n<div style=\"height:20px\" aria-hidden=\"true\" class=\"wp-block-spacer\"><\/div>\n\n\n\n<p class=\"has-black-color has-text-color has-link-color wp-elements-05d15b6e32f95877ec9d8a9bfa737d40\" style=\"font-size:25px\">Unsere Sponsoring Optionen<\/p>\n\n\n\n<p><strong>1. Hauptsponsoring - Ihre Marke im Mittelpunkt<\/strong><br>Als Hauptsponsor profitieren Sie von maximaler Sichtbarkeit: Ihr Logo und Name erscheinen auf Eintrittskarten, Festivalbrosch\u00fcren, Plakaten, Bannern, der offiziellen Website, in Presseartikeln, in den sozialen Medien und vielem mehr. Dar\u00fcber hinaus haben Sie die M\u00f6glichkeit, eine Rede zur Er\u00f6ffnung des Festivals zu halten oder sich bei exklusiven VIP-Empf\u00e4ngen mit ihren G\u00e4sten auszutauschen. &nbsp;<\/p>\n\n\n\n<p><strong>2. CD-Sponsoring - ein musikalisches Verm\u00e4chtnis&nbsp;<\/strong><br>Support the official festival CD and gain prominent placement on the CD cover, in the booklet, and in accompanying promotional materials and digital releases. This is a unique opportunity to keep your brand visible beyond the festival itself. &nbsp;<\/p>\n\n\n\n<p><strong>3. Stipendien-Sponsor \u2013 F\u00f6rderung junger K\u00fcnstlerinnen und K\u00fcnstler<\/strong><br>Es besteht die M\u00f6glichkeit, spezifische Stipendien unter Ihrem Namen oder dem Namen Ihres Unternehmens zu stiften. Diese Stipendien werden an einige der vielversprechendsten jungen Pianistinnen und Pianisten vergeben, die als eine*r der zehn Nachwuchstalente der Berliner Klavierfesttage ausgew\u00e4hlt wurden.<\/p>\n\n\n\n<p><strong>4. Individuelles Sponsoring \u2013 Ma\u00dfgeschneiderte M\u00f6glichkeiten f\u00fcr Ihr Unternehmen<\/strong><br>Ob Sie eigene Ideen oder Vorschl\u00e4ge f\u00fcr eine Zusammenarbeit mitbringen, einen bestimmten Konzertabend sponsern m\u00f6chten, junge Talente f\u00f6rdern oder Ihr Unternehmen durch gezielte Branding-M\u00f6glichkeiten einbinden wollen \u2013 wir entwickeln ma\u00dfgeschneiderte Sponsoring-Pakete, die perfekt auf die Vision Ihrer Marke abgestimmt sind.<\/p>\n\n\n\n<p><strong>5. Konzertsponsoring \u2013 Ihr Abend bei den Berliner Klavierfesttagen\u201c<\/strong><br>Unterst\u00fctzen Sie einen unserer Konzertabende und werden Sie als Sponsor des Abends in allen zugeh\u00f6rigen Publikationen genannt. Sie haben die M\u00f6glichkeit, vor und nach dem Konzert einen Empfang f\u00fcr Ihre G\u00e4ste auszurichten und dem Festival in einem pers\u00f6nlichen, wertsch\u00e4tzenden Rahmen zu begegnen.<\/p>\n\n\n\n<div class=\"wp-block-uagb-separator uagb-block-9df244e8\"><div class=\"wp-block-uagb-separator__inner\" style=\"--my-background-image:\"><\/div><\/div>\n\n\n\n<div style=\"height:20px\" aria-hidden=\"true\" class=\"wp-block-spacer\"><\/div>\n\n\n\n<p class=\"has-black-color has-text-color has-link-color wp-elements-fc36106cef2c7ab39d4d7a99c096ae38\" style=\"font-size:25px\">Die Vorteile als Sponsor<\/p>\n\n\n\n<p><strong>Premium-Markenpr\u00e4senz:<\/strong> Ihr Logo erscheint auf Eintrittskarten, Festivalbrosch\u00fcren, Plakaten, der Website, in den sozialen Medien, auf CD-Covern und vielem mehr.&nbsp;<br><strong>Exklusiver Zugang zur Musikszene: <\/strong>Networking-M\u00f6glichkeiten mit K\u00fcnstler*innen, Kulturinstitutionen und Medienvertreter*innen. &nbsp;<br><strong>Pers\u00f6nliches Engagement: <\/strong>Die M\u00f6glichkeit, eine Rede bei Konzerten oder der Er\u00f6ffnungsfeier zu halten und Ihre G\u00e4ste zu Konzerten sowie exklusiven VIP-Empf\u00e4ngen einzuladen.<br><strong>Gezielte Mediale Sichtbarkeit: <\/strong>Sichtbarkeit in Pressemitteilungen, Interviews, sozialen Medien, Online-Publikationen und anderem relevanten Material. &nbsp;<br><strong>Langfristige Markenwirkung: <\/strong>Fortlaufende Sichtbarkeit durch CD-Produktionen, digitale Inhalte und gedruckte Materialien \u00fcber das Festival hinaus. &nbsp;<\/p>\n\n\n\n<div class=\"wp-block-uagb-separator uagb-block-b797cf48\"><div class=\"wp-block-uagb-separator__inner\" style=\"--my-background-image:\"><\/div><\/div>\n\n\n\n<div style=\"height:20px\" aria-hidden=\"true\" class=\"wp-block-spacer\"><\/div>\n\n\n\n<p class=\"has-black-color has-text-color has-link-color wp-elements-71149dfa2209dd18af0891c71f437526\" style=\"font-size:25px\">Setzen Sie ein Zeichen f\u00fcr Kultur und Exzellenz.<\/p>\n\n\n\n<p>Die Berliner Klavierfesttage vereinen k\u00fcnstlerische Exzellenz mit einer speziellen Atmosph\u00e4re. Werden Sie Teil der Festtage und nutzen Sie die Gelegenheit, Ihre Marke oder Ihr Unternehmen in einem ansprechenden und stilvollen Rahmen einem breiten Publikum von Musikliebhabern aus aller Welt zu pr\u00e4sentieren. &nbsp;<\/p>\n\n\n\n<p>Gerne erstellen wir ein individuelles Sponsoring-Konzept, das auf Sie oder Ihr Unternehmen zugeschnitten ist. Kontaktieren Sie uns f\u00fcr weitere Informationen \u2013 wir freuen uns darauf, mit Ihnen ins Gespr\u00e4ch zu kommen.<\/p>\n\n\n\n<div class=\"wp-block-uagb-separator uagb-block-16c52d12\"><div class=\"wp-block-uagb-separator__inner\" style=\"--my-background-image:\"><\/div><\/div>\n\n\n\n<div style=\"height:20px\" aria-hidden=\"true\" class=\"wp-block-spacer\"><\/div>\n\n\n\n<p class=\"has-text-align-center has-black-color has-text-color has-link-color wp-elements-5562b104f27a89cde09aaa3516dc94c4\" style=\"font-size:25px\">Kontakt<\/p>\n\n\n\n<p class=\"has-text-align-center\"><strong>E-Mail:<\/strong> management@berlinerklavierfesttage.com<\/p>\n\n\n\n<p class=\"has-text-align-center\"><strong>Tel:<\/strong> +49 176 856 11900<\/p>\n\n\n\n<p class=\"has-text-align-center\"><strong>Kontaktperson:<\/strong> Linus H\u00e4rle<\/p>\n\n\n\n<p><\/p>","protected":false},"excerpt":{"rendered":"<p>Sponsorship at the Berliner Klavierfesttage \u2013 Your Brand in Harmony with Music \u00a0 The Berliner Klavierfesttage is more than just<\/p>\n<p><span class=\"more-link\"><a href=\"https:\/\/berlinerklavierfesttage.com\/de\/sponsoring\" class=\"readmore\">Continue reading<span class=\"screen-reader-text\">Sponsoring<\/span><\/a><\/span><\/p>","protected":false},"author":1,"featured_media":0,"parent":0,"menu_order":0,"comment_status":"closed","ping_status":"closed","template":"","meta":{"give_campaign_id":0,"_uag_custom_page_level_css":"","footnotes":""},"class_list":["post-96","page","type-page","status-publish","hentry"],"campaignId":"","uagb_featured_image_src":{"full":false,"thumbnail":false,"medium":false,"medium_large":false,"large":false,"1536x1536":false,"2048x2048":false,"trp-custom-language-flag":false,"depicter-thumbnail":false,"post-thumbnail":false,"scapeshot-single-post-page":false,"scapeshot-slider":false,"scapeshot-featured":false,"scapeshot-team":false,"scapeshot-logo-slider":false,"scapeshot-portfolio":false,"scapeshot-service":false},"uagb_author_info":{"display_name":"yreshef@gmail.com","author_link":"https:\/\/berlinerklavierfesttage.com\/de\/author\/yreshefgmail-com"},"uagb_comment_info":0,"uagb_excerpt":"Sponsorship at the Berliner Klavierfesttage \u2013 Your Brand in Harmony with Music \u00a0 The Berliner Klavierfesttage is more than justContinue readingSponsoring","_links":{"self":[{"href":"https:\/\/berlinerklavierfesttage.com\/de\/wp-json\/wp\/v2\/pages\/96","targetHints":{"allow":["GET"]}}],"collection":[{"href":"https:\/\/berlinerklavierfesttage.com\/de\/wp-json\/wp\/v2\/pages"}],"about":[{"href":"https:\/\/berlinerklavierfesttage.com\/de\/wp-json\/wp\/v2\/types\/page"}],"author":[{"embeddable":true,"href":"https:\/\/berlinerklavierfesttage.com\/de\/wp-json\/wp\/v2\/users\/1"}],"replies":[{"embeddable":true,"href":"https:\/\/berlinerklavierfesttage.com\/de\/wp-json\/wp\/v2\/comments?post=96"}],"version-history":[{"count":11,"href":"https:\/\/berlinerklavierfesttage.com\/de\/wp-json\/wp\/v2\/pages\/96\/revisions"}],"predecessor-version":[{"id":1233,"href":"https:\/\/berlinerklavierfesttage.com\/de\/wp-json\/wp\/v2\/pages\/96\/revisions\/1233"}],"wp:attachment":[{"href":"https:\/\/berlinerklavierfesttage.com\/de\/wp-json\/wp\/v2\/media?parent=96"}],"curies":[{"name":"wp","href":"https:\/\/api.w.org\/{rel}","templated":true}]}}